{"id":5497,"date":"2024-11-08T17:07:16","date_gmt":"2024-11-08T16:07:16","guid":{"rendered":"https:\/\/etev7e.pef.czu.cz\/zs2223\/?post_type=product&#038;p=5497"},"modified":"2024-11-14T09:36:02","modified_gmt":"2024-11-14T08:36:02","slug":"red-bull-kratingdaeng","status":"publish","type":"product","link":"https:\/\/etev7e.pef.czu.cz\/zs2223\/produkt\/red-bull-kratingdaeng\/","title":{"rendered":"Red Bull Kratingdaeng"},"content":{"rendered":"<p>Vydej se na dobrodru\u017enou cestu \u010dasem. Ochutnej p\u016fvodn\u00ed thajsk\u00fd energetick\u00fd n\u00e1poj, kter\u00fd inspiroval sv\u011btozn\u00e1m\u00fd Red Bull. Kombinace tradi\u010dn\u00edch thajsk\u00fdch ingredienc\u00ed a modern\u00edho know-how ti dod\u00e1 energii a odvahu k p\u0159ekon\u00e1n\u00ed jak\u00fdchkoliv p\u0159ek\u00e1\u017eek. Za\u017eij s\u00edlu p\u0159\u00edrody v ka\u017ed\u00e9 kapce a nech se un\u00e9st na vln\u011b dobrodru\u017estv\u00ed. Tento produkt nen\u00ed ur\u010den pro d\u011bti, t\u011bhotn\u00e9 a koj\u00edc\u00ed \u017eeny ani pro osoby citliv\u00e9 na kofein.<\/p>\n","protected":false},"excerpt":{"rendered":"<p>Vydej se na dobrodru\u017enou cestu \u010dasem. Ochutnej p\u016fvodn\u00ed thajsk\u00fd energetick\u00fd n\u00e1poj, kter\u00fd inspiroval sv\u011btozn\u00e1m\u00fd Red Bull. Kombinace tradi\u010dn\u00edch thajsk\u00fdch ingredienc\u00ed a modern\u00edho know-how ti dod\u00e1 energii a odvahu k p\u0159ekon\u00e1n\u00ed jak\u00fdchkoliv p\u0159ek\u00e1\u017eek. Za\u017eij s\u00edlu p\u0159\u00edrody v ka\u017ed\u00e9 kapce a nech se un\u00e9st na vln\u011b dobrodru\u017estv\u00ed. Tento produkt nen\u00ed ur\u010den pro d\u011bti, t\u011bhotn\u00e9 a koj\u00edc\u00ed \u017eeny ani pro osoby citliv\u00e9 na kofein.<\/p>\n","protected":false},"featured_media":5498,"comment_status":"open","ping_status":"closed","template":"","meta":[],"product_brand":[],"product_cat":[1585],"product_tag":[1780,861,1778,1795,532,817,1781,1783,1784,1777,1779,1796],"class_list":{"0":"post-5497","1":"product","2":"type-product","3":"status-publish","4":"has-post-thumbnail","6":"product_cat-napoje-redbull","7":"product_tag-250-ml","8":"product_tag-dodani-energie","9":"product_tag-kofein","10":"product_tag-kratingdaeng","11":"product_tag-napoje","12":"product_tag-nealkoholicke-napoje","13":"product_tag-plechovka","14":"product_tag-pro-sportovce","15":"product_tag-pro-studenty","16":"product_tag-red-bull","17":"product_tag-taurin","18":"product_tag-thajsko","20":"first","21":"instock","22":"sale","23":"taxable","24":"shipping-taxable","25":"purchasable","26":"product-type-simple"},"jetpack_sharing_enabled":true,"_links":{"self":[{"href":"https:\/\/etev7e.pef.czu.cz\/zs2223\/wp-json\/wp\/v2\/product\/5497","targetHints":{"allow":["GET"]}}],"collection":[{"href":"https:\/\/etev7e.pef.czu.cz\/zs2223\/wp-json\/wp\/v2\/product"}],"about":[{"href":"https:\/\/etev7e.pef.czu.cz\/zs2223\/wp-json\/wp\/v2\/types\/product"}],"replies":[{"embeddable":true,"href":"https:\/\/etev7e.pef.czu.cz\/zs2223\/wp-json\/wp\/v2\/comments?post=5497"}],"wp:featuredmedia":[{"embeddable":true,"href":"https:\/\/etev7e.pef.czu.cz\/zs2223\/wp-json\/wp\/v2\/media\/5498"}],"wp:attachment":[{"href":"https:\/\/etev7e.pef.czu.cz\/zs2223\/wp-json\/wp\/v2\/media?parent=5497"}],"wp:term":[{"taxonomy":"product_brand","embeddable":true,"href":"https:\/\/etev7e.pef.czu.cz\/zs2223\/wp-json\/wp\/v2\/product_brand?post=5497"},{"taxonomy":"product_cat","embeddable":true,"href":"https:\/\/etev7e.pef.czu.cz\/zs2223\/wp-json\/wp\/v2\/product_cat?post=5497"},{"taxonomy":"product_tag","embeddable":true,"href":"https:\/\/etev7e.pef.czu.cz\/zs2223\/wp-json\/wp\/v2\/product_tag?post=5497"}],"curies":[{"name":"wp","href":"https:\/\/api.w.org\/{rel}","templated":true}]}}