{"id":5503,"date":"2024-11-09T15:18:37","date_gmt":"2024-11-09T14:18:37","guid":{"rendered":"https:\/\/etev7e.pef.czu.cz\/zs2223\/?post_type=product&#038;p=5503"},"modified":"2024-11-09T15:44:51","modified_gmt":"2024-11-09T14:44:51","slug":"coldrex-horky-napoj-citron-14-sacku","status":"publish","type":"product","link":"https:\/\/etev7e.pef.czu.cz\/zs2223\/produkt\/coldrex-horky-napoj-citron-14-sacku\/","title":{"rendered":"Coldrex Hork\u00fd n\u00e1poj Citron 14 s\u00e1\u010dk\u016f"},"content":{"rendered":"<p><span id=\"yui_3_17_2_1_1731100245996_702\">Coldrex Hork\u00fd n\u00e1poj Citron je p\u0159\u00edpravek proti nachlazen\u00ed a ch\u0159ipce. Obsahuje paracetamol proti bolesti a hore\u010dce, d\u00e1le fenylefrin, kter\u00fd uvol\u0148uje ucpan\u00fd nos a vedlej\u0161\u00ed nosn\u00ed dutiny a vitam\u00edn C. P\u0159\u00edpravek Coldrex Hork\u00fd n\u00e1poj Citron se u\u017e\u00edv\u00e1 k \u00falev\u011b od nep\u0159\u00edjemn\u00fdch p\u0159\u00edznak\u016f ch\u0159ipky a nachlazen\u00ed, odstra\u0148uje bolest v krku, bolest hlavy, sval\u016f i kloub\u016f, uvol\u0148uje ucpan\u00fd nos a vedlej\u0161\u00ed nosn\u00ed dutiny, sni\u017euje hore\u010dku a dopl\u0148uje vitam\u00edn C. S\u00e1\u010dky Coldrex Hork\u00fd n\u00e1poj Citron jsou ur\u010deny pro dosp\u011bl\u00e9 a dosp\u00edvaj\u00edc\u00ed od 15 let s t\u011blesnou hmotnost\u00ed nad 50 kg.<br id=\"yui_3_17_2_1_1731100245996_705\" \/><\/span><\/p>\n<h4 id=\"yui_3_17_2_1_1731100245996_706\"><span id=\"yui_3_17_2_1_1731100245996_707\"><strong id=\"yui_3_17_2_1_1731100245996_708\">D\u00e1vkov\u00e1n\u00ed<\/strong><\/span><\/h4>\n<p id=\"yui_3_17_2_1_1731100245996_709\"><span id=\"yui_3_17_2_1_1731100245996_710\"><span id=\"yui_3_17_2_1_1731100245996_711\"><span id=\"yui_3_17_2_1_1731100245996_712\">Dosp\u011bl\u00ed a dosp\u00edvaj\u00edc\u00ed od 15 let (s hmotnost\u00ed od 50 kg)\u00a0<\/span>u\u017e\u00edvaj\u00ed 1 s\u00e1\u010dek a\u017e 4x denn\u011b v\u00a0\u010dasov\u00e9m odstupu nejm\u00e9n\u011b 4 hodin. Maxim\u00e1ln\u00ed denn\u00ed d\u00e1vka jsou 4 s\u00e1\u010dky. Maxim\u00e1ln\u00ed d\u00e9lka l\u00e9\u010dby bez konzultace s\u00a0l\u00e9ka\u0159em je 7 dn\u00ed. Vzhledem k\u00a0obsahu l\u00e9\u010div\u00e9 l\u00e1tky nen\u00ed p\u0159\u00edpravek vhodn\u00fd pro d\u011bti a dosp\u00edvaj\u00edc\u00ed do 15 let.<br id=\"yui_3_17_2_1_1731100245996_713\" \/><\/span><\/span><\/p>\n<h4 id=\"yui_3_17_2_1_1731100245996_714\"><strong id=\"yui_3_17_2_1_1731100245996_715\">Upozorn\u011bn\u00ed<\/strong><\/h4>\n<p id=\"yui_3_17_2_1_1731100245996_718\"><span id=\"yui_3_17_2_1_1731100245996_719\">P\u0159\u00edpravek Coldrex Hork\u00fd n\u00e1poj Citron obsahuje sod\u00edk a sachar\u00f3zu. To je nutn\u00e9 vz\u00edt v \u00favahu u pacient\u016f na diet\u011b s n\u00edzk\u00fdm obsahem sod\u00edku a p\u0159i nesn\u00e1\u0161enlivosti n\u011bkter\u00fdch cukr\u016f a u pacient\u016f s cukrovkou.<\/span><\/p>\n<p id=\"yui_3_17_2_1_1731100245996_720\"><span id=\"yui_3_17_2_1_1731100245996_721\">Pokud u\u017e\u00edv\u00e1te Coldrex Hork\u00fd n\u00e1poj Citron, neu\u017e\u00edvejte sou\u010dasn\u011b jin\u00e9 p\u0159\u00edpravky k l\u00e9\u010db\u011b ch\u0159ipky a nachlazen\u00ed, zejm\u00e9na jin\u00e9 p\u0159\u00edpravky obsahuj\u00edc\u00ed paracetamol.<\/span><\/p>\n<p><span id=\"yui_3_17_2_1_1731100245996_722\"><span id=\"yui_3_17_2_1_1731100245996_723\">L\u00c9\u010cIV\u00dd P\u0158\u00cdPRAVEK, \u010cT\u011aTE PE\u010cLIV\u011a P\u0158\u00cdBALOVOU INFORMACI<\/span><\/span><\/p>\n<p id=\"yui_3_17_2_1_1731100245996_740\">\n","protected":false},"excerpt":{"rendered":"<p>Coldrex Hork\u00fd n\u00e1poj Citron se u\u017e\u00edv\u00e1 k l\u00e9\u010db\u011b p\u0159\u00edznak\u016f ch\u0159ipky a nachlazen\u00ed, ke kter\u00fdm pat\u0159\u00ed hore\u010dka, bolest hlavy, bolest v\u00a0krku, bolesti sval\u016f a kloub\u016f, ucpan\u00fd nos.<\/p>\n","protected":false},"featured_media":5535,"comment_status":"open","ping_status":"closed","template":"","meta":[],"product_brand":[],"product_cat":[1592],"product_tag":[1593,1600,1599,1601,1602,1594],"class_list":{"0":"post-5503","1":"product","2":"type-product","3":"status-publish","4":"has-post-thumbnail","6":"product_cat-leky_nachlazeni","7":"product_tag-bolest","8":"product_tag-chripka","9":"product_tag-horecka-a-zvysena-teplota","10":"product_tag-nachlazeni","11":"product_tag-nosni-dutiny","12":"product_tag-zdravi-a-leky","14":"first","15":"instock","16":"sale","17":"taxable","18":"shipping-taxable","19":"purchasable","20":"product-type-simple"},"jetpack_sharing_enabled":true,"_links":{"self":[{"href":"https:\/\/etev7e.pef.czu.cz\/zs2223\/wp-json\/wp\/v2\/product\/5503","targetHints":{"allow":["GET"]}}],"collection":[{"href":"https:\/\/etev7e.pef.czu.cz\/zs2223\/wp-json\/wp\/v2\/product"}],"about":[{"href":"https:\/\/etev7e.pef.czu.cz\/zs2223\/wp-json\/wp\/v2\/types\/product"}],"replies":[{"embeddable":true,"href":"https:\/\/etev7e.pef.czu.cz\/zs2223\/wp-json\/wp\/v2\/comments?post=5503"}],"wp:featuredmedia":[{"embeddable":true,"href":"https:\/\/etev7e.pef.czu.cz\/zs2223\/wp-json\/wp\/v2\/media\/5535"}],"wp:attachment":[{"href":"https:\/\/etev7e.pef.czu.cz\/zs2223\/wp-json\/wp\/v2\/media?parent=5503"}],"wp:term":[{"taxonomy":"product_brand","embeddable":true,"href":"https:\/\/etev7e.pef.czu.cz\/zs2223\/wp-json\/wp\/v2\/product_brand?post=5503"},{"taxonomy":"product_cat","embeddable":true,"href":"https:\/\/etev7e.pef.czu.cz\/zs2223\/wp-json\/wp\/v2\/product_cat?post=5503"},{"taxonomy":"product_tag","embeddable":true,"href":"https:\/\/etev7e.pef.czu.cz\/zs2223\/wp-json\/wp\/v2\/product_tag?post=5503"}],"curies":[{"name":"wp","href":"https:\/\/api.w.org\/{rel}","templated":true}]}}