{"id":5504,"date":"2024-11-08T21:50:57","date_gmt":"2024-11-08T20:50:57","guid":{"rendered":"https:\/\/etev7e.pef.czu.cz\/zs2223\/?post_type=product&#038;p=5504"},"modified":"2024-11-09T15:43:31","modified_gmt":"2024-11-09T14:43:31","slug":"tantum-verde-orange-and-honey-3-mg-20-pastilek","status":"publish","type":"product","link":"https:\/\/etev7e.pef.czu.cz\/zs2223\/produkt\/tantum-verde-orange-and-honey-3-mg-20-pastilek\/","title":{"rendered":"Tantum Verde Orange and Honey 3 mg 20 pastilek"},"content":{"rendered":"<p id=\"yui_3_17_2_1_1731098494820_743\">Pastilky Tantum Verde Orange and Honey l\u00e9\u010d\u00ed bolest a z\u00e1n\u011bt v krku a \u00fastech. Mohou je u\u017e\u00edvat\u00a0dosp\u011bl\u00ed, dosp\u00edvaj\u00edc\u00ed a d\u011bti od 6 let. Jsou vhodn\u00e9\u00a0i pro pacienty s\u00a0cukrovkou\u00a0(neobsahuj\u00ed cukr). V obdob\u00ed t\u011bhotenstv\u00ed a kojen\u00ed nen\u00ed u\u017e\u00edv\u00e1n\u00ed pastilek vhodn\u00e9.<\/p>\n<h4 id=\"yui_3_17_2_1_1731098494820_744\"><strong id=\"yui_3_17_2_1_1731098494820_745\">Kdy pou\u017e\u00edt l\u00e9k Tantum Verde Orange and Honey?<\/strong><\/h4>\n<ul id=\"yui_3_17_2_1_1731098494820_746\" type=\"disc\">\n<li id=\"yui_3_17_2_1_1731098494820_747\">Bolest a z\u00e1n\u011bt v\u00a0krku \u2013 L\u00e9\u010d\u00ed\u00a0bolest a otoky.\u00a0Vhodn\u00fd p\u0159i\u00a0z\u00e1n\u011btu mandl\u00ed\u00a0a p\u0159i\u00a0z\u00e1n\u011btu hltanu.<\/li>\n<li id=\"yui_3_17_2_1_1731098494820_748\">Z\u00e1n\u011bt dutiny \u00fastn\u00ed \u2013 Pou\u017eijte p\u0159i\u00a0z\u00e1n\u011btech d\u00e1sn\u00ed,\u00a0z\u00e1n\u011btech sliznice\u00a0\u00fastn\u00ed dutiny a\u00a0paradent\u00f3ze.\u00a0L\u00e9\u010d\u00ed\u00a0afty.<\/li>\n<li id=\"yui_3_17_2_1_1731098494820_749\">Bolest po chirurgick\u00fdch z\u00e1kroc\u00edch \u2013 Po o\u0161et\u0159en\u00ed zub\u016f\u00a0(trh\u00e1n\u00ed stoli\u010dek) nebo po\u00a0trh\u00e1n\u00ed mandl\u00ed.<\/li>\n<\/ul>\n<h4 id=\"yui_3_17_2_1_1731098494820_750\"><strong id=\"yui_3_17_2_1_1731098494820_751\">D\u00e1vkov\u00e1n\u00ed<\/strong><\/h4>\n<p id=\"yui_3_17_2_1_1731098494820_752\">Dosp\u011bl\u00ed a d\u011bti od 6 let u\u017e\u00edvaj\u00ed 1 pastilku a\u017e 3x denn\u011b, neur\u010d\u00ed-li l\u00e9ka\u0159 jinak. Pastilka se nech\u00e1 voln\u011b rozpustit v \u00fastech. Pokud se do 3 dn\u016f nebudete c\u00edtit l\u00e9pe nebo pokud se v\u00e1m p\u0159it\u00ed\u017e\u00ed, je pot\u0159eba se poradit s l\u00e9ka\u0159em. Bez porady s l\u00e9ka\u0159em neu\u017e\u00edvejte p\u0159\u00edpravek d\u00e9le ne\u017e 7 dn\u00ed.<\/p>\n<h4 id=\"yui_3_17_2_1_1731098494820_753\"><strong id=\"yui_3_17_2_1_1731098494820_754\">Upozorn\u011bn\u00ed<\/strong><\/h4>\n<p id=\"yui_3_17_2_1_1731098494820_755\">Tantum Verde Orange and Honey obsahuje benzydamin hydrochlorid. L\u00e9k k m\u00edstn\u00edmu u\u017eit\u00ed v \u00fastech a krku. \u010ct\u011bte pe\u010dliv\u011b p\u0159\u00edbalovou informaci. Pokud trp\u00edte bronchi\u00e1ln\u00edm astmatem, m\u016f\u017ee se u V\u00e1s vyskytnout bronchospasmus (z\u00fa\u017een\u00ed pr\u016fdu\u0161ek). P\u0159\u00edpravek obsahuje oran\u017eovou \u017elu\u0165, kter\u00e1 m\u016f\u017ee zp\u016fsobit alergick\u00e9 reakce. D\u00e1le p\u0159\u00edpravek obsahuje isomalt, nutno vz\u00edt v \u00favahu p\u0159i nesn\u00e1\u0161enlivosti n\u011bkter\u00fdch cukr\u016f. Obsa\u017een\u00e9 alergenn\u00ed vonn\u00e9 l\u00e1tky mohou vyvolat alergickou reakci.<\/p>\n<p id=\"yui_3_17_2_1_1731098494820_756\">L\u00c9\u010cIV\u00dd P\u0158\u00cdPRAVEK, \u010cT\u011aTE POZORN\u011a P\u0158\u00cdBALOV\u00dd LET\u00c1K.<\/p>\n","protected":false},"excerpt":{"rendered":"<p>Tantum Verde Orange and Honey cucav\u00e9 pastilky s pomeran\u010dovo-medovou p\u0159\u00edchut\u00ed p\u016fsob\u00ed proti z\u00e1n\u011btu a bolesti v krku a \u00fastech u dosp\u011bl\u00fdch a d\u011bt\u00ed od 6 let.<\/p>\n","protected":false},"featured_media":5505,"comment_status":"open","ping_status":"closed","template":"","meta":[],"product_brand":[],"product_cat":[1592],"product_tag":[1593,1597,1598,1596,1595,1594],"class_list":{"0":"post-5504","1":"product","2":"type-product","3":"status-publish","4":"has-post-thumbnail","6":"product_cat-leky_nachlazeni","7":"product_tag-bolest","8":"product_tag-bolest-v-krku","9":"product_tag-dutina-ustni","10":"product_tag-paradentoza","11":"product_tag-zanet-dutiny-ustni","12":"product_tag-zdravi-a-leky","14":"first","15":"instock","16":"sale","17":"taxable","18":"shipping-taxable","19":"purchasable","20":"product-type-simple"},"jetpack_sharing_enabled":true,"_links":{"self":[{"href":"https:\/\/etev7e.pef.czu.cz\/zs2223\/wp-json\/wp\/v2\/product\/5504","targetHints":{"allow":["GET"]}}],"collection":[{"href":"https:\/\/etev7e.pef.czu.cz\/zs2223\/wp-json\/wp\/v2\/product"}],"about":[{"href":"https:\/\/etev7e.pef.czu.cz\/zs2223\/wp-json\/wp\/v2\/types\/product"}],"replies":[{"embeddable":true,"href":"https:\/\/etev7e.pef.czu.cz\/zs2223\/wp-json\/wp\/v2\/comments?post=5504"}],"wp:featuredmedia":[{"embeddable":true,"href":"https:\/\/etev7e.pef.czu.cz\/zs2223\/wp-json\/wp\/v2\/media\/5505"}],"wp:attachment":[{"href":"https:\/\/etev7e.pef.czu.cz\/zs2223\/wp-json\/wp\/v2\/media?parent=5504"}],"wp:term":[{"taxonomy":"product_brand","embeddable":true,"href":"https:\/\/etev7e.pef.czu.cz\/zs2223\/wp-json\/wp\/v2\/product_brand?post=5504"},{"taxonomy":"product_cat","embeddable":true,"href":"https:\/\/etev7e.pef.czu.cz\/zs2223\/wp-json\/wp\/v2\/product_cat?post=5504"},{"taxonomy":"product_tag","embeddable":true,"href":"https:\/\/etev7e.pef.czu.cz\/zs2223\/wp-json\/wp\/v2\/product_tag?post=5504"}],"curies":[{"name":"wp","href":"https:\/\/api.w.org\/{rel}","templated":true}]}}