{"id":5510,"date":"2024-11-08T22:42:16","date_gmt":"2024-11-08T21:42:16","guid":{"rendered":"https:\/\/etev7e.pef.czu.cz\/zs2223\/?post_type=product&#038;p=5510"},"modified":"2024-11-09T19:49:05","modified_gmt":"2024-11-09T18:49:05","slug":"ibalgin-400-mg-100-tablet","status":"publish","type":"product","link":"https:\/\/etev7e.pef.czu.cz\/zs2223\/produkt\/ibalgin-400-mg-100-tablet\/","title":{"rendered":"Ibalgin 400 mg 96 tablet"},"content":{"rendered":"<p id=\"yui_3_17_2_1_1731102151885_699\">P\u0159\u00edpravek Ibalgin 400 obsahuje l\u00e9\u010divou l\u00e1tku ibuprofen, kter\u00e1 pat\u0159\u00ed do skupiny tzv. nesteroidn\u00edch protiz\u00e1n\u011btliv\u00fdch l\u00e9\u010div. Zabra\u0148uje tvorb\u011b tk\u00e1\u0148ov\u00fdch p\u016fsobk\u016f, tzv. prostaglandin\u016f, kter\u00e9 jsou zodpov\u011bdn\u00e9 za vznik bolesti a z\u00e1n\u011btu a uvol\u0148uj\u00ed se v m\u00edst\u011b po\u0161kozen\u00ed tk\u00e1n\u011b. Ibuprofen zm\u00edr\u0148uje bolest a z\u00e1n\u011bt r\u016fzn\u00e9ho p\u016fvodu. Ibuprofen rovn\u011b\u017e tlum\u00ed hore\u010dku, kter\u00e1 prov\u00e1z\u00ed nap\u0159. nemoci z nachlazen\u00ed.<\/p>\n<h4 id=\"yui_3_17_2_1_1731102151885_700\"><strong id=\"yui_3_17_2_1_1731102151885_701\">Kdy pou\u017e\u00edt l\u00e9k Ibalgin 400 mg?<\/strong><\/h4>\n<ul id=\"yui_3_17_2_1_1731102151885_702\" type=\"disc\">\n<li id=\"yui_3_17_2_1_1731102151885_703\">P\u0159i bolesti hlavy, zub\u016f, zad, p\u0159i bolestiv\u00e9 menstruaci, p\u0159i bolesti sval\u016f a kloub\u016f prov\u00e1zej\u00edc\u00ed ch\u0159ipkov\u00e1 onemocn\u011bn\u00ed, p\u0159i poran\u011bn\u00ed m\u011bkk\u00fdch tk\u00e1n\u00ed jako je pohmo\u017ed\u011bn\u00ed a podvrtnut\u00ed.<\/li>\n<li id=\"yui_3_17_2_1_1731102151885_704\">P\u0159i hore\u010dnat\u00fdch stavech p\u0159i ch\u0159ipkov\u00fdch onemocn\u011bn\u00edch a jako dopl\u0148kov\u00e1 l\u00e9\u010dba hore\u010dnat\u00fdch stav\u016f p\u0159i jin\u00fdch onemocn\u011bn\u00edch.<\/li>\n<li id=\"yui_3_17_2_1_1731102151885_705\">V p\u0159\u00edpad\u011b z\u00e1n\u011btliv\u00fdch a degenerativn\u00edch onemocn\u011bn\u00ed kloub\u016f a p\u00e1te\u0159e (artritid\u011b a artr\u00f3ze) nebo m\u011bkk\u00fdch tk\u00e1n\u00ed pohybov\u00e9ho \u00fastroj\u00ed prov\u00e1zen\u00fdch bolestivost\u00ed, zarudnut\u00edm nebo otokem.<\/li>\n<\/ul>\n<h4 id=\"yui_3_17_2_1_1731102151885_706\"><strong id=\"yui_3_17_2_1_1731102151885_707\">D\u00e1vkov\u00e1n\u00ed<\/strong><\/h4>\n<p id=\"yui_3_17_2_1_1731102151885_708\">Dosp\u011bl\u00ed a dosp\u00edvaj\u00edc\u00ed nad 12 let u\u017e\u00edvaj\u00ed obvykle 1 potahovanou tabletu Ibalgin 400 3kr\u00e1t denn\u011b, a to 1 potahovanou tabletu jednor\u00e1zov\u011b nebo podle pot\u0159eby, nejv\u00fd\u0161e 3 potahovan\u00e9 tablety denn\u011b. Odstup mezi jednotliv\u00fdmi d\u00e1vkami je nejm\u00e9n\u011b 4 hodiny.<\/p>\n<h4 id=\"yui_3_17_2_1_1731102151885_709\"><strong id=\"yui_3_17_2_1_1731102151885_710\">Upozorn\u011bn\u00ed<\/strong><\/h4>\n<p id=\"yui_3_17_2_1_1731102151885_711\">P\u0159ed u\u017eit\u00edm p\u0159\u00edpravku Ibalgin 400 se pora\u010fte se sv\u00fdm l\u00e9ka\u0159em nebo l\u00e9k\u00e1rn\u00edkem, pokud:<\/p>\n<ul id=\"yui_3_17_2_1_1731102151885_713\">\n<li id=\"yui_3_17_2_1_1731102151885_714\"><span id=\"yui_3_17_2_1_1731102151885_715\">trp\u00edte t\u011b\u017e\u0161\u00ed poruchou ledvin nebo jater,<\/span><\/li>\n<li id=\"yui_3_17_2_1_1731102151885_716\"><span id=\"yui_3_17_2_1_1731102151885_717\">trp\u00edte pr\u016fdu\u0161kov\u00fdm astmatem i v klidov\u00e9m stavu,<\/span><\/li>\n<li id=\"yui_3_17_2_1_1731102151885_718\"><span id=\"yui_3_17_2_1_1731102151885_719\">trp\u00edte n\u011bkter\u00fdm onemocn\u011bn\u00edm pojivov\u00e9 tk\u00e1n\u011b (tzv. kolagen\u00f3zy),<\/span><\/li>\n<li id=\"yui_3_17_2_1_1731102151885_720\"><span id=\"yui_3_17_2_1_1731102151885_721\">jste prod\u011blal(a) v\u0159edovou chorobu \u017ealudku nebo dvan\u00e1ctn\u00edku,<\/span><\/li>\n<li id=\"yui_3_17_2_1_1731102151885_722\"><span id=\"yui_3_17_2_1_1731102151885_723\">trp\u00edte z\u00e1n\u011btliv\u00fdm v\u0159edov\u00fdm onemocn\u011bn\u00edm tr\u00e1vic\u00edho \u00fastroj\u00ed jako nap\u0159. Crohnova choroba nebo ulcer\u00f3zn\u00ed kolitida,<\/span><\/li>\n<li id=\"yui_3_17_2_1_1731102151885_724\"><span id=\"yui_3_17_2_1_1731102151885_725\">sou\u010dasn\u011b u\u017e\u00edv\u00e1te l\u00e9ky sni\u017euj\u00edc\u00ed sr\u00e1\u017een\u00ed krve,<\/span><\/li>\n<li id=\"yui_3_17_2_1_1731102151885_726\"><span id=\"yui_3_17_2_1_1731102151885_727\">m\u00e1te srde\u010dn\u00ed obt\u00ed\u017ee v\u010detn\u011b srde\u010dn\u00edho selh\u00e1n\u00ed, anginy pectoris (bolest na hrudi), nebo pokud jste prod\u011blali srde\u010dn\u00ed infarkt, jste po operaci srdce pomoc\u00ed bypassu, trp\u00edte onemocn\u011bn\u00edm perifern\u00edch tepen (\u0161patn\u00fd krevn\u00ed ob\u011bh v nohou kv\u016fli z\u00fa\u017een\u00fdm nebo ucpan\u00fdm tepn\u00e1m) nebo jste prod\u011blali jak\u00fdkoli druh c\u00e9vn\u00ed mozkov\u00e9 p\u0159\u00edhody (v\u010detn\u011b mozkov\u00e9 \u201emini\u201c mrtvice neboli tranzitorn\u00ed ischemick\u00e9 ataky \u201eTIA\u201c),<\/span><\/li>\n<li id=\"yui_3_17_2_1_1731102151885_728\"><span id=\"yui_3_17_2_1_1731102151885_729\">m\u00e1te vysok\u00fd krevn\u00ed tlak, cukrovku, vysok\u00fd cholesterol, m\u00e1te v rodinn\u00e9 anamn\u00e9ze srde\u010dn\u00ed onemocn\u011bn\u00ed nebo c\u00e9vn\u00ed mozkovou p\u0159\u00edhodu, nebo pokud jste ku\u0159\u00e1k\/ku\u0159a\u010dka,<\/span><\/li>\n<li id=\"yui_3_17_2_1_1731102151885_730\"><span id=\"yui_3_17_2_1_1731102151885_731\">m\u00e1te infek\u010dn\u00ed onemocn\u011bn\u00ed.<\/span><\/li>\n<\/ul>\n<p id=\"yui_3_17_2_1_1731102151885_734\">L\u00c9\u010cIV\u00dd P\u0158\u00cdPRAVEK, \u010cT\u011aTE POZORN\u011a P\u0158\u00cdBALOV\u00dd LET\u00c1K.<\/p>\n","protected":false},"excerpt":{"rendered":"<div class=\"pr-detail__section-h\" data-v-183fe5ef=\"\">\n<div class=\"pr-detail__padding\" data-v-183fe5ef=\"\">\n<div class=\"title-description\" data-v-af988df4=\"\" data-v-183fe5ef=\"\" data-test-id=\"product-detail-short-description\">\n<p data-v-af988df4=\"\">Ibalgin 400 zm\u00edr\u0148uje bolest a z\u00e1n\u011bt r\u016fzn\u00e9ho p\u016fvodu a z\u00e1rove\u0148 tlum\u00ed hore\u010dku prov\u00e1zej\u00edc\u00ed nemoci z nachlazen\u00ed u dosp\u011bl\u00fdch a dosp\u00edvaj\u00edc\u00edch od 12 let.<\/p>\n<\/div>\n<\/div>\n<\/div>\n","protected":false},"featured_media":5542,"comment_status":"open","ping_status":"closed","template":"","meta":[],"product_brand":[],"product_cat":[1592],"product_tag":[1593,1605,1601,1604],"class_list":{"0":"post-5510","1":"product","2":"type-product","3":"status-publish","4":"has-post-thumbnail","6":"product_cat-leky_nachlazeni","7":"product_tag-bolest","8":"product_tag-horecka","9":"product_tag-nachlazeni","10":"product_tag-zanet","12":"first","13":"instock","14":"taxable","15":"shipping-taxable","16":"purchasable","17":"product-type-simple"},"jetpack_sharing_enabled":true,"_links":{"self":[{"href":"https:\/\/etev7e.pef.czu.cz\/zs2223\/wp-json\/wp\/v2\/product\/5510","targetHints":{"allow":["GET"]}}],"collection":[{"href":"https:\/\/etev7e.pef.czu.cz\/zs2223\/wp-json\/wp\/v2\/product"}],"about":[{"href":"https:\/\/etev7e.pef.czu.cz\/zs2223\/wp-json\/wp\/v2\/types\/product"}],"replies":[{"embeddable":true,"href":"https:\/\/etev7e.pef.czu.cz\/zs2223\/wp-json\/wp\/v2\/comments?post=5510"}],"wp:featuredmedia":[{"embeddable":true,"href":"https:\/\/etev7e.pef.czu.cz\/zs2223\/wp-json\/wp\/v2\/media\/5542"}],"wp:attachment":[{"href":"https:\/\/etev7e.pef.czu.cz\/zs2223\/wp-json\/wp\/v2\/media?parent=5510"}],"wp:term":[{"taxonomy":"product_brand","embeddable":true,"href":"https:\/\/etev7e.pef.czu.cz\/zs2223\/wp-json\/wp\/v2\/product_brand?post=5510"},{"taxonomy":"product_cat","embeddable":true,"href":"https:\/\/etev7e.pef.czu.cz\/zs2223\/wp-json\/wp\/v2\/product_cat?post=5510"},{"taxonomy":"product_tag","embeddable":true,"href":"https:\/\/etev7e.pef.czu.cz\/zs2223\/wp-json\/wp\/v2\/product_tag?post=5510"}],"curies":[{"name":"wp","href":"https:\/\/api.w.org\/{rel}","templated":true}]}}