{"id":5511,"date":"2024-11-08T22:56:13","date_gmt":"2024-11-08T21:56:13","guid":{"rendered":"https:\/\/etev7e.pef.czu.cz\/zs2223\/?post_type=product&#038;p=5511"},"modified":"2024-11-09T15:53:42","modified_gmt":"2024-11-09T14:53:42","slug":"panadol-pro-deti-jahoda-4-mg-ml-peroralni-suspenze-100-ml","status":"publish","type":"product","link":"https:\/\/etev7e.pef.czu.cz\/zs2223\/produkt\/panadol-pro-deti-jahoda-4-mg-ml-peroralni-suspenze-100-ml\/","title":{"rendered":"Panadol pro d\u011bti Jahoda 4 mg\/ml peror\u00e1ln\u00ed suspenze 100 ml"},"content":{"rendered":"<p id=\"yui_3_17_2_1_1731102984709_823\">Panadol pro d\u011bti s\u00a0p\u0159\u00edchut\u00ed jahody tlum\u00ed hore\u010dku zp\u016fsobenou d\u011btsk\u00fdmi infek\u010dn\u00edmi onemocn\u011bn\u00ed. Stejn\u011b tak tlum\u00ed hore\u010dku souvisej\u00edc\u00ed s\u00a0ch\u0159ipkou, nachlazen\u00edm nebo o\u010dkov\u00e1n\u00edm. Panadol pro d\u011bti je vhodn\u00fd k\u00a0m\u00edrn\u00e9 a\u017e st\u0159edn\u011b siln\u00e9 bolesti spojen\u00e9 s\u00a0pro\u0159ez\u00e1v\u00e1n\u00edm zub\u016f, bolestem hlavy nebo bolestem v\u00a0krku. Panadol pro d\u011bti obsahuje 24 mg\/ ml \u00fa\u010dinn\u00e9 l\u00e1tky paracetamolu.<\/p>\n<p id=\"yui_3_17_2_1_1731102984709_824\">Panadol pro d\u011bti je vhodn\u00fd pro d\u011bti od 3 m\u011bs\u00edc\u016f do 12 let.<\/p>\n<h4 id=\"yui_3_17_2_1_1731102984709_827\"><strong id=\"yui_3_17_2_1_1731102984709_828\">D\u00e1vkov\u00e1n\u00ed<\/strong><\/h4>\n<p id=\"yui_3_17_2_1_1731102984709_830\">Ka\u017ed\u00e1 d\u00e1vka produktu se ur\u010duje prim\u00e1rn\u011b dle hmotnosti d\u00edt\u011bte, alternativn\u011b m\u016f\u017ee b\u00fdt ur\u010dena dle v\u011bku d\u00edt\u011bte.<\/p>\n<p id=\"yui_3_17_2_1_1731102984709_831\"><strong id=\"yui_3_17_2_1_1731102984709_832\">D\u011bti od 3 m\u011bs\u00edc\u016f do 12 let:<\/strong><\/p>\n<table id=\"yui_3_17_2_1_1731102984709_833\" border=\"1\" cellspacing=\"0\" cellpadding=\"0\">\n<tbody id=\"yui_3_17_2_1_1731102984709_834\">\n<tr id=\"yui_3_17_2_1_1731102984709_835\">\n<td id=\"yui_3_17_2_1_1731102984709_836\" valign=\"top\" width=\"201\">\n<p id=\"yui_3_17_2_1_1731102984709_837\">V\u011bk<\/p>\n<\/td>\n<td id=\"yui_3_17_2_1_1731102984709_838\" valign=\"top\" width=\"201\">\n<p id=\"yui_3_17_2_1_1731102984709_839\">Hmotnost<\/p>\n<\/td>\n<td id=\"yui_3_17_2_1_1731102984709_840\" valign=\"top\" width=\"201\">\n<p id=\"yui_3_17_2_1_1731102984709_841\">d\u00e1vka<\/p>\n<\/td>\n<\/tr>\n<tr id=\"yui_3_17_2_1_1731102984709_842\">\n<td id=\"yui_3_17_2_1_1731102984709_843\" valign=\"top\" width=\"201\">\n<p id=\"yui_3_17_2_1_1731102984709_844\">3 a\u017e 6 m\u011bs\u00edc\u016f<\/p>\n<\/td>\n<td id=\"yui_3_17_2_1_1731102984709_845\" valign=\"top\" width=\"201\">\n<p id=\"yui_3_17_2_1_1731102984709_846\">5 a\u017e 6 kg<\/p>\n<\/td>\n<td id=\"yui_3_17_2_1_1731102984709_847\" valign=\"top\" width=\"201\">\n<p id=\"yui_3_17_2_1_1731102984709_848\">3 ml<\/p>\n<\/td>\n<\/tr>\n<tr id=\"yui_3_17_2_1_1731102984709_849\">\n<td id=\"yui_3_17_2_1_1731102984709_850\" valign=\"top\" width=\"201\">\n<p id=\"yui_3_17_2_1_1731102984709_851\">3 a\u017e 6 m\u011bs\u00edc\u016f<\/p>\n<\/td>\n<td id=\"yui_3_17_2_1_1731102984709_852\" valign=\"top\" width=\"201\">\n<p id=\"yui_3_17_2_1_1731102984709_853\">7 a\u017e 8 kg<\/p>\n<\/td>\n<td id=\"yui_3_17_2_1_1731102984709_854\" valign=\"top\" width=\"201\">\n<p id=\"yui_3_17_2_1_1731102984709_855\">4 ml<\/p>\n<\/td>\n<\/tr>\n<tr id=\"yui_3_17_2_1_1731102984709_856\">\n<td id=\"yui_3_17_2_1_1731102984709_857\" valign=\"top\" width=\"201\">\n<p id=\"yui_3_17_2_1_1731102984709_858\">6 a\u017e 12 m\u011bs\u00edc\u016f<\/p>\n<\/td>\n<td id=\"yui_3_17_2_1_1731102984709_859\" valign=\"top\" width=\"201\">\n<p id=\"yui_3_17_2_1_1731102984709_860\">9 a\u017e 10 kg<\/p>\n<\/td>\n<td id=\"yui_3_17_2_1_1731102984709_861\" valign=\"top\" width=\"201\">\n<p id=\"yui_3_17_2_1_1731102984709_862\">5 ml<\/p>\n<\/td>\n<\/tr>\n<tr id=\"yui_3_17_2_1_1731102984709_863\">\n<td id=\"yui_3_17_2_1_1731102984709_864\" valign=\"top\" width=\"201\">\n<p id=\"yui_3_17_2_1_1731102984709_865\">1 a\u017e 2 rok<\/p>\n<\/td>\n<td id=\"yui_3_17_2_1_1731102984709_866\" valign=\"top\" width=\"201\">\n<p id=\"yui_3_17_2_1_1731102984709_867\">11 a\u017e 13 kg<\/p>\n<\/td>\n<td id=\"yui_3_17_2_1_1731102984709_868\" valign=\"top\" width=\"201\">\n<p id=\"yui_3_17_2_1_1731102984709_869\">6 ml<\/p>\n<\/td>\n<\/tr>\n<tr id=\"yui_3_17_2_1_1731102984709_870\">\n<td id=\"yui_3_17_2_1_1731102984709_871\" valign=\"top\" width=\"201\">\n<p id=\"yui_3_17_2_1_1731102984709_872\">2 a\u017e 3 roky<\/p>\n<\/td>\n<td id=\"yui_3_17_2_1_1731102984709_873\" valign=\"top\" width=\"201\">\n<p id=\"yui_3_17_2_1_1731102984709_874\">14 a\u017e 16 kg<\/p>\n<\/td>\n<td id=\"yui_3_17_2_1_1731102984709_875\" valign=\"top\" width=\"201\">\n<p id=\"yui_3_17_2_1_1731102984709_876\">8 ml<\/p>\n<\/td>\n<\/tr>\n<tr id=\"yui_3_17_2_1_1731102984709_877\">\n<td id=\"yui_3_17_2_1_1731102984709_878\" valign=\"top\" width=\"201\">\n<p id=\"yui_3_17_2_1_1731102984709_879\">3 a\u017e 6 let<\/p>\n<\/td>\n<td id=\"yui_3_17_2_1_1731102984709_880\" valign=\"top\" width=\"201\">\n<p id=\"yui_3_17_2_1_1731102984709_881\">17 a\u017e 20 kg<\/p>\n<\/td>\n<td id=\"yui_3_17_2_1_1731102984709_882\" valign=\"top\" width=\"201\">\n<p id=\"yui_3_17_2_1_1731102984709_883\">10 ml<\/p>\n<\/td>\n<\/tr>\n<tr id=\"yui_3_17_2_1_1731102984709_884\">\n<td id=\"yui_3_17_2_1_1731102984709_885\" valign=\"top\" width=\"201\">\n<p id=\"yui_3_17_2_1_1731102984709_886\">3 a\u017e 12 let<\/p>\n<\/td>\n<td id=\"yui_3_17_2_1_1731102984709_887\" valign=\"top\" width=\"201\">\n<p id=\"yui_3_17_2_1_1731102984709_888\">21 a\u017e 25 kg<\/p>\n<\/td>\n<td id=\"yui_3_17_2_1_1731102984709_889\" valign=\"top\" width=\"201\">\n<p id=\"yui_3_17_2_1_1731102984709_890\">13 ml<\/p>\n<\/td>\n<\/tr>\n<tr id=\"yui_3_17_2_1_1731102984709_891\">\n<td id=\"yui_3_17_2_1_1731102984709_892\" valign=\"top\" width=\"201\">\n<p id=\"yui_3_17_2_1_1731102984709_893\">3 a\u017e 12 let<\/p>\n<\/td>\n<td id=\"yui_3_17_2_1_1731102984709_894\" valign=\"top\" width=\"201\">\n<p id=\"yui_3_17_2_1_1731102984709_895\">26 a\u017e 33 kg<\/p>\n<\/td>\n<td id=\"yui_3_17_2_1_1731102984709_896\" valign=\"top\" width=\"201\">\n<p id=\"yui_3_17_2_1_1731102984709_897\">16 ml<\/p>\n<\/td>\n<\/tr>\n<tr id=\"yui_3_17_2_1_1731102984709_898\">\n<td id=\"yui_3_17_2_1_1731102984709_899\" valign=\"top\" width=\"201\">\n<p id=\"yui_3_17_2_1_1731102984709_900\">3 a\u017e 12 let<\/p>\n<\/td>\n<td id=\"yui_3_17_2_1_1731102984709_901\" valign=\"top\" width=\"201\">\n<p id=\"yui_3_17_2_1_1731102984709_902\">34 a\u017e 40 kg<\/p>\n<\/td>\n<td id=\"yui_3_17_2_1_1731102984709_903\" valign=\"top\" width=\"201\">\n<p id=\"yui_3_17_2_1_1731102984709_904\">20 ml<\/p>\n<\/td>\n<\/tr>\n<\/tbody>\n<\/table>\n<p id=\"yui_3_17_2_1_1731102984709_906\"><strong id=\"yui_3_17_2_1_1731102984709_907\">D\u011bti od 2 do 3 m\u011bs\u00edc\u016f:<\/strong><\/p>\n<p id=\"yui_3_17_2_1_1731102984709_908\">Jednotliv\u00e1 d\u00e1vka 2,5 ml k\u00a0tlumen\u00ed hore\u010dky po o\u010dkov\u00e1n\u00ed. Lze podat maxim\u00e1ln\u011b 2 d\u00e1vky po 6 hodin\u00e1ch. Pokud je teplota po 2 d\u00e1vk\u00e1ch st\u00e1le zv\u00fd\u0161en\u00e1 je nezbytn\u00e9 vyhledat l\u00e9ka\u0159e.<\/p>\n<h4 id=\"yui_3_17_2_1_1731102984709_909\"><strong id=\"yui_3_17_2_1_1731102984709_910\">Upozorn\u011bn\u00ed<\/strong><\/h4>\n<p id=\"yui_3_17_2_1_1731102984709_912\">Dodr\u017eujte d\u00e1vkov\u00e1n\u00ed. Nepod\u00e1vejte p\u0159\u00edpravek Panadol pro d\u011bti s\u00a0dal\u0161\u00edmi l\u00e9ky, kter\u00e9 rovn\u011b\u017e obsahuj\u00ed paracetamol. P\u0159ekra\u010dov\u00e1n\u00ed d\u00e1vkov\u00e1n\u00ed m\u016f\u017ee v\u00e9st k\u00a0riziku po\u0161kozen\u00ed jater, a proto jej nen\u00ed vhodn\u00e9 pod\u00e1vat d\u011btem trp\u00edc\u00edm onemocn\u011bn\u00edm jater bez doporu\u010den\u00ed l\u00e9ka\u0159e.<\/p>\n<p id=\"yui_3_17_2_1_1731102984709_913\">Tento p\u0159\u00edpravek obsahuje methylparaben a propylparaben, je\u017e mohou vyvolat alergickou reakci.<\/p>\n<p id=\"yui_3_17_2_1_1731102984709_914\">L\u00c9\u010cIV\u00dd P\u0158\u00cdPRAVEK, \u010cT\u011aTE POZORN\u011a P\u0158\u00cdBALOV\u00dd LET\u00c1K.<\/p>\n","protected":false},"excerpt":{"rendered":"<div class=\"pr-detail__section-h\" data-v-183fe5ef=\"\">\n<div class=\"pr-detail__padding\" data-v-183fe5ef=\"\">\n<div class=\"title-description\" data-v-af988df4=\"\" data-v-183fe5ef=\"\" data-test-id=\"product-detail-short-description\">\n<p data-v-af988df4=\"\">Sni\u017euje hore\u010dku p\u0159i ch\u0159ipce a nachlazen\u00ed, po o\u010dkov\u00e1n\u00ed a tlum\u00ed bolest.<\/p>\n<\/div>\n<\/div>\n<\/div>\n","protected":false},"featured_media":5536,"comment_status":"open","ping_status":"closed","template":"","meta":[],"product_brand":[],"product_cat":[1592],"product_tag":[1593,1605,1601,1604,1594],"class_list":{"0":"post-5511","1":"product","2":"type-product","3":"status-publish","4":"has-post-thumbnail","6":"product_cat-leky_nachlazeni","7":"product_tag-bolest","8":"product_tag-horecka","9":"product_tag-nachlazeni","10":"product_tag-zanet","11":"product_tag-zdravi-a-leky","13":"first","14":"instock","15":"sale","16":"taxable","17":"shipping-taxable","18":"purchasable","19":"product-type-simple"},"jetpack_sharing_enabled":true,"_links":{"self":[{"href":"https:\/\/etev7e.pef.czu.cz\/zs2223\/wp-json\/wp\/v2\/product\/5511","targetHints":{"allow":["GET"]}}],"collection":[{"href":"https:\/\/etev7e.pef.czu.cz\/zs2223\/wp-json\/wp\/v2\/product"}],"about":[{"href":"https:\/\/etev7e.pef.czu.cz\/zs2223\/wp-json\/wp\/v2\/types\/product"}],"replies":[{"embeddable":true,"href":"https:\/\/etev7e.pef.czu.cz\/zs2223\/wp-json\/wp\/v2\/comments?post=5511"}],"wp:featuredmedia":[{"embeddable":true,"href":"https:\/\/etev7e.pef.czu.cz\/zs2223\/wp-json\/wp\/v2\/media\/5536"}],"wp:attachment":[{"href":"https:\/\/etev7e.pef.czu.cz\/zs2223\/wp-json\/wp\/v2\/media?parent=5511"}],"wp:term":[{"taxonomy":"product_brand","embeddable":true,"href":"https:\/\/etev7e.pef.czu.cz\/zs2223\/wp-json\/wp\/v2\/product_brand?post=5511"},{"taxonomy":"product_cat","embeddable":true,"href":"https:\/\/etev7e.pef.czu.cz\/zs2223\/wp-json\/wp\/v2\/product_cat?post=5511"},{"taxonomy":"product_tag","embeddable":true,"href":"https:\/\/etev7e.pef.czu.cz\/zs2223\/wp-json\/wp\/v2\/product_tag?post=5511"}],"curies":[{"name":"wp","href":"https:\/\/api.w.org\/{rel}","templated":true}]}}