{"id":5512,"date":"2024-11-10T20:31:36","date_gmt":"2024-11-10T19:31:36","guid":{"rendered":"https:\/\/etev7e.pef.czu.cz\/zs2223\/?post_type=product&#038;p=5512"},"modified":"2024-11-10T20:39:34","modified_gmt":"2024-11-10T19:39:34","slug":"habanske-sklepy-ryzlink-vlassky-2023","status":"publish","type":"product","link":"https:\/\/etev7e.pef.czu.cz\/zs2223\/produkt\/habanske-sklepy-ryzlink-vlassky-2023\/","title":{"rendered":"Hab\u00e1nsk\u00e9 Sklepy Ryzlink vla\u0161sk\u00fd 2023"},"content":{"rendered":"<p>Tento Ryzlink vla\u0161sk\u00fd z Hab\u00e1nsk\u00fdch Sklep\u016f, ro\u010dn\u00edk 2023, nab\u00edz\u00ed sv\u011b\u017e\u00ed a miner\u00e1ln\u00ed chu\u0165 s jemn\u00fdmi kv\u011btinov\u00fdmi t\u00f3ny, kter\u00e9 kr\u00e1sn\u011b podtrhuj\u00ed jeho moravsk\u00fd p\u016fvod. Skv\u011ble se hod\u00ed k ryb\u00e1m, lehk\u00fdm t\u011bstovin\u00e1m nebo s\u00fdrov\u00e9mu prk\u00e9nku. Ide\u00e1ln\u00ed volba pro p\u0159\u00edjemn\u00fd ve\u010der s p\u0159\u00e1teli nebo na romantickou ve\u010de\u0159i.<\/p>\n","protected":false},"excerpt":{"rendered":"<p>Ryzlink vla\u0161sk\u00fd 2023 z Hab\u00e1nsk\u00fdch Sklep\u016f m\u00e1 sv\u011b\u017e\u00ed miner\u00e1ln\u00ed chu\u0165 s kv\u011btinov\u00fdmi t\u00f3ny, ide\u00e1ln\u00ed k ryb\u00e1m, t\u011bstovin\u00e1m nebo s\u00fdr\u016fm.<\/p>\n","protected":false},"featured_media":5516,"comment_status":"open","ping_status":"closed","template":"","meta":[],"product_brand":[],"product_cat":[1611],"product_tag":[1606,1610,1607,1609,1608,247],"class_list":{"0":"post-5512","1":"product","2":"type-product","3":"status-publish","4":"has-post-thumbnail","6":"product_cat-bila-vina","7":"product_tag-bila-vina","8":"product_tag-habanske-sklepy","9":"product_tag-morava","10":"product_tag-rocnik-2023","11":"product_tag-suche-vino","12":"product_tag-vino","14":"first","15":"instock","16":"taxable","17":"shipping-taxable","18":"purchasable","19":"product-type-simple"},"jetpack_sharing_enabled":true,"_links":{"self":[{"href":"https:\/\/etev7e.pef.czu.cz\/zs2223\/wp-json\/wp\/v2\/product\/5512","targetHints":{"allow":["GET"]}}],"collection":[{"href":"https:\/\/etev7e.pef.czu.cz\/zs2223\/wp-json\/wp\/v2\/product"}],"about":[{"href":"https:\/\/etev7e.pef.czu.cz\/zs2223\/wp-json\/wp\/v2\/types\/product"}],"replies":[{"embeddable":true,"href":"https:\/\/etev7e.pef.czu.cz\/zs2223\/wp-json\/wp\/v2\/comments?post=5512"}],"wp:featuredmedia":[{"embeddable":true,"href":"https:\/\/etev7e.pef.czu.cz\/zs2223\/wp-json\/wp\/v2\/media\/5516"}],"wp:attachment":[{"href":"https:\/\/etev7e.pef.czu.cz\/zs2223\/wp-json\/wp\/v2\/media?parent=5512"}],"wp:term":[{"taxonomy":"product_brand","embeddable":true,"href":"https:\/\/etev7e.pef.czu.cz\/zs2223\/wp-json\/wp\/v2\/product_brand?post=5512"},{"taxonomy":"product_cat","embeddable":true,"href":"https:\/\/etev7e.pef.czu.cz\/zs2223\/wp-json\/wp\/v2\/product_cat?post=5512"},{"taxonomy":"product_tag","embeddable":true,"href":"https:\/\/etev7e.pef.czu.cz\/zs2223\/wp-json\/wp\/v2\/product_tag?post=5512"}],"curies":[{"name":"wp","href":"https:\/\/api.w.org\/{rel}","templated":true}]}}