{"id":5517,"date":"2024-11-10T20:32:15","date_gmt":"2024-11-10T19:32:15","guid":{"rendered":"https:\/\/etev7e.pef.czu.cz\/zs2223\/?post_type=product&#038;p=5517"},"modified":"2024-11-10T20:32:17","modified_gmt":"2024-11-10T19:32:17","slug":"rulandske-sede-bile-vino-suche","status":"publish","type":"product","link":"https:\/\/etev7e.pef.czu.cz\/zs2223\/produkt\/rulandske-sede-bile-vino-suche\/","title":{"rendered":"Rulandsk\u00e9 \u0161ed\u00e9 \u2013 b\u00edl\u00e9 v\u00edno such\u00e9"},"content":{"rendered":"<p>Rulandsk\u00e9 \u0161ed\u00e9 je lahodn\u00e9 b\u00edl\u00e9 v\u00edno s jemnou, elegantn\u00ed chut\u00ed a decentn\u00edm ovocn\u00fdm aroma, ve kter\u00e9m se objevuj\u00ed t\u00f3ny zral\u00fdch broskv\u00ed, hru\u0161ek a l\u00edskov\u00fdch o\u0159\u00ed\u0161k\u016f. V\u00edno se zlatou barvou s v\u016fn\u00ed l\u00edskov\u00fdch o\u0159\u00ed\u0161k\u016f, su\u0161en\u00fdch hru\u0161ek a vanilkov\u00fdm dov\u011btkem. Toto v\u00edno se vyzna\u010duje harmonickou chut\u00ed s jemnou kyselinkou, co\u017e z n\u011bj \u010din\u00ed ide\u00e1ln\u00edho spole\u010dn\u00edka k leh\u010d\u00edm pokrm\u016fm, ryb\u00e1m a dr\u016fbe\u017ei. Vhodn\u00e9 k vychutn\u00e1n\u00ed p\u0159i pokojov\u00e9 teplot\u011b kolem 8-12 \u00b0C.<\/p>\n","protected":false},"excerpt":{"rendered":"<p>Rulandsk\u00e9 \u0161ed\u00e9 je b\u00edl\u00e9 v\u00edno se zlatou barvou, ovocnou chut\u00ed s t\u00f3ny broskv\u00ed a l\u00edskov\u00fdch o\u0159\u00ed\u0161k\u016f. Skv\u011bl\u00e9 k lehk\u00fdm j\u00eddl\u016fm, ryb\u00e1m a dr\u016fbe\u017ei. Pod\u00e1vejte p\u0159i 8-12 \u00b0C.<\/p>\n","protected":false},"featured_media":5518,"comment_status":"open","ping_status":"closed","template":"","meta":[],"product_brand":[],"product_cat":[1611],"product_tag":[1612,1617,1616,1614,1615,1613,1608],"class_list":{"0":"post-5517","1":"product","2":"type-product","3":"status-publish","4":"has-post-thumbnail","6":"product_cat-bila-vina","7":"product_tag-bile-vino","8":"product_tag-ceske-vino","9":"product_tag-elegantni-chut","10":"product_tag-jemne-vino","11":"product_tag-ovocne-aroma","12":"product_tag-rulandske-sede","13":"product_tag-suche-vino","15":"first","16":"instock","17":"sale","18":"taxable","19":"shipping-taxable","20":"purchasable","21":"product-type-simple"},"jetpack_sharing_enabled":true,"_links":{"self":[{"href":"https:\/\/etev7e.pef.czu.cz\/zs2223\/wp-json\/wp\/v2\/product\/5517","targetHints":{"allow":["GET"]}}],"collection":[{"href":"https:\/\/etev7e.pef.czu.cz\/zs2223\/wp-json\/wp\/v2\/product"}],"about":[{"href":"https:\/\/etev7e.pef.czu.cz\/zs2223\/wp-json\/wp\/v2\/types\/product"}],"replies":[{"embeddable":true,"href":"https:\/\/etev7e.pef.czu.cz\/zs2223\/wp-json\/wp\/v2\/comments?post=5517"}],"wp:featuredmedia":[{"embeddable":true,"href":"https:\/\/etev7e.pef.czu.cz\/zs2223\/wp-json\/wp\/v2\/media\/5518"}],"wp:attachment":[{"href":"https:\/\/etev7e.pef.czu.cz\/zs2223\/wp-json\/wp\/v2\/media?parent=5517"}],"wp:term":[{"taxonomy":"product_brand","embeddable":true,"href":"https:\/\/etev7e.pef.czu.cz\/zs2223\/wp-json\/wp\/v2\/product_brand?post=5517"},{"taxonomy":"product_cat","embeddable":true,"href":"https:\/\/etev7e.pef.czu.cz\/zs2223\/wp-json\/wp\/v2\/product_cat?post=5517"},{"taxonomy":"product_tag","embeddable":true,"href":"https:\/\/etev7e.pef.czu.cz\/zs2223\/wp-json\/wp\/v2\/product_tag?post=5517"}],"curies":[{"name":"wp","href":"https:\/\/api.w.org\/{rel}","templated":true}]}}