{"id":5519,"date":"2024-11-10T20:32:32","date_gmt":"2024-11-10T19:32:32","guid":{"rendered":"https:\/\/etev7e.pef.czu.cz\/zs2223\/?post_type=product&#038;p=5519"},"modified":"2024-11-10T20:38:10","modified_gmt":"2024-11-10T19:38:10","slug":"hibernal-2023-polosuche","status":"publish","type":"product","link":"https:\/\/etev7e.pef.czu.cz\/zs2223\/produkt\/hibernal-2023-polosuche\/","title":{"rendered":"Hibernal 2023 &#8211; polosuch\u00e9"},"content":{"rendered":"<p>Hibernal je elegantn\u00ed b\u00edl\u00e9 v\u00edno s sv\u011b\u017e\u00ed zeleno\u017elutou barvou a intenzivn\u00ed kv\u011btinovou v\u016fn\u00ed lipov\u00e9ho kv\u011btu. V aroma se prol\u00ednaj\u00ed t\u00f3ny angre\u0161tu, broskve a \u010dern\u00e9ho ryb\u00edzu. Jeho pln\u00e1 chu\u0165 p\u0159ipom\u00edn\u00e1 kompotovan\u00e9 zral\u00e9 broskve, v\u00edno je vysoce extraktivn\u00ed a ko\u0159enit\u00e9 s harmonickou kyselinkou, co\u017e z n\u011bj \u010din\u00ed ide\u00e1ln\u00ed volbu pro milovn\u00edky aromatick\u00fdch b\u00edl\u00fdch v\u00edn. Doporu\u010den\u00e1 teplota pod\u00e1v\u00e1n\u00ed je 10-12 \u00b0C.<\/p>\n","protected":false},"excerpt":{"rendered":"<p>Hibernal je elegantn\u00ed b\u00edl\u00e9 v\u00edno s kv\u011btinovou v\u016fn\u00ed lipov\u00e9ho kv\u011btu a t\u00f3ny angre\u0161tu a broskve. Pln\u00e1, ko\u0159enit\u00e1 chu\u0165 s harmonickou kyselinkou. Pod\u00e1vejte p\u0159i 10-12 \u00b0C.<\/p>\n","protected":false},"featured_media":5520,"comment_status":"open","ping_status":"closed","template":"","meta":[],"product_brand":[],"product_cat":[1611],"product_tag":[1612,1617,1619,1618],"class_list":{"0":"post-5519","1":"product","2":"type-product","3":"status-publish","4":"has-post-thumbnail","6":"product_cat-bila-vina","7":"product_tag-bile-vino","8":"product_tag-ceske-vino","9":"product_tag-hibernal","10":"product_tag-polosuche-vino","12":"first","13":"instock","14":"taxable","15":"shipping-taxable","16":"purchasable","17":"product-type-simple"},"jetpack_sharing_enabled":true,"_links":{"self":[{"href":"https:\/\/etev7e.pef.czu.cz\/zs2223\/wp-json\/wp\/v2\/product\/5519","targetHints":{"allow":["GET"]}}],"collection":[{"href":"https:\/\/etev7e.pef.czu.cz\/zs2223\/wp-json\/wp\/v2\/product"}],"about":[{"href":"https:\/\/etev7e.pef.czu.cz\/zs2223\/wp-json\/wp\/v2\/types\/product"}],"replies":[{"embeddable":true,"href":"https:\/\/etev7e.pef.czu.cz\/zs2223\/wp-json\/wp\/v2\/comments?post=5519"}],"wp:featuredmedia":[{"embeddable":true,"href":"https:\/\/etev7e.pef.czu.cz\/zs2223\/wp-json\/wp\/v2\/media\/5520"}],"wp:attachment":[{"href":"https:\/\/etev7e.pef.czu.cz\/zs2223\/wp-json\/wp\/v2\/media?parent=5519"}],"wp:term":[{"taxonomy":"product_brand","embeddable":true,"href":"https:\/\/etev7e.pef.czu.cz\/zs2223\/wp-json\/wp\/v2\/product_brand?post=5519"},{"taxonomy":"product_cat","embeddable":true,"href":"https:\/\/etev7e.pef.czu.cz\/zs2223\/wp-json\/wp\/v2\/product_cat?post=5519"},{"taxonomy":"product_tag","embeddable":true,"href":"https:\/\/etev7e.pef.czu.cz\/zs2223\/wp-json\/wp\/v2\/product_tag?post=5519"}],"curies":[{"name":"wp","href":"https:\/\/api.w.org\/{rel}","templated":true}]}}