{"id":5521,"date":"2024-11-10T20:31:20","date_gmt":"2024-11-10T19:31:20","guid":{"rendered":"https:\/\/etev7e.pef.czu.cz\/zs2223\/?post_type=product&#038;p=5521"},"modified":"2024-11-10T20:31:20","modified_gmt":"2024-11-10T19:31:20","slug":"morava-sweet-sauvignon-2021","status":"publish","type":"product","link":"https:\/\/etev7e.pef.czu.cz\/zs2223\/produkt\/morava-sweet-sauvignon-2021\/","title":{"rendered":"Morava Sweet Sauvignon 2021"},"content":{"rendered":"<p>Sauvignon\u00a0je polosladk\u00e9 b\u00edl\u00e9 v\u00edno s p\u0159\u00edjemn\u011b vyv\u00e1\u017eenou chut\u00ed, kter\u00e9 se vyzna\u010duje jemn\u011b ovocn\u00fdmi t\u00f3ny, kter\u00e9 vytv\u00e1\u0159ej\u00ed p\u0159\u00edjemn\u011b sladk\u00fd a osv\u011b\u017euj\u00edc\u00ed z\u00e1\u017eitek. Jeho chu\u0165 je jemn\u00e1 a hladk\u00e1. Sauvignon je ide\u00e1ln\u00ed dopln\u011bk k dezert\u016fm nebo m\u011bkk\u00fdm s\u00fdr\u016fm. Vhodn\u00e1 teplota pod\u00e1v\u00e1n\u00ed je kolem 10\u201312 \u00b0C, co\u017e podtrhuje jeho sv\u011b\u017eest a ovocn\u00fd charakter.<\/p>\n","protected":false},"excerpt":{"rendered":"<p>Sauvignon je polosladk\u00e9 b\u00edl\u00e9 v\u00edno s jemn\u011b ovocnou, hladkou chut\u00ed, ide\u00e1ln\u00ed k dezert\u016fm \u010di m\u011bkk\u00fdm s\u00fdr\u016fm. Pod\u00e1vejte p\u0159i 10\u201312 \u00b0C.<\/p>\n","protected":false},"featured_media":5522,"comment_status":"open","ping_status":"closed","template":"","meta":[],"product_brand":[],"product_cat":[1611],"product_tag":[1612,1621,1622,1620,1623],"class_list":{"0":"post-5521","1":"product","2":"type-product","3":"status-publish","4":"has-post-thumbnail","6":"product_cat-bila-vina","7":"product_tag-bile-vino","8":"product_tag-moravske-vino","9":"product_tag-ovocne-tony","10":"product_tag-polosladke-vino","11":"product_tag-rocnik-2021","13":"first","14":"instock","15":"sale","16":"taxable","17":"shipping-taxable","18":"purchasable","19":"product-type-simple"},"jetpack_sharing_enabled":true,"_links":{"self":[{"href":"https:\/\/etev7e.pef.czu.cz\/zs2223\/wp-json\/wp\/v2\/product\/5521","targetHints":{"allow":["GET"]}}],"collection":[{"href":"https:\/\/etev7e.pef.czu.cz\/zs2223\/wp-json\/wp\/v2\/product"}],"about":[{"href":"https:\/\/etev7e.pef.czu.cz\/zs2223\/wp-json\/wp\/v2\/types\/product"}],"replies":[{"embeddable":true,"href":"https:\/\/etev7e.pef.czu.cz\/zs2223\/wp-json\/wp\/v2\/comments?post=5521"}],"wp:featuredmedia":[{"embeddable":true,"href":"https:\/\/etev7e.pef.czu.cz\/zs2223\/wp-json\/wp\/v2\/media\/5522"}],"wp:attachment":[{"href":"https:\/\/etev7e.pef.czu.cz\/zs2223\/wp-json\/wp\/v2\/media?parent=5521"}],"wp:term":[{"taxonomy":"product_brand","embeddable":true,"href":"https:\/\/etev7e.pef.czu.cz\/zs2223\/wp-json\/wp\/v2\/product_brand?post=5521"},{"taxonomy":"product_cat","embeddable":true,"href":"https:\/\/etev7e.pef.czu.cz\/zs2223\/wp-json\/wp\/v2\/product_cat?post=5521"},{"taxonomy":"product_tag","embeddable":true,"href":"https:\/\/etev7e.pef.czu.cz\/zs2223\/wp-json\/wp\/v2\/product_tag?post=5521"}],"curies":[{"name":"wp","href":"https:\/\/api.w.org\/{rel}","templated":true}]}}