{"id":5527,"date":"2024-11-09T12:04:19","date_gmt":"2024-11-09T11:04:19","guid":{"rendered":"https:\/\/etev7e.pef.czu.cz\/zs2223\/?post_type=product&#038;p=5527"},"modified":"2024-11-09T12:04:19","modified_gmt":"2024-11-09T11:04:19","slug":"magsafe-drzak-na-mobilni-telefon-do-automobilu","status":"publish","type":"product","link":"https:\/\/etev7e.pef.czu.cz\/zs2223\/produkt\/magsafe-drzak-na-mobilni-telefon-do-automobilu\/","title":{"rendered":"MagSafe dr\u017e\u00e1k na mobiln\u00ed telefon do automobilu"},"content":{"rendered":"<p>Praktick\u00fd magnetick\u00fd dr\u017e\u00e1k do auta byl navr\u017een na m\u00edru telefon\u016fm iPhone s MagSafe technologi\u00ed (12 a vy\u0161\u0161\u00ed). Dr\u017e\u00e1k je kompatibiln\u00ed i s pouzdry a kryty podporuj\u00edc\u00edmi technologi\u00ed MagSafe. iPhone polo\u017een\u00fd na plochu dr\u017e\u00e1ku bude nab\u00edjen v\u00fdkonem a\u017e 7,5 W, ostatn\u00ed chytr\u00e9 telefony v\u00fdkonem a\u017e 15 W. D\u016fmysln\u011b rozm\u00edst\u011bn\u00e9 magnety zajist\u00ed pevn\u00e9 uchycen\u00ed i p\u0159i v\u011bt\u0161\u00edch ot\u0159esech b\u011bhem j\u00edzdy. Nastaven\u00ed po\u017eadovan\u00e9ho \u00fahlu provedete pohodln\u011b i jednou rukou. Kolem dr\u017e\u00e1ku FIXED MagRound je decentn\u00ed LED osv\u011btlen\u00ed.<\/p>\n","protected":false},"excerpt":{"rendered":"<p>Dr\u017e\u00e1k do automobilu, uchycen\u00ed do ventilace, v\u00fdkon 15 W, Qi bezdr\u00e1tov\u00e9 nab\u00edjen\u00ed, mo\u017enost nastaven\u00ed poloh<\/p>\n","protected":false},"featured_media":5528,"comment_status":"open","ping_status":"closed","template":"","meta":[],"product_brand":[],"product_cat":[1445],"product_tag":[1629,1630,886,1449,1450],"class_list":{"0":"post-5527","1":"product","2":"type-product","3":"status-publish","4":"has-post-thumbnail","6":"product_cat-prislusenstvi-pro-mobilni-telefony","7":"product_tag-drzak-na-mobilni-telefon","8":"product_tag-drzak-na-telefon-do-auta","9":"product_tag-iphone-prislusenstvi","10":"product_tag-prislusenstvi-k-iphone","11":"product_tag-prislusenstvi-k-mobilnim-telefonum","13":"first","14":"instock","15":"sale","16":"taxable","17":"shipping-taxable","18":"purchasable","19":"product-type-simple"},"jetpack_sharing_enabled":true,"_links":{"self":[{"href":"https:\/\/etev7e.pef.czu.cz\/zs2223\/wp-json\/wp\/v2\/product\/5527","targetHints":{"allow":["GET"]}}],"collection":[{"href":"https:\/\/etev7e.pef.czu.cz\/zs2223\/wp-json\/wp\/v2\/product"}],"about":[{"href":"https:\/\/etev7e.pef.czu.cz\/zs2223\/wp-json\/wp\/v2\/types\/product"}],"replies":[{"embeddable":true,"href":"https:\/\/etev7e.pef.czu.cz\/zs2223\/wp-json\/wp\/v2\/comments?post=5527"}],"wp:featuredmedia":[{"embeddable":true,"href":"https:\/\/etev7e.pef.czu.cz\/zs2223\/wp-json\/wp\/v2\/media\/5528"}],"wp:attachment":[{"href":"https:\/\/etev7e.pef.czu.cz\/zs2223\/wp-json\/wp\/v2\/media?parent=5527"}],"wp:term":[{"taxonomy":"product_brand","embeddable":true,"href":"https:\/\/etev7e.pef.czu.cz\/zs2223\/wp-json\/wp\/v2\/product_brand?post=5527"},{"taxonomy":"product_cat","embeddable":true,"href":"https:\/\/etev7e.pef.czu.cz\/zs2223\/wp-json\/wp\/v2\/product_cat?post=5527"},{"taxonomy":"product_tag","embeddable":true,"href":"https:\/\/etev7e.pef.czu.cz\/zs2223\/wp-json\/wp\/v2\/product_tag?post=5527"}],"curies":[{"name":"wp","href":"https:\/\/api.w.org\/{rel}","templated":true}]}}