{"id":5529,"date":"2024-11-09T12:53:17","date_gmt":"2024-11-09T11:53:17","guid":{"rendered":"https:\/\/etev7e.pef.czu.cz\/zs2223\/?post_type=product&#038;p=5529"},"modified":"2024-11-09T12:53:17","modified_gmt":"2024-11-09T11:53:17","slug":"3d-ochranne-sklo-epico-hero-na-iphone-16","status":"publish","type":"product","link":"https:\/\/etev7e.pef.czu.cz\/zs2223\/produkt\/3d-ochranne-sklo-epico-hero-na-iphone-16\/","title":{"rendered":"3D ochrann\u00e9 sklo EPICO HERO na IPHONE 16"},"content":{"rendered":"<p>Tvrzen\u00e9 sklo na APPLE IPHONE 16, tvrdost 9H, zp\u016fsob uchycen\u00ed &#8211; lepidlo po cel\u00e9m povrchu. EPICO HERO ochr\u00e1n\u00ed celou plochu displeje va\u0161eho mobiln\u00edho za\u0159\u00edzen\u00ed, s pomoc\u00ed 3D obl\u00e9h\u00e1n\u00ed cel\u00e9 plochy. tvrzen\u00e1 skla na mobiln\u00ed telefonySou\u010d\u00e1st\u00ed balen\u00ed je \u010dist\u00edc\u00ed had\u0159\u00edk, st\u011brka, instala\u010dn\u00ed r\u00e1me\u010dek, alkoholov\u00fd had\u0159\u00edk, samolepka na odstran\u011bn\u00ed prachu.<\/p>\n","protected":false},"excerpt":{"rendered":"<p>Tvrzen\u00e9 sklo na APPLE IPHONE 16, tvrdost 9H, zp\u016fsob uchycen\u00ed &#8211; lepidlo po cel\u00e9m povrchu.<\/p>\n","protected":false},"featured_media":5531,"comment_status":"open","ping_status":"closed","template":"","meta":[],"product_brand":[],"product_cat":[1445],"product_tag":[1449,1631,1632,1633],"class_list":{"0":"post-5529","1":"product","2":"type-product","3":"status-publish","4":"has-post-thumbnail","6":"product_cat-prislusenstvi-pro-mobilni-telefony","7":"product_tag-prislusenstvi-k-iphone","8":"product_tag-prislusenstvi-k-iphone-16","9":"product_tag-prislusenstvi-pro-mobilni-telefony","10":"product_tag-tvrzena-skla-na-mobilni-telefony","12":"first","13":"instock","14":"sale","15":"taxable","16":"shipping-taxable","17":"purchasable","18":"product-type-simple"},"jetpack_sharing_enabled":true,"_links":{"self":[{"href":"https:\/\/etev7e.pef.czu.cz\/zs2223\/wp-json\/wp\/v2\/product\/5529","targetHints":{"allow":["GET"]}}],"collection":[{"href":"https:\/\/etev7e.pef.czu.cz\/zs2223\/wp-json\/wp\/v2\/product"}],"about":[{"href":"https:\/\/etev7e.pef.czu.cz\/zs2223\/wp-json\/wp\/v2\/types\/product"}],"replies":[{"embeddable":true,"href":"https:\/\/etev7e.pef.czu.cz\/zs2223\/wp-json\/wp\/v2\/comments?post=5529"}],"wp:featuredmedia":[{"embeddable":true,"href":"https:\/\/etev7e.pef.czu.cz\/zs2223\/wp-json\/wp\/v2\/media\/5531"}],"wp:attachment":[{"href":"https:\/\/etev7e.pef.czu.cz\/zs2223\/wp-json\/wp\/v2\/media?parent=5529"}],"wp:term":[{"taxonomy":"product_brand","embeddable":true,"href":"https:\/\/etev7e.pef.czu.cz\/zs2223\/wp-json\/wp\/v2\/product_brand?post=5529"},{"taxonomy":"product_cat","embeddable":true,"href":"https:\/\/etev7e.pef.czu.cz\/zs2223\/wp-json\/wp\/v2\/product_cat?post=5529"},{"taxonomy":"product_tag","embeddable":true,"href":"https:\/\/etev7e.pef.czu.cz\/zs2223\/wp-json\/wp\/v2\/product_tag?post=5529"}],"curies":[{"name":"wp","href":"https:\/\/api.w.org\/{rel}","templated":true}]}}