{"id":5552,"date":"2024-11-10T18:39:30","date_gmt":"2024-11-10T17:39:30","guid":{"rendered":"https:\/\/etev7e.pef.czu.cz\/zs2223\/?post_type=product&#038;p=5552"},"modified":"2024-11-10T18:45:13","modified_gmt":"2024-11-10T17:45:13","slug":"pasek-na-sepnuti-lyzi","status":"publish","type":"product","link":"https:\/\/etev7e.pef.czu.cz\/zs2223\/produkt\/pasek-na-sepnuti-lyzi\/","title":{"rendered":"P\u00e1sek na sepnut\u00ed ly\u017e\u00ed"},"content":{"rendered":"<p>P\u00e1sek WEDZE slou\u017e\u00ed ke sepnut\u00ed jednoho p\u00e1ru ly\u017e\u00ed. P\u011bnov\u00e1 vrstva mezi ly\u017eemi br\u00e1n\u00ed kontaktu skluznic a sni\u017euje riziko reziv\u011bn\u00ed hran a z\u00e1rove\u0148 usnad\u0148uje manipulaci s ly\u017eemi.<\/p>\n","protected":false},"excerpt":{"rendered":"<p>P\u00e1sek na sepnut\u00ed ly\u017e\u00ed<\/p>\n","protected":false},"featured_media":5557,"comment_status":"open","ping_status":"closed","template":"","meta":[],"product_brand":[],"product_cat":[1340],"product_tag":[1640,1639,1641,843],"class_list":{"0":"post-5552","1":"product","2":"type-product","3":"status-publish","4":"has-post-thumbnail","6":"product_cat-sportovni-vybaveni-zimni-sporty","7":"product_tag-lyze","8":"product_tag-vybaveni-zimni-sporty","9":"product_tag-vychytavky","10":"product_tag-zima","12":"first","13":"instock","14":"taxable","15":"shipping-taxable","16":"purchasable","17":"product-type-simple"},"jetpack_sharing_enabled":true,"_links":{"self":[{"href":"https:\/\/etev7e.pef.czu.cz\/zs2223\/wp-json\/wp\/v2\/product\/5552","targetHints":{"allow":["GET"]}}],"collection":[{"href":"https:\/\/etev7e.pef.czu.cz\/zs2223\/wp-json\/wp\/v2\/product"}],"about":[{"href":"https:\/\/etev7e.pef.czu.cz\/zs2223\/wp-json\/wp\/v2\/types\/product"}],"replies":[{"embeddable":true,"href":"https:\/\/etev7e.pef.czu.cz\/zs2223\/wp-json\/wp\/v2\/comments?post=5552"}],"wp:featuredmedia":[{"embeddable":true,"href":"https:\/\/etev7e.pef.czu.cz\/zs2223\/wp-json\/wp\/v2\/media\/5557"}],"wp:attachment":[{"href":"https:\/\/etev7e.pef.czu.cz\/zs2223\/wp-json\/wp\/v2\/media?parent=5552"}],"wp:term":[{"taxonomy":"product_brand","embeddable":true,"href":"https:\/\/etev7e.pef.czu.cz\/zs2223\/wp-json\/wp\/v2\/product_brand?post=5552"},{"taxonomy":"product_cat","embeddable":true,"href":"https:\/\/etev7e.pef.czu.cz\/zs2223\/wp-json\/wp\/v2\/product_cat?post=5552"},{"taxonomy":"product_tag","embeddable":true,"href":"https:\/\/etev7e.pef.czu.cz\/zs2223\/wp-json\/wp\/v2\/product_tag?post=5552"}],"curies":[{"name":"wp","href":"https:\/\/api.w.org\/{rel}","templated":true}]}}