{"id":5561,"date":"2024-11-11T01:48:47","date_gmt":"2024-11-11T00:48:47","guid":{"rendered":"https:\/\/etev7e.pef.czu.cz\/zs2223\/?post_type=product&#038;p=5561"},"modified":"2024-11-27T12:28:37","modified_gmt":"2024-11-27T11:28:37","slug":"chanel-blue-de-chanel-edp","status":"publish","type":"product","link":"https:\/\/etev7e.pef.czu.cz\/zs2223\/produkt\/chanel-blue-de-chanel-edp\/","title":{"rendered":"Chanel Blue de Chanel, edp."},"content":{"rendered":"<p dir=\"ltr\">Objevte esenci elegance a s\u00edly s Bleu de Chanel EDP, ikonickou v\u016fn\u00ed, kter\u00e1 zt\u011bles\u0148uje modern\u00edho mu\u017ee. Tento parf\u00e9m, navr\u017een\u00fd renomovan\u00fdm francouzsk\u00fdm domem Chanel, kombinuje sv\u011b\u017e\u00ed citrusov\u00e9 t\u00f3ny s h\u0159ejiv\u00fdmi d\u0159evit\u00fdmi akordy, \u010d\u00edm\u017e vytv\u00e1\u0159\u00ed jedine\u010dn\u00fd a nezam\u011bniteln\u00fd charakter.<\/p>\n<h3 dir=\"ltr\">Hlavn\u00ed slo\u017eky:<\/h3>\n<p dir=\"ltr\">Hlava: Sv\u011b\u017e\u00ed limetka, grapefruit a m\u00e1ta, r\u016f\u017eov\u00fd pep\u0159, bergamot, koriandr, aldehyde<br \/>\nSrdce: Srdce tvo\u0159\u00ed aromatick\u00e9 t\u00f3ny jasm\u00ednu, z\u00e1zvoru, melounu a mu\u0161k\u00e1tov\u00e9ho o\u0159\u00ed\u0161ku<br \/>\nZ\u00e1klad: H\u0159ejiv\u00e9 akordy santalov\u00e9ho a cedrov\u00e9ho d\u0159eva, pa\u010duli, ambry, kou\u0159e<\/p>\n","protected":false},"excerpt":{"rendered":"<p>Objevte esenci elegance a s\u00edly s Bleu de Chanel EDP, ikonickou v\u016fn\u00ed, kter\u00e1 zt\u011bles\u0148uje modern\u00edho mu\u017ee. Tento parf\u00e9m, navr\u017een\u00fd renomovan\u00fdm francouzsk\u00fdm domem Chanel, kombinuje sv\u011b\u017e\u00ed citrusov\u00e9 t\u00f3ny s h\u0159ejiv\u00fdmi d\u0159evit\u00fdmi akordy, \u010d\u00edm\u017e vytv\u00e1\u0159\u00ed jedine\u010dn\u00fd a nezam\u011bniteln\u00fd charakter. Hlavn\u00ed slo\u017eky: Hlava: Sv\u011b\u017e\u00ed limetka, grapefruit a m\u00e1ta, r\u016f\u017eov\u00fd pep\u0159, bergamot, koriandr, aldehyde Srdce: Srdce tvo\u0159\u00ed aromatick\u00e9 t\u00f3ny [&hellip;]<\/p>\n","protected":false},"featured_media":5596,"comment_status":"open","ping_status":"closed","template":"","meta":[],"product_brand":[],"product_cat":[1741],"product_tag":[1646,1647,1645],"class_list":{"0":"post-5561","1":"product","2":"type-product","3":"status-publish","4":"has-post-thumbnail","6":"product_cat-vune","7":"product_tag-chanel","8":"product_tag-dlouhotrvajici","9":"product_tag-pansky-parfem","11":"first","12":"instock","13":"taxable","14":"shipping-taxable","15":"purchasable","16":"product-type-simple"},"jetpack_sharing_enabled":true,"_links":{"self":[{"href":"https:\/\/etev7e.pef.czu.cz\/zs2223\/wp-json\/wp\/v2\/product\/5561","targetHints":{"allow":["GET"]}}],"collection":[{"href":"https:\/\/etev7e.pef.czu.cz\/zs2223\/wp-json\/wp\/v2\/product"}],"about":[{"href":"https:\/\/etev7e.pef.czu.cz\/zs2223\/wp-json\/wp\/v2\/types\/product"}],"replies":[{"embeddable":true,"href":"https:\/\/etev7e.pef.czu.cz\/zs2223\/wp-json\/wp\/v2\/comments?post=5561"}],"wp:featuredmedia":[{"embeddable":true,"href":"https:\/\/etev7e.pef.czu.cz\/zs2223\/wp-json\/wp\/v2\/media\/5596"}],"wp:attachment":[{"href":"https:\/\/etev7e.pef.czu.cz\/zs2223\/wp-json\/wp\/v2\/media?parent=5561"}],"wp:term":[{"taxonomy":"product_brand","embeddable":true,"href":"https:\/\/etev7e.pef.czu.cz\/zs2223\/wp-json\/wp\/v2\/product_brand?post=5561"},{"taxonomy":"product_cat","embeddable":true,"href":"https:\/\/etev7e.pef.czu.cz\/zs2223\/wp-json\/wp\/v2\/product_cat?post=5561"},{"taxonomy":"product_tag","embeddable":true,"href":"https:\/\/etev7e.pef.czu.cz\/zs2223\/wp-json\/wp\/v2\/product_tag?post=5561"}],"curies":[{"name":"wp","href":"https:\/\/api.w.org\/{rel}","templated":true}]}}