{"id":5576,"date":"2024-11-10T21:55:47","date_gmt":"2024-11-10T20:55:47","guid":{"rendered":"https:\/\/etev7e.pef.czu.cz\/zs2223\/?post_type=product&#038;p=5576"},"modified":"2024-11-10T22:35:06","modified_gmt":"2024-11-10T21:35:06","slug":"pilsner-urquell-pivo-svetly-lezak","status":"publish","type":"product","link":"https:\/\/etev7e.pef.czu.cz\/zs2223\/produkt\/pilsner-urquell-pivo-svetly-lezak\/","title":{"rendered":"Pilsner Urquell Pivo sv\u011btl\u00fd le\u017e\u00e1k"},"content":{"rendered":"<p>Tajemstv\u00ed chuti legend\u00e1rn\u00edho spodn\u011b kva\u0161en\u00e9ho le\u017e\u00e1ku s obsahem alkoholu 4,4 % le\u017e\u00ed p\u0159edev\u0161\u00edm ve vysoce kvalitn\u00edch surovin\u00e1ch a zachov\u00e1n\u00edm p\u016fvodn\u00edho v\u00fdrobn\u00edho postupu. Charakteristickou v\u016fni sladov\u00fdch zrn a vyv\u00e1\u017eenou karamelovou chu\u0165 z\u00edsk\u00e1v\u00e1 pivo trojit\u00fdm rmutov\u00e1n\u00edm, m\u011bkk\u00e1 plze\u0148sk\u00e1 voda mu prop\u016fj\u010duje unik\u00e1tn\u00ed jemnou chu\u0165, \u017eateck\u00fd chmel sametovou ho\u0159kost. Vlastn\u00ed slad pak dod\u00e1v\u00e1 pivu zlatavou barvu.<\/p>\n","protected":false},"excerpt":{"rendered":"<p>Tajemstv\u00ed chuti legend\u00e1rn\u00edho spodn\u011b kva\u0161en\u00e9ho le\u017e\u00e1ku s obsahem alkoholu 4,4 % le\u017e\u00ed p\u0159edev\u0161\u00edm ve vysoce kvalitn\u00edch surovin\u00e1ch a zachov\u00e1n\u00edm p\u016fvodn\u00edho v\u00fdrobn\u00edho postupu. Charakteristickou v\u016fni sladov\u00fdch zrn a vyv\u00e1\u017eenou karamelovou chu\u0165 z\u00edsk\u00e1v\u00e1 pivo trojit\u00fdm rmutov\u00e1n\u00edm, m\u011bkk\u00e1 plze\u0148sk\u00e1 voda mu prop\u016fj\u010duje unik\u00e1tn\u00ed jemnou chu\u0165, \u017eateck\u00fd chmel sametovou ho\u0159kost. Vlastn\u00ed slad pak dod\u00e1v\u00e1 pivu zlatavou barvu.<\/p>\n","protected":false},"featured_media":5580,"comment_status":"open","ping_status":"closed","template":"","meta":[],"product_brand":[],"product_cat":[1643],"product_tag":[183,1644],"class_list":{"0":"post-5576","1":"product","2":"type-product","3":"status-publish","4":"has-post-thumbnail","6":"product_cat-piva-piva","7":"product_tag-alkoholicke-napoje","8":"product_tag-svetly-lezak","10":"first","11":"instock","12":"sale","13":"taxable","14":"shipping-taxable","15":"purchasable","16":"product-type-simple"},"jetpack_sharing_enabled":true,"_links":{"self":[{"href":"https:\/\/etev7e.pef.czu.cz\/zs2223\/wp-json\/wp\/v2\/product\/5576","targetHints":{"allow":["GET"]}}],"collection":[{"href":"https:\/\/etev7e.pef.czu.cz\/zs2223\/wp-json\/wp\/v2\/product"}],"about":[{"href":"https:\/\/etev7e.pef.czu.cz\/zs2223\/wp-json\/wp\/v2\/types\/product"}],"replies":[{"embeddable":true,"href":"https:\/\/etev7e.pef.czu.cz\/zs2223\/wp-json\/wp\/v2\/comments?post=5576"}],"wp:featuredmedia":[{"embeddable":true,"href":"https:\/\/etev7e.pef.czu.cz\/zs2223\/wp-json\/wp\/v2\/media\/5580"}],"wp:attachment":[{"href":"https:\/\/etev7e.pef.czu.cz\/zs2223\/wp-json\/wp\/v2\/media?parent=5576"}],"wp:term":[{"taxonomy":"product_brand","embeddable":true,"href":"https:\/\/etev7e.pef.czu.cz\/zs2223\/wp-json\/wp\/v2\/product_brand?post=5576"},{"taxonomy":"product_cat","embeddable":true,"href":"https:\/\/etev7e.pef.czu.cz\/zs2223\/wp-json\/wp\/v2\/product_cat?post=5576"},{"taxonomy":"product_tag","embeddable":true,"href":"https:\/\/etev7e.pef.czu.cz\/zs2223\/wp-json\/wp\/v2\/product_tag?post=5576"}],"curies":[{"name":"wp","href":"https:\/\/api.w.org\/{rel}","templated":true}]}}