{"id":5581,"date":"2024-11-10T22:02:43","date_gmt":"2024-11-10T21:02:43","guid":{"rendered":"https:\/\/etev7e.pef.czu.cz\/zs2223\/?post_type=product&#038;p=5581"},"modified":"2024-11-10T22:33:45","modified_gmt":"2024-11-10T21:33:45","slug":"gambrinus-original","status":"publish","type":"product","link":"https:\/\/etev7e.pef.czu.cz\/zs2223\/produkt\/gambrinus-original\/","title":{"rendered":"Gambrinus Origin\u00e1l"},"content":{"rendered":"<p><span class=\"TextRun SCXW15748934 BCX4\" lang=\"CS-CZ\" xml:lang=\"CS-CZ\" data-contrast=\"auto\"><span class=\"NormalTextRun SCXW15748934 BCX4\">Sv\u011btl\u00e9 v\u00fd\u010depn\u00ed pivo. Pivo je va\u0159eno tradi\u010dn\u00edm postupem s dvojit\u00fdm rmutov\u00e1n\u00edm. K v\u00fdrob\u011b jsou pou\u017eity vybran\u00e9 odr\u016fdy \u017eateck\u00e9ho chmele\u202fa slad z vlastn\u00ed sladovny.\u202f<\/span><\/span><span class=\"EOP SCXW15748934 BCX4\" data-ccp-props=\"{}\">\u00a0<\/span><\/p>\n","protected":false},"excerpt":{"rendered":"<p>Sv\u011btl\u00e9 v\u00fd\u010depn\u00ed pivo. Pivo je va\u0159eno tradi\u010dn\u00edm postupem s dvojit\u00fdm rmutov\u00e1n\u00edm. K v\u00fdrob\u011b jsou pou\u017eity vybran\u00e9 odr\u016fdy \u017eateck\u00e9ho chmele\u202fa slad z vlastn\u00ed sladovny.\u202f\u00a0<\/p>\n","protected":false},"featured_media":5582,"comment_status":"open","ping_status":"closed","template":"","meta":[],"product_brand":[],"product_cat":[1643],"product_tag":[183,1644],"class_list":{"0":"post-5581","1":"product","2":"type-product","3":"status-publish","4":"has-post-thumbnail","6":"product_cat-piva-piva","7":"product_tag-alkoholicke-napoje","8":"product_tag-svetly-lezak","10":"first","11":"instock","12":"sale","13":"taxable","14":"shipping-taxable","15":"purchasable","16":"product-type-simple"},"jetpack_sharing_enabled":true,"_links":{"self":[{"href":"https:\/\/etev7e.pef.czu.cz\/zs2223\/wp-json\/wp\/v2\/product\/5581","targetHints":{"allow":["GET"]}}],"collection":[{"href":"https:\/\/etev7e.pef.czu.cz\/zs2223\/wp-json\/wp\/v2\/product"}],"about":[{"href":"https:\/\/etev7e.pef.czu.cz\/zs2223\/wp-json\/wp\/v2\/types\/product"}],"replies":[{"embeddable":true,"href":"https:\/\/etev7e.pef.czu.cz\/zs2223\/wp-json\/wp\/v2\/comments?post=5581"}],"wp:featuredmedia":[{"embeddable":true,"href":"https:\/\/etev7e.pef.czu.cz\/zs2223\/wp-json\/wp\/v2\/media\/5582"}],"wp:attachment":[{"href":"https:\/\/etev7e.pef.czu.cz\/zs2223\/wp-json\/wp\/v2\/media?parent=5581"}],"wp:term":[{"taxonomy":"product_brand","embeddable":true,"href":"https:\/\/etev7e.pef.czu.cz\/zs2223\/wp-json\/wp\/v2\/product_brand?post=5581"},{"taxonomy":"product_cat","embeddable":true,"href":"https:\/\/etev7e.pef.czu.cz\/zs2223\/wp-json\/wp\/v2\/product_cat?post=5581"},{"taxonomy":"product_tag","embeddable":true,"href":"https:\/\/etev7e.pef.czu.cz\/zs2223\/wp-json\/wp\/v2\/product_tag?post=5581"}],"curies":[{"name":"wp","href":"https:\/\/api.w.org\/{rel}","templated":true}]}}