{"id":5583,"date":"2024-11-10T22:07:46","date_gmt":"2024-11-10T21:07:46","guid":{"rendered":"https:\/\/etev7e.pef.czu.cz\/zs2223\/?post_type=product&#038;p=5583"},"modified":"2024-11-10T22:33:10","modified_gmt":"2024-11-10T21:33:10","slug":"velkopopovicky-kozel-svetly","status":"publish","type":"product","link":"https:\/\/etev7e.pef.czu.cz\/zs2223\/produkt\/velkopopovicky-kozel-svetly\/","title":{"rendered":"Velkopopovick\u00fd Kozel Sv\u011btl\u00fd"},"content":{"rendered":"<p><span class=\"TextRun SCXW197829009 BCX4\" lang=\"CS-CZ\" xml:lang=\"CS-CZ\" data-contrast=\"auto\"><span class=\"NormalTextRun SCXW197829009 BCX4\">Sv\u011btl\u00e9 v\u00fd\u010depn\u00ed pivo Kozel se vyzna\u010duje hladkou chut\u00ed a n\u00e1dhern\u011b zlatav\u011b \u017elutou barvou. Hod\u00ed se k osv\u011b\u017een\u00ed b\u011bhem dne i k relaxaci po dob\u0159e odveden\u00e9 pr\u00e1ci. Obsahuje 4 % alkoholu.\u202f<\/span><\/span><span class=\"EOP SCXW197829009 BCX4\" data-ccp-props=\"{}\">\u00a0<\/span><\/p>\n","protected":false},"excerpt":{"rendered":"<p>Sv\u011btl\u00e9 v\u00fd\u010depn\u00ed pivo Kozel se vyzna\u010duje hladkou chut\u00ed a n\u00e1dhern\u011b zlatav\u011b \u017elutou barvou. Hod\u00ed se k osv\u011b\u017een\u00ed b\u011bhem dne i k relaxaci po dob\u0159e odveden\u00e9 pr\u00e1ci. Obsahuje 4 % alkoholu.\u202f\u00a0<\/p>\n","protected":false},"featured_media":5584,"comment_status":"open","ping_status":"closed","template":"","meta":[],"product_brand":[],"product_cat":[1643],"product_tag":[183,1644],"class_list":{"0":"post-5583","1":"product","2":"type-product","3":"status-publish","4":"has-post-thumbnail","6":"product_cat-piva-piva","7":"product_tag-alkoholicke-napoje","8":"product_tag-svetly-lezak","10":"first","11":"instock","12":"sale","13":"taxable","14":"shipping-taxable","15":"purchasable","16":"product-type-simple"},"jetpack_sharing_enabled":true,"_links":{"self":[{"href":"https:\/\/etev7e.pef.czu.cz\/zs2223\/wp-json\/wp\/v2\/product\/5583","targetHints":{"allow":["GET"]}}],"collection":[{"href":"https:\/\/etev7e.pef.czu.cz\/zs2223\/wp-json\/wp\/v2\/product"}],"about":[{"href":"https:\/\/etev7e.pef.czu.cz\/zs2223\/wp-json\/wp\/v2\/types\/product"}],"replies":[{"embeddable":true,"href":"https:\/\/etev7e.pef.czu.cz\/zs2223\/wp-json\/wp\/v2\/comments?post=5583"}],"wp:featuredmedia":[{"embeddable":true,"href":"https:\/\/etev7e.pef.czu.cz\/zs2223\/wp-json\/wp\/v2\/media\/5584"}],"wp:attachment":[{"href":"https:\/\/etev7e.pef.czu.cz\/zs2223\/wp-json\/wp\/v2\/media?parent=5583"}],"wp:term":[{"taxonomy":"product_brand","embeddable":true,"href":"https:\/\/etev7e.pef.czu.cz\/zs2223\/wp-json\/wp\/v2\/product_brand?post=5583"},{"taxonomy":"product_cat","embeddable":true,"href":"https:\/\/etev7e.pef.czu.cz\/zs2223\/wp-json\/wp\/v2\/product_cat?post=5583"},{"taxonomy":"product_tag","embeddable":true,"href":"https:\/\/etev7e.pef.czu.cz\/zs2223\/wp-json\/wp\/v2\/product_tag?post=5583"}],"curies":[{"name":"wp","href":"https:\/\/api.w.org\/{rel}","templated":true}]}}