{"id":5585,"date":"2024-11-10T22:12:13","date_gmt":"2024-11-10T21:12:13","guid":{"rendered":"https:\/\/etev7e.pef.czu.cz\/zs2223\/?post_type=product&#038;p=5585"},"modified":"2024-11-10T22:31:58","modified_gmt":"2024-11-10T21:31:58","slug":"radegast-ryze-horka-12","status":"publish","type":"product","link":"https:\/\/etev7e.pef.czu.cz\/zs2223\/produkt\/radegast-ryze-horka-12\/","title":{"rendered":"Radegast Ryze ho\u0159k\u00e1 12"},"content":{"rendered":"<p>Radegast Ryze Ho\u0159k\u00e1 12 je t\u0159ikr\u00e1t chmelen\u00fd pr\u00e9miov\u00fd sv\u011btl\u00fd le\u017e\u00e1k, s 5,1% obsahem alkoholu, kter\u00fd vynik\u00e1 plnou ho\u0159kou chut\u00ed (36 IBU) a v\u00fdrazn\u00fdm chmelov\u00fdm aroma. Va\u0159\u00ed se ze t\u0159\u00ed vybran\u00fdch druh\u016f moravsk\u00e9ho chmele. Krom\u011b odr\u016fd \u017dateck\u00fd poloran\u00fd \u010derve\u0148\u00e1k a Sl\u00e1dek obsahuje i \u010deskou odr\u016fdu \u017dateck\u00fd pozdn\u00ed, kter\u00e1 je d\u00edky sv\u00e9 vysok\u00e9 kvalit\u011b pova\u017eov\u00e1na za budoucnost \u010desk\u00e9ho pivovarnictv\u00ed.<\/p>\n","protected":false},"excerpt":{"rendered":"<p>Radegast Ryze Ho\u0159k\u00e1 12 je t\u0159ikr\u00e1t chmelen\u00fd pr\u00e9miov\u00fd sv\u011btl\u00fd le\u017e\u00e1k, s 5,1% obsahem alkoholu, kter\u00fd vynik\u00e1 plnou ho\u0159kou chut\u00ed (36 IBU) a v\u00fdrazn\u00fdm chmelov\u00fdm aroma. Va\u0159\u00ed se ze t\u0159\u00ed vybran\u00fdch druh\u016f moravsk\u00e9ho chmele. Krom\u011b odr\u016fd \u017dateck\u00fd poloran\u00fd \u010derve\u0148\u00e1k a Sl\u00e1dek obsahuje i \u010deskou odr\u016fdu \u017dateck\u00fd pozdn\u00ed, kter\u00e1 je d\u00edky sv\u00e9 vysok\u00e9 kvalit\u011b pova\u017eov\u00e1na za budoucnost [&hellip;]<\/p>\n","protected":false},"featured_media":5589,"comment_status":"open","ping_status":"closed","template":"","meta":[],"product_brand":[],"product_cat":[1643],"product_tag":[183,1644],"class_list":{"0":"post-5585","1":"product","2":"type-product","3":"status-publish","4":"has-post-thumbnail","6":"product_cat-piva-piva","7":"product_tag-alkoholicke-napoje","8":"product_tag-svetly-lezak","10":"first","11":"instock","12":"sale","13":"taxable","14":"shipping-taxable","15":"purchasable","16":"product-type-simple"},"jetpack_sharing_enabled":true,"_links":{"self":[{"href":"https:\/\/etev7e.pef.czu.cz\/zs2223\/wp-json\/wp\/v2\/product\/5585","targetHints":{"allow":["GET"]}}],"collection":[{"href":"https:\/\/etev7e.pef.czu.cz\/zs2223\/wp-json\/wp\/v2\/product"}],"about":[{"href":"https:\/\/etev7e.pef.czu.cz\/zs2223\/wp-json\/wp\/v2\/types\/product"}],"replies":[{"embeddable":true,"href":"https:\/\/etev7e.pef.czu.cz\/zs2223\/wp-json\/wp\/v2\/comments?post=5585"}],"wp:featuredmedia":[{"embeddable":true,"href":"https:\/\/etev7e.pef.czu.cz\/zs2223\/wp-json\/wp\/v2\/media\/5589"}],"wp:attachment":[{"href":"https:\/\/etev7e.pef.czu.cz\/zs2223\/wp-json\/wp\/v2\/media?parent=5585"}],"wp:term":[{"taxonomy":"product_brand","embeddable":true,"href":"https:\/\/etev7e.pef.czu.cz\/zs2223\/wp-json\/wp\/v2\/product_brand?post=5585"},{"taxonomy":"product_cat","embeddable":true,"href":"https:\/\/etev7e.pef.czu.cz\/zs2223\/wp-json\/wp\/v2\/product_cat?post=5585"},{"taxonomy":"product_tag","embeddable":true,"href":"https:\/\/etev7e.pef.czu.cz\/zs2223\/wp-json\/wp\/v2\/product_tag?post=5585"}],"curies":[{"name":"wp","href":"https:\/\/api.w.org\/{rel}","templated":true}]}}