{"id":5587,"date":"2024-11-10T22:15:47","date_gmt":"2024-11-10T21:15:47","guid":{"rendered":"https:\/\/etev7e.pef.czu.cz\/zs2223\/?post_type=product&#038;p=5587"},"modified":"2024-11-10T22:31:17","modified_gmt":"2024-11-10T21:31:17","slug":"budvar-33-svetly-lezak","status":"publish","type":"product","link":"https:\/\/etev7e.pef.czu.cz\/zs2223\/produkt\/budvar-33-svetly-lezak\/","title":{"rendered":"Budvar 33 sv\u011btl\u00fd le\u017e\u00e1k\u202f"},"content":{"rendered":"<p><span class=\"TextRun SCXW78984670 BCX4\" lang=\"CS-CZ\" xml:lang=\"CS-CZ\" data-contrast=\"auto\"><span class=\"NormalTextRun SCXW78984670 BCX4\">Budvar 33 je ho\u0159k\u00fd. A podle toho jsme mu dali i jm\u00e9no. M\u00e1 toti\u017e pr\u00e1v\u011b 33 jednotek ho\u0159kosti, a to p\u0159edev\u0161\u00edm d\u00edky \u010desk\u00e9mu chmelu Agnus, kter\u00fd pat\u0159\u00ed k jedn\u00e9 z nejv\u00edce ho\u0159k\u00fdch odr\u016fd v\u016fbec. 33 je zaj\u00edmav\u00e1 i sladem <\/span><span class=\"NormalTextRun SCXW78984670 BCX4\">Crystal<\/span> <span class=\"NormalTextRun SCXW78984670 BCX4\">Light<\/span><span class=\"NormalTextRun SCXW78984670 BCX4\">, kter\u00fd se pou\u017e\u00edv\u00e1 p\u0159edev\u0161\u00edm do svrchn\u011b kva\u0161en\u00fdch piv. D\u00edky tomu, \u017ee jsme se ho neb\u00e1li p\u0159idat do typick\u00e9ho \u010desk\u00e9ho le\u017e\u00e1ku, z\u00edskalo na\u0161e pivo zaj\u00edmavou barvu a chu\u0165ovou uhlazenost.<\/span><\/span><span class=\"EOP SCXW78984670 BCX4\" data-ccp-props=\"{}\">\u00a0<\/span><\/p>\n","protected":false},"excerpt":{"rendered":"<p>Budvar 33 je ho\u0159k\u00fd. A podle toho jsme mu dali i jm\u00e9no. M\u00e1 toti\u017e pr\u00e1v\u011b 33 jednotek ho\u0159kosti, a to p\u0159edev\u0161\u00edm d\u00edky \u010desk\u00e9mu chmelu Agnus, kter\u00fd pat\u0159\u00ed k jedn\u00e9 z nejv\u00edce ho\u0159k\u00fdch odr\u016fd v\u016fbec. 33 je zaj\u00edmav\u00e1 i sladem Crystal Light, kter\u00fd se pou\u017e\u00edv\u00e1 p\u0159edev\u0161\u00edm do svrchn\u011b kva\u0161en\u00fdch piv. D\u00edky tomu, \u017ee jsme se ho [&hellip;]<\/p>\n","protected":false},"featured_media":5588,"comment_status":"open","ping_status":"closed","template":"","meta":[],"product_brand":[],"product_cat":[1643],"product_tag":[183,1644],"class_list":{"0":"post-5587","1":"product","2":"type-product","3":"status-publish","4":"has-post-thumbnail","6":"product_cat-piva-piva","7":"product_tag-alkoholicke-napoje","8":"product_tag-svetly-lezak","10":"first","11":"instock","12":"sale","13":"taxable","14":"shipping-taxable","15":"purchasable","16":"product-type-simple"},"jetpack_sharing_enabled":true,"_links":{"self":[{"href":"https:\/\/etev7e.pef.czu.cz\/zs2223\/wp-json\/wp\/v2\/product\/5587","targetHints":{"allow":["GET"]}}],"collection":[{"href":"https:\/\/etev7e.pef.czu.cz\/zs2223\/wp-json\/wp\/v2\/product"}],"about":[{"href":"https:\/\/etev7e.pef.czu.cz\/zs2223\/wp-json\/wp\/v2\/types\/product"}],"replies":[{"embeddable":true,"href":"https:\/\/etev7e.pef.czu.cz\/zs2223\/wp-json\/wp\/v2\/comments?post=5587"}],"wp:featuredmedia":[{"embeddable":true,"href":"https:\/\/etev7e.pef.czu.cz\/zs2223\/wp-json\/wp\/v2\/media\/5588"}],"wp:attachment":[{"href":"https:\/\/etev7e.pef.czu.cz\/zs2223\/wp-json\/wp\/v2\/media?parent=5587"}],"wp:term":[{"taxonomy":"product_brand","embeddable":true,"href":"https:\/\/etev7e.pef.czu.cz\/zs2223\/wp-json\/wp\/v2\/product_brand?post=5587"},{"taxonomy":"product_cat","embeddable":true,"href":"https:\/\/etev7e.pef.czu.cz\/zs2223\/wp-json\/wp\/v2\/product_cat?post=5587"},{"taxonomy":"product_tag","embeddable":true,"href":"https:\/\/etev7e.pef.czu.cz\/zs2223\/wp-json\/wp\/v2\/product_tag?post=5587"}],"curies":[{"name":"wp","href":"https:\/\/api.w.org\/{rel}","templated":true}]}}