{"id":5597,"date":"2024-11-11T01:48:12","date_gmt":"2024-11-11T00:48:12","guid":{"rendered":"https:\/\/etev7e.pef.czu.cz\/zs2223\/?post_type=product&#038;p=5597"},"modified":"2024-11-27T12:30:03","modified_gmt":"2024-11-27T11:30:03","slug":"dior-homme-2020","status":"publish","type":"product","link":"https:\/\/etev7e.pef.czu.cz\/zs2223\/produkt\/dior-homme-2020\/","title":{"rendered":"Dior Homme 2020"},"content":{"rendered":"<p dir=\"ltr\">Objevte sofistikovanou eleganci s Dior Homme 2020, v\u016fn\u00ed, kter\u00e1 p\u0159eddefinuje modern\u00ed mu\u017enost. Tato parf\u00e9mov\u00e1 voda, stvo\u0159en\u00e1 renomovan\u00fdm m\u00f3dn\u00edm domem Dior, spojuje tradi\u010dn\u00ed a inovativn\u00ed prvky, co\u017e vytv\u00e1\u0159\u00ed jedine\u010dnou kompozici, kter\u00e1 okouzl\u00ed va\u0161e smysly.<\/p>\n<h3 dir=\"ltr\">Hlavn\u00ed slo\u017eky:<\/h3>\n<p dir=\"ltr\">Hlava: Sv\u011b\u017e\u00ed bergamot, r\u016f\u017eov\u00fd pep\u0159, elemi<br \/>\nSrdce: Ka\u0161m\u00edrov\u00e9 d\u0159evo, atlask\u00fd cedr, pa\u010duli<strong><br \/>\n<\/strong>Z\u00e1klad: Iso E Super, vetiver, b\u00edl\u00e9 pi\u017emo<\/p>\n","protected":false},"excerpt":{"rendered":"<p>Objevte sofistikovanou eleganci s Dior Homme 2020, v\u016fn\u00ed, kter\u00e1 p\u0159eddefinuje modern\u00ed mu\u017enost. Tato parf\u00e9mov\u00e1 voda, stvo\u0159en\u00e1 renomovan\u00fdm m\u00f3dn\u00edm domem Dior, spojuje tradi\u010dn\u00ed a inovativn\u00ed prvky, co\u017e vytv\u00e1\u0159\u00ed jedine\u010dnou kompozici, kter\u00e1 okouzl\u00ed va\u0161e smysly. Hlavn\u00ed slo\u017eky: Hlava: Sv\u011b\u017e\u00ed bergamot, r\u016f\u017eov\u00fd pep\u0159, elemi Srdce: Ka\u0161m\u00edrov\u00e9 d\u0159evo, atlask\u00fd cedr, pa\u010duli Z\u00e1klad: Iso E Super, vetiver, b\u00edl\u00e9 pi\u017emo<\/p>\n","protected":false},"featured_media":5598,"comment_status":"open","ping_status":"closed","template":"","meta":[],"product_brand":[],"product_cat":[1741],"product_tag":[1153,1654,1657,1645],"class_list":{"0":"post-5597","1":"product","2":"type-product","3":"status-publish","4":"has-post-thumbnail","6":"product_cat-vune","7":"product_tag-dior","8":"product_tag-eau-de-toilette","9":"product_tag-elegantni-a-moderni","10":"product_tag-pansky-parfem","12":"first","13":"instock","14":"taxable","15":"shipping-taxable","16":"purchasable","17":"product-type-simple"},"jetpack_sharing_enabled":true,"_links":{"self":[{"href":"https:\/\/etev7e.pef.czu.cz\/zs2223\/wp-json\/wp\/v2\/product\/5597","targetHints":{"allow":["GET"]}}],"collection":[{"href":"https:\/\/etev7e.pef.czu.cz\/zs2223\/wp-json\/wp\/v2\/product"}],"about":[{"href":"https:\/\/etev7e.pef.czu.cz\/zs2223\/wp-json\/wp\/v2\/types\/product"}],"replies":[{"embeddable":true,"href":"https:\/\/etev7e.pef.czu.cz\/zs2223\/wp-json\/wp\/v2\/comments?post=5597"}],"wp:featuredmedia":[{"embeddable":true,"href":"https:\/\/etev7e.pef.czu.cz\/zs2223\/wp-json\/wp\/v2\/media\/5598"}],"wp:attachment":[{"href":"https:\/\/etev7e.pef.czu.cz\/zs2223\/wp-json\/wp\/v2\/media?parent=5597"}],"wp:term":[{"taxonomy":"product_brand","embeddable":true,"href":"https:\/\/etev7e.pef.czu.cz\/zs2223\/wp-json\/wp\/v2\/product_brand?post=5597"},{"taxonomy":"product_cat","embeddable":true,"href":"https:\/\/etev7e.pef.czu.cz\/zs2223\/wp-json\/wp\/v2\/product_cat?post=5597"},{"taxonomy":"product_tag","embeddable":true,"href":"https:\/\/etev7e.pef.czu.cz\/zs2223\/wp-json\/wp\/v2\/product_tag?post=5597"}],"curies":[{"name":"wp","href":"https:\/\/api.w.org\/{rel}","templated":true}]}}