{"id":5599,"date":"2024-11-11T01:48:29","date_gmt":"2024-11-11T00:48:29","guid":{"rendered":"https:\/\/etev7e.pef.czu.cz\/zs2223\/?post_type=product&#038;p=5599"},"modified":"2024-11-27T12:31:15","modified_gmt":"2024-11-27T11:31:15","slug":"nautica-voyage","status":"publish","type":"product","link":"https:\/\/etev7e.pef.czu.cz\/zs2223\/produkt\/nautica-voyage\/","title":{"rendered":"Nautica Voyage"},"content":{"rendered":"<p dir=\"ltr\">Vstupte do sv\u011bta sv\u011b\u017eesti a dobrodru\u017estv\u00ed s Nautica Voyage, v\u016fn\u00ed, kter\u00e1 evokuje pocit svobody na otev\u0159en\u00e9m mo\u0159i. Tento osv\u011b\u017euj\u00edc\u00ed parf\u00e9m je ide\u00e1ln\u00ed pro modern\u00edho mu\u017ee, kter\u00fd hled\u00e1 spojen\u00ed s p\u0159\u00edrodou a tou\u017e\u00ed po nezapomenuteln\u00fdch z\u00e1\u017eitc\u00edch.<\/p>\n<h3 id=\"yui_3_17_2_1_1731283916528_43\" dir=\"ltr\">Hlavn\u00ed slo\u017eky:<\/h3>\n<p dir=\"ltr\">Hlava: Zelen\u00e9 jablko, zelen\u00e9 listy<br \/>\nSrdce: Lotus, Mim\u00f3za<br \/>\nZ\u00e1klad: Pi\u017emo, cedr, ambra, v\u011btvi\u010dn\u00edk<\/p>\n","protected":false},"excerpt":{"rendered":"<p>Vstupte do sv\u011bta sv\u011b\u017eesti a dobrodru\u017estv\u00ed s Nautica Voyage, v\u016fn\u00ed, kter\u00e1 evokuje pocit svobody na otev\u0159en\u00e9m mo\u0159i. Tento osv\u011b\u017euj\u00edc\u00ed parf\u00e9m je ide\u00e1ln\u00ed pro modern\u00edho mu\u017ee, kter\u00fd hled\u00e1 spojen\u00ed s p\u0159\u00edrodou a tou\u017e\u00ed po nezapomenuteln\u00fdch z\u00e1\u017eitc\u00edch. Hlavn\u00ed slo\u017eky: Hlava: Zelen\u00e9 jablko, zelen\u00e9 listy Srdce: Lotus, Mim\u00f3za Z\u00e1klad: Pi\u017emo, cedr, ambra, v\u011btvi\u010dn\u00edk<\/p>\n","protected":false},"featured_media":5600,"comment_status":"open","ping_status":"closed","template":"","meta":[],"product_brand":[],"product_cat":[1741],"product_tag":[1655,1656,1654,1645],"class_list":{"0":"post-5599","1":"product","2":"type-product","3":"status-publish","4":"has-post-thumbnail","6":"product_cat-vune","7":"product_tag-citrusovy-nadech","8":"product_tag-denni-noseni","9":"product_tag-eau-de-toilette","10":"product_tag-pansky-parfem","12":"first","13":"instock","14":"taxable","15":"shipping-taxable","16":"purchasable","17":"product-type-simple"},"jetpack_sharing_enabled":true,"_links":{"self":[{"href":"https:\/\/etev7e.pef.czu.cz\/zs2223\/wp-json\/wp\/v2\/product\/5599","targetHints":{"allow":["GET"]}}],"collection":[{"href":"https:\/\/etev7e.pef.czu.cz\/zs2223\/wp-json\/wp\/v2\/product"}],"about":[{"href":"https:\/\/etev7e.pef.czu.cz\/zs2223\/wp-json\/wp\/v2\/types\/product"}],"replies":[{"embeddable":true,"href":"https:\/\/etev7e.pef.czu.cz\/zs2223\/wp-json\/wp\/v2\/comments?post=5599"}],"wp:featuredmedia":[{"embeddable":true,"href":"https:\/\/etev7e.pef.czu.cz\/zs2223\/wp-json\/wp\/v2\/media\/5600"}],"wp:attachment":[{"href":"https:\/\/etev7e.pef.czu.cz\/zs2223\/wp-json\/wp\/v2\/media?parent=5599"}],"wp:term":[{"taxonomy":"product_brand","embeddable":true,"href":"https:\/\/etev7e.pef.czu.cz\/zs2223\/wp-json\/wp\/v2\/product_brand?post=5599"},{"taxonomy":"product_cat","embeddable":true,"href":"https:\/\/etev7e.pef.czu.cz\/zs2223\/wp-json\/wp\/v2\/product_cat?post=5599"},{"taxonomy":"product_tag","embeddable":true,"href":"https:\/\/etev7e.pef.czu.cz\/zs2223\/wp-json\/wp\/v2\/product_tag?post=5599"}],"curies":[{"name":"wp","href":"https:\/\/api.w.org\/{rel}","templated":true}]}}