{"id":5603,"date":"2024-11-11T01:48:41","date_gmt":"2024-11-11T00:48:41","guid":{"rendered":"https:\/\/etev7e.pef.czu.cz\/zs2223\/?post_type=product&#038;p=5603"},"modified":"2024-11-27T12:34:14","modified_gmt":"2024-11-27T11:34:14","slug":"kayali-vanilla-candy-rock-sugar","status":"publish","type":"product","link":"https:\/\/etev7e.pef.czu.cz\/zs2223\/produkt\/kayali-vanilla-candy-rock-sugar\/","title":{"rendered":"Kayali Vanilla Candy Rock Sugar"},"content":{"rendered":"<p dir=\"ltr\">Kayali Vanilla Candy Rock Sugar je sladk\u00e1 a hrav\u00e1 v\u016fn\u011b, kter\u00e1 v\u00e1s okouzl\u00ed svou jedine\u010dnou kombinac\u00ed lahodn\u00fdch t\u00f3n\u016f. Tento parf\u00e9m p\u0159in\u00e1\u0161\u00ed pocit radosti a pot\u011b\u0161en\u00ed, ide\u00e1ln\u00ed pro milovn\u00edky sladk\u00fdch v\u016fn\u00ed.<\/p>\n<h3 dir=\"ltr\">Hlavn\u00ed slo\u017eky:<\/h3>\n<p dir=\"ltr\">Hlava: kandovan\u00e1 hru\u0161ka, \u017ev\u00fdka\u010dka<br \/>\nSrdce: vanilkov\u00fd kr\u00e9m<br \/>\nZ\u00e1klad: fazole tonka, santalov\u00e9 d\u0159evo, pa\u010duli<\/p>\n","protected":false},"excerpt":{"rendered":"<p>Kayali Vanilla Candy Rock Sugar je sladk\u00e1 a hrav\u00e1 v\u016fn\u011b, kter\u00e1 v\u00e1s okouzl\u00ed svou jedine\u010dnou kombinac\u00ed lahodn\u00fdch t\u00f3n\u016f. Tento parf\u00e9m p\u0159in\u00e1\u0161\u00ed pocit radosti a pot\u011b\u0161en\u00ed, ide\u00e1ln\u00ed pro milovn\u00edky sladk\u00fdch v\u016fn\u00ed. Hlavn\u00ed slo\u017eky: Hlava: kandovan\u00e1 hru\u0161ka, \u017ev\u00fdka\u010dka Srdce: vanilkov\u00fd kr\u00e9m Z\u00e1klad: fazole tonka, santalov\u00e9 d\u0159evo, pa\u010duli<\/p>\n","protected":false},"featured_media":5604,"comment_status":"open","ping_status":"closed","template":"","meta":[],"product_brand":[],"product_cat":[1741],"product_tag":[1648,1651,1649,1650],"class_list":{"0":"post-5603","1":"product","2":"type-product","3":"status-publish","4":"has-post-thumbnail","6":"product_cat-vune","7":"product_tag-damsky-parfem","8":"product_tag-kayali","9":"product_tag-sladka-vune","10":"product_tag-vanilka","12":"first","13":"instock","14":"taxable","15":"shipping-taxable","16":"purchasable","17":"product-type-simple"},"jetpack_sharing_enabled":true,"_links":{"self":[{"href":"https:\/\/etev7e.pef.czu.cz\/zs2223\/wp-json\/wp\/v2\/product\/5603","targetHints":{"allow":["GET"]}}],"collection":[{"href":"https:\/\/etev7e.pef.czu.cz\/zs2223\/wp-json\/wp\/v2\/product"}],"about":[{"href":"https:\/\/etev7e.pef.czu.cz\/zs2223\/wp-json\/wp\/v2\/types\/product"}],"replies":[{"embeddable":true,"href":"https:\/\/etev7e.pef.czu.cz\/zs2223\/wp-json\/wp\/v2\/comments?post=5603"}],"wp:featuredmedia":[{"embeddable":true,"href":"https:\/\/etev7e.pef.czu.cz\/zs2223\/wp-json\/wp\/v2\/media\/5604"}],"wp:attachment":[{"href":"https:\/\/etev7e.pef.czu.cz\/zs2223\/wp-json\/wp\/v2\/media?parent=5603"}],"wp:term":[{"taxonomy":"product_brand","embeddable":true,"href":"https:\/\/etev7e.pef.czu.cz\/zs2223\/wp-json\/wp\/v2\/product_brand?post=5603"},{"taxonomy":"product_cat","embeddable":true,"href":"https:\/\/etev7e.pef.czu.cz\/zs2223\/wp-json\/wp\/v2\/product_cat?post=5603"},{"taxonomy":"product_tag","embeddable":true,"href":"https:\/\/etev7e.pef.czu.cz\/zs2223\/wp-json\/wp\/v2\/product_tag?post=5603"}],"curies":[{"name":"wp","href":"https:\/\/api.w.org\/{rel}","templated":true}]}}