{"id":5606,"date":"2024-11-11T12:31:32","date_gmt":"2024-11-11T11:31:32","guid":{"rendered":"https:\/\/etev7e.pef.czu.cz\/zs2223\/?post_type=product&#038;p=5606"},"modified":"2024-11-18T20:01:17","modified_gmt":"2024-11-18T19:01:17","slug":"rowenta-sf7660f0-premium-care-lisscurl","status":"publish","type":"product","link":"https:\/\/etev7e.pef.czu.cz\/zs2223\/produkt\/rowenta-sf7660f0-premium-care-lisscurl\/","title":{"rendered":"Rowenta SF7660F0 Premium Care Liss&amp;Curl"},"content":{"rendered":"<p>\u017dehli\u010dka na vlasy s keramick\u00fdmi desti\u010dkami napu\u0161t\u011bn\u00fdmi keratinem a arganov\u00fdm olejem. P\u0159ipraven\u00e1 k pou\u017eit\u00ed b\u011bhem 30 sekund, s nastavitelnou teplotou od 130 \u00b0C do 200 \u00b0C. M\u00e1 plovouc\u00ed desky, funkci rychl\u00e9ho zah\u0159\u00e1t\u00ed a mo\u017enost regulace teploty. Je vhodn\u00e1 tak\u00e9 na tvorbu vln, nab\u00edz\u00ed bezpe\u010dnostn\u00ed z\u00e1mek, flexibiln\u00ed kabel, ionizaci a automatick\u00e9 vypnut\u00ed. Displej nen\u00ed vybaven podsv\u00edcen\u00edm.<\/p>\n","protected":false},"excerpt":{"rendered":"<div class=\"flex-shrink-0 flex flex-col relative items-end\">\n<div>\n<div class=\"pt-0\">\n<div class=\"gizmo-bot-avatar flex h-8 w-8 items-center justify-center overflow-hidden rounded-full\">\n<div class=\"relative p-1 rounded-sm flex items-center justify-center bg-token-main-surface-primary text-token-text-primary h-8 w-8\">\u017dehli\u010dka s keramick\u00fdmi desti\u010dkami napu\u0161t\u011bn\u00fdmi keratinem a arganov\u00fdm olejem pro leskl\u00e9 vlasy. P\u0159ipraven\u00e1 za 30 sekund, nastaviteln\u00e1 teplota 130\u2013200 \u00b0C, vhodn\u00e1 i na vlny. Nab\u00edz\u00ed bezpe\u010dnostn\u00ed z\u00e1mek, flexibiln\u00ed kabel, ionizaci a automatick\u00e9 vypnut\u00ed.<\/div>\n<\/div>\n<\/div>\n<\/div>\n<\/div>\n","protected":false},"featured_media":5611,"comment_status":"open","ping_status":"closed","template":"","meta":[],"product_brand":[],"product_cat":[1658],"product_tag":[1660,1661,1662],"class_list":{"0":"post-5606","1":"product","2":"type-product","3":"status-publish","4":"has-post-thumbnail","6":"product_cat-vlasove-produkty","7":"product_tag-domaci-spotrebice","8":"product_tag-pece-o-vlasy-a-vousy","9":"product_tag-zehlicky-na-vlasy","11":"first","12":"instock","13":"sale","14":"taxable","15":"shipping-taxable","16":"purchasable","17":"product-type-simple"},"jetpack_sharing_enabled":true,"_links":{"self":[{"href":"https:\/\/etev7e.pef.czu.cz\/zs2223\/wp-json\/wp\/v2\/product\/5606","targetHints":{"allow":["GET"]}}],"collection":[{"href":"https:\/\/etev7e.pef.czu.cz\/zs2223\/wp-json\/wp\/v2\/product"}],"about":[{"href":"https:\/\/etev7e.pef.czu.cz\/zs2223\/wp-json\/wp\/v2\/types\/product"}],"replies":[{"embeddable":true,"href":"https:\/\/etev7e.pef.czu.cz\/zs2223\/wp-json\/wp\/v2\/comments?post=5606"}],"wp:featuredmedia":[{"embeddable":true,"href":"https:\/\/etev7e.pef.czu.cz\/zs2223\/wp-json\/wp\/v2\/media\/5611"}],"wp:attachment":[{"href":"https:\/\/etev7e.pef.czu.cz\/zs2223\/wp-json\/wp\/v2\/media?parent=5606"}],"wp:term":[{"taxonomy":"product_brand","embeddable":true,"href":"https:\/\/etev7e.pef.czu.cz\/zs2223\/wp-json\/wp\/v2\/product_brand?post=5606"},{"taxonomy":"product_cat","embeddable":true,"href":"https:\/\/etev7e.pef.czu.cz\/zs2223\/wp-json\/wp\/v2\/product_cat?post=5606"},{"taxonomy":"product_tag","embeddable":true,"href":"https:\/\/etev7e.pef.czu.cz\/zs2223\/wp-json\/wp\/v2\/product_tag?post=5606"}],"curies":[{"name":"wp","href":"https:\/\/api.w.org\/{rel}","templated":true}]}}