{"id":5612,"date":"2024-11-11T12:33:16","date_gmt":"2024-11-11T11:33:16","guid":{"rendered":"https:\/\/etev7e.pef.czu.cz\/zs2223\/?post_type=product&#038;p=5612"},"modified":"2024-11-18T20:03:24","modified_gmt":"2024-11-18T19:03:24","slug":"sampon-na-vlasy-schwarzkopf-gliss-split-ends-miracle-250ml","status":"publish","type":"product","link":"https:\/\/etev7e.pef.czu.cz\/zs2223\/produkt\/sampon-na-vlasy-schwarzkopf-gliss-split-ends-miracle-250ml\/","title":{"rendered":"\u0160ampon na vlasy Schwarzkopf Gliss Split Ends Miracle, 250ml"},"content":{"rendered":"<p>\u0160ampon na vlasy s iontov\u00fdm komplexem a olejem ze semen hroznov\u00e9ho v\u00edna je vhodn\u00fd pro po\u0161kozen\u00e9 vlasy a rozt\u0159epen\u00e9 kone\u010dky. Regeneruje po\u0161kozen\u00e1 vlasov\u00e1 vl\u00e1kna a dod\u00e1v\u00e1 jim pot\u0159ebnou hydrataci. Uhlazuje vlasy, zlep\u0161uje jejich elasticitu, dod\u00e1v\u00e1 lesk, hebkost a dlouhotrvaj\u00edc\u00ed p\u00e9\u010di.<\/p>\n","protected":false},"excerpt":{"rendered":"<p>\u0160ampon s iontov\u00fdm komplexem a olejem z hroznov\u00fdch semen je ide\u00e1ln\u00ed pro po\u0161kozen\u00e9 vlasy a rozt\u0159epen\u00e9 kone\u010dky. Regeneruje, hydratuje, uhlazuje vlasy, zlep\u0161uje jejich elasticitu a dod\u00e1v\u00e1 jim lesk a hebkost.<\/p>\n","protected":false},"featured_media":5610,"comment_status":"open","ping_status":"closed","template":"","meta":[],"product_brand":[],"product_cat":[1658],"product_tag":[866,1659,740,1175,944],"class_list":{"0":"post-5612","1":"product","2":"type-product","3":"status-publish","4":"has-post-thumbnail","6":"product_cat-vlasove-produkty","7":"product_tag-hydratace","8":"product_tag-pece-o-vlasy","9":"product_tag-regenerace","10":"product_tag-sampon","11":"product_tag-vlasy","13":"first","14":"instock","15":"taxable","16":"shipping-taxable","17":"purchasable","18":"product-type-simple"},"jetpack_sharing_enabled":true,"_links":{"self":[{"href":"https:\/\/etev7e.pef.czu.cz\/zs2223\/wp-json\/wp\/v2\/product\/5612","targetHints":{"allow":["GET"]}}],"collection":[{"href":"https:\/\/etev7e.pef.czu.cz\/zs2223\/wp-json\/wp\/v2\/product"}],"about":[{"href":"https:\/\/etev7e.pef.czu.cz\/zs2223\/wp-json\/wp\/v2\/types\/product"}],"replies":[{"embeddable":true,"href":"https:\/\/etev7e.pef.czu.cz\/zs2223\/wp-json\/wp\/v2\/comments?post=5612"}],"wp:featuredmedia":[{"embeddable":true,"href":"https:\/\/etev7e.pef.czu.cz\/zs2223\/wp-json\/wp\/v2\/media\/5610"}],"wp:attachment":[{"href":"https:\/\/etev7e.pef.czu.cz\/zs2223\/wp-json\/wp\/v2\/media?parent=5612"}],"wp:term":[{"taxonomy":"product_brand","embeddable":true,"href":"https:\/\/etev7e.pef.czu.cz\/zs2223\/wp-json\/wp\/v2\/product_brand?post=5612"},{"taxonomy":"product_cat","embeddable":true,"href":"https:\/\/etev7e.pef.czu.cz\/zs2223\/wp-json\/wp\/v2\/product_cat?post=5612"},{"taxonomy":"product_tag","embeddable":true,"href":"https:\/\/etev7e.pef.czu.cz\/zs2223\/wp-json\/wp\/v2\/product_tag?post=5612"}],"curies":[{"name":"wp","href":"https:\/\/api.w.org\/{rel}","templated":true}]}}