{"id":5614,"date":"2024-11-11T12:33:35","date_gmt":"2024-11-11T11:33:35","guid":{"rendered":"https:\/\/etev7e.pef.czu.cz\/zs2223\/?post_type=product&#038;p=5614"},"modified":"2024-11-18T20:05:38","modified_gmt":"2024-11-18T19:05:38","slug":"kondicioner-na-vlasy-wella-professionals-invigo-color-brilliance-200ml","status":"publish","type":"product","link":"https:\/\/etev7e.pef.czu.cz\/zs2223\/produkt\/kondicioner-na-vlasy-wella-professionals-invigo-color-brilliance-200ml\/","title":{"rendered":"Kondicion\u00e9r na vlasy Wella Professionals Invigo Color Brilliance, 200ml"},"content":{"rendered":"<p>Kondicion\u00e9r pro ochranu barvy pro jemn\u00e9 a\u017e norm\u00e1ln\u00ed vlasy Wella Professionals Invigo Color Brilliance. D\u00edky \u00fa\u010dinn\u00fdm p\u0159\u00edrodn\u00edm slo\u017ek\u00e1m ve vlasov\u00e9m vl\u00e1knu uzamyk\u00e1 barevn\u00e9 pigmenty a dod\u00e1v\u00e1 barv\u011b z\u00e1\u0159ivost. Limetkov\u00fd kavi\u00e1r umoc\u0148uj\u00ed lesk vlas\u016f. Vitam\u00edn E chr\u00e1n\u00ed barvu p\u0159ed zkreslen\u00edm. Technologie Metal Purifier nav\u00edc p\u0159isp\u00edv\u00e1 k ochran\u011b vlas\u016f p\u0159ed po\u0161kozen\u00edm voln\u00fdmi radik\u00e1ly.<\/p>\n","protected":false},"excerpt":{"rendered":"<p>Kondicion\u00e9r Wella Invigo Color Brilliance pro jemn\u00e9 a\u017e norm\u00e1ln\u00ed vlasy chr\u00e1n\u00ed barvu a dod\u00e1v\u00e1 j\u00ed z\u00e1\u0159ivost. Limetkov\u00fd kavi\u00e1r zvy\u0161uje lesk, vitam\u00edn E chr\u00e1n\u00ed p\u0159ed zkreslen\u00edm barvy, a technologie Metal Purifier chr\u00e1n\u00ed p\u0159ed voln\u00fdmi radik\u00e1ly.<\/p>\n","protected":false},"featured_media":5609,"comment_status":"open","ping_status":"closed","template":"","meta":[],"product_brand":[],"product_cat":[1658],"product_tag":[866,945,1311,1659,1663,944,1664],"class_list":{"0":"post-5614","1":"product","2":"type-product","3":"status-publish","4":"has-post-thumbnail","6":"product_cat-vlasove-produkty","7":"product_tag-hydratace","8":"product_tag-kondicioner","9":"product_tag-ochrana","10":"product_tag-pece-o-vlasy","11":"product_tag-profesionalni","12":"product_tag-vlasy","13":"product_tag-vyziva","15":"first","16":"instock","17":"taxable","18":"shipping-taxable","19":"purchasable","20":"product-type-simple"},"jetpack_sharing_enabled":true,"_links":{"self":[{"href":"https:\/\/etev7e.pef.czu.cz\/zs2223\/wp-json\/wp\/v2\/product\/5614","targetHints":{"allow":["GET"]}}],"collection":[{"href":"https:\/\/etev7e.pef.czu.cz\/zs2223\/wp-json\/wp\/v2\/product"}],"about":[{"href":"https:\/\/etev7e.pef.czu.cz\/zs2223\/wp-json\/wp\/v2\/types\/product"}],"replies":[{"embeddable":true,"href":"https:\/\/etev7e.pef.czu.cz\/zs2223\/wp-json\/wp\/v2\/comments?post=5614"}],"wp:featuredmedia":[{"embeddable":true,"href":"https:\/\/etev7e.pef.czu.cz\/zs2223\/wp-json\/wp\/v2\/media\/5609"}],"wp:attachment":[{"href":"https:\/\/etev7e.pef.czu.cz\/zs2223\/wp-json\/wp\/v2\/media?parent=5614"}],"wp:term":[{"taxonomy":"product_brand","embeddable":true,"href":"https:\/\/etev7e.pef.czu.cz\/zs2223\/wp-json\/wp\/v2\/product_brand?post=5614"},{"taxonomy":"product_cat","embeddable":true,"href":"https:\/\/etev7e.pef.czu.cz\/zs2223\/wp-json\/wp\/v2\/product_cat?post=5614"},{"taxonomy":"product_tag","embeddable":true,"href":"https:\/\/etev7e.pef.czu.cz\/zs2223\/wp-json\/wp\/v2\/product_tag?post=5614"}],"curies":[{"name":"wp","href":"https:\/\/api.w.org\/{rel}","templated":true}]}}