{"id":5615,"date":"2024-11-11T12:33:47","date_gmt":"2024-11-11T11:33:47","guid":{"rendered":"https:\/\/etev7e.pef.czu.cz\/zs2223\/?post_type=product&#038;p=5615"},"modified":"2024-11-18T20:00:16","modified_gmt":"2024-11-18T19:00:16","slug":"kartac-na-vlasy-olivia-garden","status":"publish","type":"product","link":"https:\/\/etev7e.pef.czu.cz\/zs2223\/produkt\/kartac-na-vlasy-olivia-garden\/","title":{"rendered":"Kart\u00e1\u010d na vlasy Olivia Garden"},"content":{"rendered":"<p><span lang=\"cs-cz\" xml:lang=\"cs-cz\">Kart\u00e1\u010d<\/span><span lang=\"cs-cz\" xml:lang=\"cs-cz\">\u00a0na vlasy Olivia Garden Fingerbrush je ide\u00e1ln\u00ed volbou pro ty, kte\u0159\u00ed hledaj\u00ed efektivn\u00ed, \u0161etrn\u00fd a v\u0161estrann\u00fd n\u00e1stroj pro ka\u017edodenn\u00ed \u00fapravu vlas\u016f. Jeho kombinace p\u0159\u00edrodn\u00edch kan\u010d\u00edch a nylonov\u00fdch \u0161t\u011btin poskytuje vynikaj\u00edc\u00ed p\u00e9\u010di, zaji\u0161\u0165uje hladkost, lesk a z\u00e1rove\u0148 eliminuje elektrostatick\u00e9 nab\u00edjen\u00ed. D\u00edky sv\u00e9mu speci\u00e1ln\u00edmu designu s velk\u00fdmi vzduchov\u00fdmi otvory urychluje su\u0161en\u00ed vlas\u016f.\u00a0Kart\u00e1\u010d je vhodn\u00fd pro such\u00e9 i mokr\u00e9 vlasy, ide\u00e1ln\u00ed pro fouk\u00e1n\u00ed do hladka.<\/span><\/p>\n","protected":false},"excerpt":{"rendered":"<p>Kart\u00e1\u010d Olivia Garden Fingerbrush je ide\u00e1ln\u00ed pro ka\u017edodenn\u00ed p\u00e9\u010di o vlasy. Kombinace kan\u010d\u00edch a nylonov\u00fdch \u0161t\u011btin zaji\u0161\u0165uje hladkost, lesk a sni\u017euje elektrostatick\u00e9 nab\u00edjen\u00ed. Speci\u00e1ln\u00ed design s velk\u00fdmi vzduchov\u00fdmi otvory urychluje su\u0161en\u00ed a je vhodn\u00fd pro such\u00e9 i mokr\u00e9 vlasy.<\/p>\n","protected":false},"featured_media":5608,"comment_status":"open","ping_status":"closed","template":"","meta":[],"product_brand":[],"product_cat":[1658],"product_tag":[1665,1659,1666,947],"class_list":{"0":"post-5615","1":"product","2":"type-product","3":"status-publish","4":"has-post-thumbnail","6":"product_cat-vlasove-produkty","7":"product_tag-hrebeny-a-kartace","8":"product_tag-pece-o-vlasy","9":"product_tag-ploche-kartace","10":"product_tag-vlasova-kosmetika","12":"first","13":"instock","14":"taxable","15":"shipping-taxable","16":"purchasable","17":"product-type-simple"},"jetpack_sharing_enabled":true,"_links":{"self":[{"href":"https:\/\/etev7e.pef.czu.cz\/zs2223\/wp-json\/wp\/v2\/product\/5615","targetHints":{"allow":["GET"]}}],"collection":[{"href":"https:\/\/etev7e.pef.czu.cz\/zs2223\/wp-json\/wp\/v2\/product"}],"about":[{"href":"https:\/\/etev7e.pef.czu.cz\/zs2223\/wp-json\/wp\/v2\/types\/product"}],"replies":[{"embeddable":true,"href":"https:\/\/etev7e.pef.czu.cz\/zs2223\/wp-json\/wp\/v2\/comments?post=5615"}],"wp:featuredmedia":[{"embeddable":true,"href":"https:\/\/etev7e.pef.czu.cz\/zs2223\/wp-json\/wp\/v2\/media\/5608"}],"wp:attachment":[{"href":"https:\/\/etev7e.pef.czu.cz\/zs2223\/wp-json\/wp\/v2\/media?parent=5615"}],"wp:term":[{"taxonomy":"product_brand","embeddable":true,"href":"https:\/\/etev7e.pef.czu.cz\/zs2223\/wp-json\/wp\/v2\/product_brand?post=5615"},{"taxonomy":"product_cat","embeddable":true,"href":"https:\/\/etev7e.pef.czu.cz\/zs2223\/wp-json\/wp\/v2\/product_cat?post=5615"},{"taxonomy":"product_tag","embeddable":true,"href":"https:\/\/etev7e.pef.czu.cz\/zs2223\/wp-json\/wp\/v2\/product_tag?post=5615"}],"curies":[{"name":"wp","href":"https:\/\/api.w.org\/{rel}","templated":true}]}}