{"id":5616,"date":"2024-11-11T12:35:50","date_gmt":"2024-11-11T11:35:50","guid":{"rendered":"https:\/\/etev7e.pef.czu.cz\/zs2223\/?post_type=product&#038;p=5616"},"modified":"2024-11-18T19:51:23","modified_gmt":"2024-11-18T18:51:23","slug":"sencor-shd-6600","status":"publish","type":"product","link":"https:\/\/etev7e.pef.czu.cz\/zs2223\/produkt\/sencor-shd-6600\/","title":{"rendered":"Sencor SHD 6600"},"content":{"rendered":"<p>Lehk\u00fd f\u00e9n na vlasy Sencor SHD 6600 v modern\u00edm designu. Siln\u00fd proud vzduchu s vysokou teplotou rychle vysu\u0161\u00ed vlasy a vytvo\u0159\u00ed perfektn\u00ed \u00fa\u010des. Nab\u00edz\u00ed t\u0159\u00edstup\u0148ov\u00e9 nastaven\u00ed teploty a odn\u00edmatelnou trysku pro p\u0159esn\u00e9 sm\u011brov\u00e1n\u00ed vzduchu. Pogumovan\u00e1 rukoje\u0165 a dlouh\u00e1 \u0161\u0148\u016fra zaji\u0161\u0165uj\u00ed pohodln\u00e9 pou\u017e\u00edv\u00e1n\u00ed, zat\u00edmco gumov\u00e9 bo\u010dn\u00ed n\u00e1razn\u00edky chr\u00e1n\u00ed f\u00e9n p\u0159ed po\u0161kozen\u00edm. Praktick\u00e9 o\u010dko pro zav\u011b\u0161en\u00ed a snadn\u00e1 \u00fadr\u017eba d\u00edky odn\u00edmateln\u00e9 zadn\u00ed m\u0159\u00ed\u017ece.<\/p>\n","protected":false},"excerpt":{"rendered":"<p>Lehk\u00fd f\u00e9n Sencor SHD 6600 s modern\u00edm designem rychle vysu\u0161\u00ed vlasy d\u00edky siln\u00e9mu proudu vzduchu. M\u00e1 t\u0159\u00edstup\u0148ov\u00e9 nastaven\u00ed teploty, odn\u00edmatelnou trysku, pogumovanou rukoje\u0165 a dlouh\u00fd kabel pro pohodln\u00e9 pou\u017e\u00edv\u00e1n\u00ed.<\/p>\n","protected":false},"featured_media":5607,"comment_status":"open","ping_status":"closed","template":"","meta":[],"product_brand":[],"product_cat":[1658],"product_tag":[1667,1668,1661],"class_list":{"0":"post-5616","1":"product","2":"type-product","3":"status-publish","4":"has-post-thumbnail","6":"product_cat-vlasove-produkty","7":"product_tag-domaci-spotrebic","8":"product_tag-feny","9":"product_tag-pece-o-vlasy-a-vousy","11":"first","12":"instock","13":"taxable","14":"shipping-taxable","15":"purchasable","16":"product-type-simple"},"jetpack_sharing_enabled":true,"_links":{"self":[{"href":"https:\/\/etev7e.pef.czu.cz\/zs2223\/wp-json\/wp\/v2\/product\/5616","targetHints":{"allow":["GET"]}}],"collection":[{"href":"https:\/\/etev7e.pef.czu.cz\/zs2223\/wp-json\/wp\/v2\/product"}],"about":[{"href":"https:\/\/etev7e.pef.czu.cz\/zs2223\/wp-json\/wp\/v2\/types\/product"}],"replies":[{"embeddable":true,"href":"https:\/\/etev7e.pef.czu.cz\/zs2223\/wp-json\/wp\/v2\/comments?post=5616"}],"wp:featuredmedia":[{"embeddable":true,"href":"https:\/\/etev7e.pef.czu.cz\/zs2223\/wp-json\/wp\/v2\/media\/5607"}],"wp:attachment":[{"href":"https:\/\/etev7e.pef.czu.cz\/zs2223\/wp-json\/wp\/v2\/media?parent=5616"}],"wp:term":[{"taxonomy":"product_brand","embeddable":true,"href":"https:\/\/etev7e.pef.czu.cz\/zs2223\/wp-json\/wp\/v2\/product_brand?post=5616"},{"taxonomy":"product_cat","embeddable":true,"href":"https:\/\/etev7e.pef.czu.cz\/zs2223\/wp-json\/wp\/v2\/product_cat?post=5616"},{"taxonomy":"product_tag","embeddable":true,"href":"https:\/\/etev7e.pef.czu.cz\/zs2223\/wp-json\/wp\/v2\/product_tag?post=5616"}],"curies":[{"name":"wp","href":"https:\/\/api.w.org\/{rel}","templated":true}]}}