{"id":5618,"date":"2024-11-12T07:53:46","date_gmt":"2024-11-12T06:53:46","guid":{"rendered":"https:\/\/etev7e.pef.czu.cz\/zs2223\/?post_type=product&#038;p=5618"},"modified":"2024-12-15T12:36:54","modified_gmt":"2024-12-15T11:36:54","slug":"rulandske-sede-2021","status":"publish","type":"product","link":"https:\/\/etev7e.pef.czu.cz\/zs2223\/produkt\/rulandske-sede-2021\/","title":{"rendered":"Rulandsk\u00e9 \u0161ed\u00e9 2021"},"content":{"rendered":"<p>Pinot Gris, neboli Rulandsk\u00e9 \u0161ed\u00e9, je fascinuj\u00edc\u00ed b\u00edl\u00e9 v\u00edno, kter\u00e9 okouzluje svou pln\u011b extraktivn\u00ed chut\u00ed a komplexn\u00ed aromatikou. V jeho v\u016fni se snoub\u00ed t\u00f3ny \u010derstv\u00e9ho chleba s jemn\u00fdm kou\u0159ov\u00fdm n\u00e1dechem, co\u017e v n\u00e1s m\u016f\u017ee vyvolat pocit slune\u010dn\u00e9ho dne. Na pat\u0159e je v\u00edno bohat\u00e9, sametov\u00e9, s chut\u00ed zral\u00fdch hru\u0161ek, medu a n\u00e1znakem ko\u0159en\u00ed. Tento druh v\u00edna se skv\u011ble hod\u00ed jak k intimn\u00edm ve\u010de\u0159\u00edm, tak i k oslav\u00e1m ve spole\u010dnosti p\u0159\u00e1tel.<\/p>\n<p>Pinot Gris se dob\u0159e dopl\u0148uje s r\u016fzn\u00fdmi s\u00fdry, jako jsou Gruy\u00e8re nebo Brie, stejn\u011b tak skv\u011ble lad\u00ed s ryb\u00edmi pokrmy \u010di ku\u0159ec\u00edm masem. Pokud hled\u00e1te alternativu, m\u016f\u017eete s\u00e1hnout po jin\u00fdch v\u00ednech jako je Chardonnay, Sauvignon Blanc, M\u00fcller Thurgau nebo \u0161umiv\u00e1 v\u00edna. Toto v\u00edno spad\u00e1 do kategorie b\u00edl\u00fdch such\u00fdch v\u00edn a je produktem Vina\u0159stv\u00ed \u010cZU. Pro nejlep\u0161\u00ed chu\u0165ov\u00fd z\u00e1\u017eitek se doporu\u010duje pod\u00e1vat jej p\u0159i teplot\u011b 10\u201312 \u00b0C.<\/p>\n","protected":false},"excerpt":{"rendered":"<p>Pinot Gris, neboli Rulandsk\u00e9 \u0161ed\u00e9, je fascinuj\u00edc\u00ed b\u00edl\u00e9 v\u00edno, kter\u00e9 okouzluje svou pln\u011b extraktivn\u00ed chut\u00ed a komplexn\u00ed aromatikou. V nose se m\u00eds\u00ed p\u0159\u00edjemn\u00e9 t\u00f3ny \u010derstv\u00e9ho chleba a jemn\u00e9ho kou\u0159e, kter\u00e9 evokuj\u00ed opalov\u00e1n\u00ed na slunci. Na pat\u0159e je v\u00edno bohat\u00e9 a sametov\u00e9, s chut\u011bmi zral\u00fdch hru\u0161ek, medu a n\u00e1dechem ko\u0159en\u00ed. Toto v\u00edno se skv\u011ble hod\u00ed k intimn\u00edm ve\u010de\u0159\u00edm nebo k oslav\u00e1m s p\u0159\u00e1teli.<\/p>\n","protected":false},"featured_media":5691,"comment_status":"open","ping_status":"closed","template":"","meta":[],"product_brand":[],"product_cat":[1173,1669],"product_tag":[1606,1613,1608,1671],"class_list":{"0":"post-5618","1":"product","2":"type-product","3":"status-publish","4":"has-post-thumbnail","6":"product_cat-kosmetika","7":"product_cat-vina-czu","8":"product_tag-bila-vina","9":"product_tag-rulandske-sede","10":"product_tag-suche-vino","11":"product_tag-vinarstvi-czu","13":"first","14":"instock","15":"sale","16":"taxable","17":"shipping-taxable","18":"purchasable","19":"product-type-simple"},"jetpack_sharing_enabled":true,"_links":{"self":[{"href":"https:\/\/etev7e.pef.czu.cz\/zs2223\/wp-json\/wp\/v2\/product\/5618","targetHints":{"allow":["GET"]}}],"collection":[{"href":"https:\/\/etev7e.pef.czu.cz\/zs2223\/wp-json\/wp\/v2\/product"}],"about":[{"href":"https:\/\/etev7e.pef.czu.cz\/zs2223\/wp-json\/wp\/v2\/types\/product"}],"replies":[{"embeddable":true,"href":"https:\/\/etev7e.pef.czu.cz\/zs2223\/wp-json\/wp\/v2\/comments?post=5618"}],"wp:featuredmedia":[{"embeddable":true,"href":"https:\/\/etev7e.pef.czu.cz\/zs2223\/wp-json\/wp\/v2\/media\/5691"}],"wp:attachment":[{"href":"https:\/\/etev7e.pef.czu.cz\/zs2223\/wp-json\/wp\/v2\/media?parent=5618"}],"wp:term":[{"taxonomy":"product_brand","embeddable":true,"href":"https:\/\/etev7e.pef.czu.cz\/zs2223\/wp-json\/wp\/v2\/product_brand?post=5618"},{"taxonomy":"product_cat","embeddable":true,"href":"https:\/\/etev7e.pef.czu.cz\/zs2223\/wp-json\/wp\/v2\/product_cat?post=5618"},{"taxonomy":"product_tag","embeddable":true,"href":"https:\/\/etev7e.pef.czu.cz\/zs2223\/wp-json\/wp\/v2\/product_tag?post=5618"}],"curies":[{"name":"wp","href":"https:\/\/api.w.org\/{rel}","templated":true}]}}