{"id":5624,"date":"2024-11-12T18:26:01","date_gmt":"2024-11-12T17:26:01","guid":{"rendered":"https:\/\/etev7e.pef.czu.cz\/zs2223\/?post_type=product&#038;p=5624"},"modified":"2024-11-12T18:32:05","modified_gmt":"2024-11-12T17:32:05","slug":"batikovany-kloboucek","status":"publish","type":"product","link":"https:\/\/etev7e.pef.czu.cz\/zs2223\/produkt\/batikovany-kloboucek\/","title":{"rendered":"Batikovan\u00fd klobou\u010dek"},"content":{"rendered":"<p>Stylov\u00fd batikovan\u00fd klobou\u010dek, kter\u00fd okam\u017eit\u011b o\u017eiv\u00ed ka\u017ed\u00fd outfit. Ru\u010dn\u011b barven\u00fd pomoc\u00ed techniky batikov\u00e1n\u00ed, d\u00edky \u010demu\u017e je ka\u017ed\u00fd klobou\u010dek origin\u00e1l. Klobou\u010dek je vyroben\u00fd z lehk\u00e9ho a prody\u0161n\u00e9ho materi\u00e1lu, ide\u00e1ln\u00ed na l\u00e9to, festivaly nebo jako dopln\u011bk k le\u017e\u00e9rn\u00edmu stylu. Tento klobou\u010dek nab\u00edz\u00ed nejen ochranu p\u0159ed sluncem, ale i jedine\u010dn\u00fd m\u00f3dn\u00ed v\u00fdraz.<\/p>\n","protected":false},"excerpt":{"rendered":"<p>Stylov\u00fd batikovan\u00fd klobou\u010dek z lehk\u00e9ho a prody\u0161n\u00e9ho materi\u00e1lu je ide\u00e1ln\u00ed letn\u00ed dopln\u011bk. Ru\u010dn\u011b barven\u00fd technikou batikov\u00e1n\u00ed, ka\u017ed\u00fd kus je origin\u00e1l. Skv\u011bl\u00fd na festivaly i le\u017e\u00e9rn\u00ed styl \u2013 chr\u00e1n\u00ed p\u0159ed sluncem a dod\u00e1v\u00e1 outfit\u016fm jedine\u010dn\u00fd m\u00f3dn\u00ed v\u00fdraz.<\/p>\n","protected":false},"featured_media":5716,"comment_status":"open","ping_status":"closed","template":"","meta":[],"product_brand":[],"product_cat":[1670],"product_tag":[1711,1723,403,1710,1712],"class_list":{"0":"post-5624","1":"product","2":"type-product","3":"status-publish","4":"has-post-thumbnail","6":"product_cat-batikovaneprodukty","7":"product_tag-batika","8":"product_tag-batikovany-klouboucek","9":"product_tag-handmade","10":"product_tag-klobouk","11":"product_tag-originalni","13":"first","14":"instock","15":"sale","16":"taxable","17":"shipping-taxable","18":"purchasable","19":"product-type-simple"},"jetpack_sharing_enabled":true,"_links":{"self":[{"href":"https:\/\/etev7e.pef.czu.cz\/zs2223\/wp-json\/wp\/v2\/product\/5624","targetHints":{"allow":["GET"]}}],"collection":[{"href":"https:\/\/etev7e.pef.czu.cz\/zs2223\/wp-json\/wp\/v2\/product"}],"about":[{"href":"https:\/\/etev7e.pef.czu.cz\/zs2223\/wp-json\/wp\/v2\/types\/product"}],"replies":[{"embeddable":true,"href":"https:\/\/etev7e.pef.czu.cz\/zs2223\/wp-json\/wp\/v2\/comments?post=5624"}],"wp:featuredmedia":[{"embeddable":true,"href":"https:\/\/etev7e.pef.czu.cz\/zs2223\/wp-json\/wp\/v2\/media\/5716"}],"wp:attachment":[{"href":"https:\/\/etev7e.pef.czu.cz\/zs2223\/wp-json\/wp\/v2\/media?parent=5624"}],"wp:term":[{"taxonomy":"product_brand","embeddable":true,"href":"https:\/\/etev7e.pef.czu.cz\/zs2223\/wp-json\/wp\/v2\/product_brand?post=5624"},{"taxonomy":"product_cat","embeddable":true,"href":"https:\/\/etev7e.pef.czu.cz\/zs2223\/wp-json\/wp\/v2\/product_cat?post=5624"},{"taxonomy":"product_tag","embeddable":true,"href":"https:\/\/etev7e.pef.czu.cz\/zs2223\/wp-json\/wp\/v2\/product_tag?post=5624"}],"curies":[{"name":"wp","href":"https:\/\/api.w.org\/{rel}","templated":true}]}}