{"id":5625,"date":"2024-11-11T12:23:52","date_gmt":"2024-11-11T11:23:52","guid":{"rendered":"https:\/\/etev7e.pef.czu.cz\/zs2223\/?post_type=product&#038;p=5625"},"modified":"2024-12-15T12:38:11","modified_gmt":"2024-12-15T11:38:11","slug":"muller-thurgau-2022","status":"publish","type":"product","link":"https:\/\/etev7e.pef.czu.cz\/zs2223\/produkt\/muller-thurgau-2022\/","title":{"rendered":"M\u00fcller Thurgau 2022"},"content":{"rendered":"<div class=\"flex-shrink-0 flex flex-col relative items-end\">\n<div>\n<div class=\"pt-0\">\n<div class=\"gizmo-bot-avatar flex h-8 w-8 items-center justify-center overflow-hidden rounded-full\">\n<div class=\"relative p-1 rounded-sm flex items-center justify-center bg-token-main-surface-primary text-token-text-primary h-8 w-8\"><\/div>\n<\/div>\n<\/div>\n<\/div>\n<\/div>\n<div class=\"group\/conversation-turn relative flex w-full min-w-0 flex-col agent-turn\">\n<div class=\"flex-col gap-1 md:gap-3\">\n<div class=\"flex max-w-full flex-col flex-grow\">\n<div class=\"min-h-8 text-message flex w-full flex-col items-end gap-2 whitespace-normal break-words [.text-message+&amp;]:mt-5\" dir=\"auto\" data-message-author-role=\"assistant\" data-message-id=\"a0c208b5-cf82-406e-b592-58cc3b388746\" data-message-model-slug=\"gpt-4o\">\n<div class=\"flex w-full flex-col gap-1 empty:hidden first:pt-[3px]\">\n<div class=\"markdown prose w-full break-words dark:prose-invert light\">\n<p>M\u00fcller Thurgau je lehk\u00e9 a sv\u011b\u017e\u00ed v\u00edno, kter\u00e9 je ide\u00e1ln\u00ed pro ka\u017edodenn\u00ed konzumaci a skv\u011ble se hod\u00ed k jednoduch\u00fdm pokrm\u016fm i spole\u010densk\u00fdm setk\u00e1n\u00edm. Jeho chu\u0165 je jemn\u011b mu\u0161k\u00e1tov\u00e1, co\u017e \u010din\u00ed toto v\u00edno p\u0159\u00edjemnou volbou pro p\u0159\u00edmou konzumaci. Skv\u011ble dopl\u0148uje lehk\u00e9 p\u0159edkrmy, zeleninov\u00e9 pol\u00e9vky, ryby nebo b\u00edl\u00e9 m\u011bkk\u00e9 s\u00fdry.<\/p>\n<p>Doporu\u010den\u00e9 serv\u00edrov\u00e1n\u00ed zahrnuje kombinaci s mo\u0159sk\u00fdmi plody, s\u00fdry, b\u00edl\u00fdm pe\u010divem \u010di olivami. Pro pln\u00e9 rozvinut\u00ed jemn\u00fdch aromat doporu\u010dujeme pod\u00e1vat v\u00edno p\u0159i teplot\u011b 8\u201312 \u00b0C. Alternativami k M\u00fcller Thurgau mohou b\u00fdt v\u00edna jako Ryzlink r\u00fdnsk\u00fd, Sauvignon Blanc, Chardonnay nebo Veltl\u00ednsk\u00e9 zelen\u00e9.<\/p>\n<\/div>\n<\/div>\n<\/div>\n<\/div>\n<\/div>\n<\/div>\n","protected":false},"excerpt":{"rendered":"<p>V\u00edna odr\u016fdy M\u00fcller Thurgau jsou v\u00edna ke ka\u017edodenn\u00edmu pit\u00ed, ide\u00e1ln\u00ed k prost\u00e9 strav\u011b a p\u0159i spole\u010densk\u00e9 z\u00e1bav\u011b. Vhodn\u00e1 k p\u0159edkrm\u016fm, zeleninov\u00fdm pol\u00e9vk\u00e1m, ryb\u00e1m nebo b\u00edl\u00fdm m\u011bkk\u00fdm s\u00fdr\u016fm. Vyzr\u00e1l\u00e9 hrozny maj\u00ed jemn\u011b mu\u0161k\u00e1tovou chu\u0165, co\u017e je \u010din\u00ed p\u0159\u00edjemn\u00fdmi pro p\u0159\u00edmou konzumaci.<\/p>\n","protected":false},"featured_media":5626,"comment_status":"open","ping_status":"closed","template":"","meta":[],"product_brand":[],"product_cat":[1669,1676],"product_tag":[1606,1625,1608,1671],"class_list":{"0":"post-5625","1":"product","2":"type-product","3":"status-publish","4":"has-post-thumbnail","6":"product_cat-vina-czu","7":"product_cat-bila-vina-vina-czu","8":"product_tag-bila-vina","9":"product_tag-muller-thurgau","10":"product_tag-suche-vino","11":"product_tag-vinarstvi-czu","13":"first","14":"instock","15":"sale","16":"taxable","17":"shipping-taxable","18":"purchasable","19":"product-type-simple"},"jetpack_sharing_enabled":true,"_links":{"self":[{"href":"https:\/\/etev7e.pef.czu.cz\/zs2223\/wp-json\/wp\/v2\/product\/5625","targetHints":{"allow":["GET"]}}],"collection":[{"href":"https:\/\/etev7e.pef.czu.cz\/zs2223\/wp-json\/wp\/v2\/product"}],"about":[{"href":"https:\/\/etev7e.pef.czu.cz\/zs2223\/wp-json\/wp\/v2\/types\/product"}],"replies":[{"embeddable":true,"href":"https:\/\/etev7e.pef.czu.cz\/zs2223\/wp-json\/wp\/v2\/comments?post=5625"}],"wp:featuredmedia":[{"embeddable":true,"href":"https:\/\/etev7e.pef.czu.cz\/zs2223\/wp-json\/wp\/v2\/media\/5626"}],"wp:attachment":[{"href":"https:\/\/etev7e.pef.czu.cz\/zs2223\/wp-json\/wp\/v2\/media?parent=5625"}],"wp:term":[{"taxonomy":"product_brand","embeddable":true,"href":"https:\/\/etev7e.pef.czu.cz\/zs2223\/wp-json\/wp\/v2\/product_brand?post=5625"},{"taxonomy":"product_cat","embeddable":true,"href":"https:\/\/etev7e.pef.czu.cz\/zs2223\/wp-json\/wp\/v2\/product_cat?post=5625"},{"taxonomy":"product_tag","embeddable":true,"href":"https:\/\/etev7e.pef.czu.cz\/zs2223\/wp-json\/wp\/v2\/product_tag?post=5625"}],"curies":[{"name":"wp","href":"https:\/\/api.w.org\/{rel}","templated":true}]}}