{"id":5633,"date":"2024-11-11T12:43:43","date_gmt":"2024-11-11T11:43:43","guid":{"rendered":"https:\/\/etev7e.pef.czu.cz\/zs2223\/?post_type=product&#038;p=5633"},"modified":"2024-11-11T13:07:36","modified_gmt":"2024-11-11T12:07:36","slug":"adidas-handball-spezial","status":"publish","type":"product","link":"https:\/\/etev7e.pef.czu.cz\/zs2223\/produkt\/adidas-handball-spezial\/","title":{"rendered":"Adidas Handball Spezial"},"content":{"rendered":"<p>Adidas Handball Spezial jsou legend\u00e1rn\u00ed tenisky inspirovan\u00e9 h\u00e1zenk\u00e1\u0159skou obuv\u00ed z 70. let. Tento model nab\u00edz\u00ed klasick\u00fd retro design s prvky semi\u0161e na svr\u0161ku a gumovou podr\u00e1\u017ekou, kter\u00e1 poskytuje maxim\u00e1ln\u00ed trakci. Boty jsou obl\u00edben\u00e9 nejen mezi sportovci, ale i jako m\u00f3dn\u00ed kousek pro ka\u017edodenn\u00ed no\u0161en\u00ed d\u00edky sv\u00e9 pohodlnosti a nad\u010dasov\u00e9mu vzhledu.<\/p>\n","protected":false},"excerpt":{"rendered":"<p>Adidas Handball Spezial jsou legend\u00e1rn\u00ed tenisky inspirovan\u00e9 h\u00e1zenk\u00e1\u0159skou obuv\u00ed z 70. let.<\/p>\n","protected":false},"featured_media":5637,"comment_status":"open","ping_status":"closed","template":"","meta":[],"product_brand":[],"product_cat":[1672],"product_tag":[1678,1677,122],"class_list":{"0":"post-5633","1":"product","2":"type-product","3":"status-publish","4":"has-post-thumbnail","6":"product_cat-tenisky","7":"product_tag-adidas","8":"product_tag-retro-tenisky","9":"product_tag-sportovni-obuv","11":"first","12":"instock","13":"taxable","14":"shipping-taxable","15":"purchasable","16":"product-type-simple"},"jetpack_sharing_enabled":true,"_links":{"self":[{"href":"https:\/\/etev7e.pef.czu.cz\/zs2223\/wp-json\/wp\/v2\/product\/5633","targetHints":{"allow":["GET"]}}],"collection":[{"href":"https:\/\/etev7e.pef.czu.cz\/zs2223\/wp-json\/wp\/v2\/product"}],"about":[{"href":"https:\/\/etev7e.pef.czu.cz\/zs2223\/wp-json\/wp\/v2\/types\/product"}],"replies":[{"embeddable":true,"href":"https:\/\/etev7e.pef.czu.cz\/zs2223\/wp-json\/wp\/v2\/comments?post=5633"}],"wp:featuredmedia":[{"embeddable":true,"href":"https:\/\/etev7e.pef.czu.cz\/zs2223\/wp-json\/wp\/v2\/media\/5637"}],"wp:attachment":[{"href":"https:\/\/etev7e.pef.czu.cz\/zs2223\/wp-json\/wp\/v2\/media?parent=5633"}],"wp:term":[{"taxonomy":"product_brand","embeddable":true,"href":"https:\/\/etev7e.pef.czu.cz\/zs2223\/wp-json\/wp\/v2\/product_brand?post=5633"},{"taxonomy":"product_cat","embeddable":true,"href":"https:\/\/etev7e.pef.czu.cz\/zs2223\/wp-json\/wp\/v2\/product_cat?post=5633"},{"taxonomy":"product_tag","embeddable":true,"href":"https:\/\/etev7e.pef.czu.cz\/zs2223\/wp-json\/wp\/v2\/product_tag?post=5633"}],"curies":[{"name":"wp","href":"https:\/\/api.w.org\/{rel}","templated":true}]}}