{"id":5643,"date":"2024-11-11T12:51:38","date_gmt":"2024-11-11T11:51:38","guid":{"rendered":"https:\/\/etev7e.pef.czu.cz\/zs2223\/?post_type=product&#038;p=5643"},"modified":"2024-11-11T13:09:01","modified_gmt":"2024-11-11T12:09:01","slug":"nike-w-dunk-low-panda","status":"publish","type":"product","link":"https:\/\/etev7e.pef.czu.cz\/zs2223\/produkt\/nike-w-dunk-low-panda\/","title":{"rendered":"Nike W Dunk Low &#8222;Panda&#8220;"},"content":{"rendered":"<p>Nike W Dunk Low &#8222;Panda&#8220; jsou ikonick\u00e9 tenisky s minimalistick\u00fdm \u010dernob\u00edl\u00fdm designem, kter\u00fd zaujme svou jednoduchost\u00ed a univerz\u00e1lnost\u00ed. Svr\u0161ek je vyroben z kombinace k\u016f\u017ee a syntetick\u00fdch materi\u00e1l\u016f, kter\u00e9 zaji\u0161\u0165uj\u00ed odolnost a pohodl\u00ed. Gumov\u00e1 podr\u00e1\u017eka poskytuje v\u00fdbornou p\u0159ilnavost, a to i na kluzk\u00fdch povr\u0161\u00edch. Tyto tenisky se hod\u00ed jak na ka\u017edodenn\u00ed no\u0161en\u00ed, tak i pro sb\u011bratele tenisek.<\/p>\n","protected":false},"excerpt":{"rendered":"<p>Nike W Dunk Low &#8222;Panda&#8220; jsou ikonick\u00e9 tenisky s minimalistick\u00fdm \u010dernob\u00edl\u00fdm designem.<\/p>\n","protected":false},"featured_media":5630,"comment_status":"open","ping_status":"closed","template":"","meta":[],"product_brand":[],"product_cat":[1672],"product_tag":[1683,1682,232],"class_list":{"0":"post-5643","1":"product","2":"type-product","3":"status-publish","4":"has-post-thumbnail","6":"product_cat-tenisky","7":"product_tag-nike-dunk","8":"product_tag-streetwear","9":"product_tag-tenisky","11":"first","12":"instock","13":"taxable","14":"shipping-taxable","15":"purchasable","16":"product-type-simple"},"jetpack_sharing_enabled":true,"_links":{"self":[{"href":"https:\/\/etev7e.pef.czu.cz\/zs2223\/wp-json\/wp\/v2\/product\/5643","targetHints":{"allow":["GET"]}}],"collection":[{"href":"https:\/\/etev7e.pef.czu.cz\/zs2223\/wp-json\/wp\/v2\/product"}],"about":[{"href":"https:\/\/etev7e.pef.czu.cz\/zs2223\/wp-json\/wp\/v2\/types\/product"}],"replies":[{"embeddable":true,"href":"https:\/\/etev7e.pef.czu.cz\/zs2223\/wp-json\/wp\/v2\/comments?post=5643"}],"wp:featuredmedia":[{"embeddable":true,"href":"https:\/\/etev7e.pef.czu.cz\/zs2223\/wp-json\/wp\/v2\/media\/5630"}],"wp:attachment":[{"href":"https:\/\/etev7e.pef.czu.cz\/zs2223\/wp-json\/wp\/v2\/media?parent=5643"}],"wp:term":[{"taxonomy":"product_brand","embeddable":true,"href":"https:\/\/etev7e.pef.czu.cz\/zs2223\/wp-json\/wp\/v2\/product_brand?post=5643"},{"taxonomy":"product_cat","embeddable":true,"href":"https:\/\/etev7e.pef.czu.cz\/zs2223\/wp-json\/wp\/v2\/product_cat?post=5643"},{"taxonomy":"product_tag","embeddable":true,"href":"https:\/\/etev7e.pef.czu.cz\/zs2223\/wp-json\/wp\/v2\/product_tag?post=5643"}],"curies":[{"name":"wp","href":"https:\/\/api.w.org\/{rel}","templated":true}]}}