{"id":5647,"date":"2024-11-11T12:59:32","date_gmt":"2024-11-11T11:59:32","guid":{"rendered":"https:\/\/etev7e.pef.czu.cz\/zs2223\/?post_type=product&#038;p=5647"},"modified":"2024-11-11T13:08:24","modified_gmt":"2024-11-11T12:08:24","slug":"alexander-mcqueen-tenisky","status":"publish","type":"product","link":"https:\/\/etev7e.pef.czu.cz\/zs2223\/produkt\/alexander-mcqueen-tenisky\/","title":{"rendered":"Alexander McQueen"},"content":{"rendered":"<p id=\"yui_3_17_2_1_1731324484878_74\" dir=\"ltr\">Tenisky Alexander McQueen jsou ikonick\u00e9 d\u00edky sv\u00e9mu minimalistick\u00e9mu designu a v\u00fdrazn\u011b zv\u011bt\u0161en\u00e9 podr\u00e1\u017ece. Vyrobeny z pr\u00e9miov\u00e9 hladk\u00e9 k\u016f\u017ee, tyto boty vynikaj\u00ed komfortem i stylov\u00fdm vzhledem. Maj\u00ed \u010distou siluetu s jemn\u00fdmi detaily, jako je logo na pat\u011b a jazyku. Polstrovan\u00e1 st\u00e9lka zaji\u0161\u0165uje pohodl\u00ed p\u0159i no\u0161en\u00ed, zat\u00edmco masivn\u00ed gumov\u00e1 podr\u00e1\u017eka dod\u00e1v\u00e1 bot\u00e1m modern\u00ed, robustn\u00ed vzhled, kter\u00fd je ide\u00e1ln\u00ed pro m\u011bstskou m\u00f3du.<\/p>\n","protected":false},"excerpt":{"rendered":"<p>Tenisky Alexander McQueen jsou ikonick\u00e9 d\u00edky sv\u00e9mu minimalistick\u00e9mu designu.<\/p>\n","protected":false},"featured_media":5648,"comment_status":"open","ping_status":"closed","template":"","meta":[],"product_brand":[],"product_cat":[1672],"product_tag":[1686,1685,1684],"class_list":{"0":"post-5647","1":"product","2":"type-product","3":"status-publish","4":"has-post-thumbnail","6":"product_cat-tenisky","7":"product_tag-alexander-mcqueen","8":"product_tag-luxusni-tenisky","9":"product_tag-mestska-obuv","11":"first","12":"onbackorder","13":"sale","14":"taxable","15":"shipping-taxable","16":"purchasable","17":"product-type-simple"},"jetpack_sharing_enabled":true,"_links":{"self":[{"href":"https:\/\/etev7e.pef.czu.cz\/zs2223\/wp-json\/wp\/v2\/product\/5647","targetHints":{"allow":["GET"]}}],"collection":[{"href":"https:\/\/etev7e.pef.czu.cz\/zs2223\/wp-json\/wp\/v2\/product"}],"about":[{"href":"https:\/\/etev7e.pef.czu.cz\/zs2223\/wp-json\/wp\/v2\/types\/product"}],"replies":[{"embeddable":true,"href":"https:\/\/etev7e.pef.czu.cz\/zs2223\/wp-json\/wp\/v2\/comments?post=5647"}],"wp:featuredmedia":[{"embeddable":true,"href":"https:\/\/etev7e.pef.czu.cz\/zs2223\/wp-json\/wp\/v2\/media\/5648"}],"wp:attachment":[{"href":"https:\/\/etev7e.pef.czu.cz\/zs2223\/wp-json\/wp\/v2\/media?parent=5647"}],"wp:term":[{"taxonomy":"product_brand","embeddable":true,"href":"https:\/\/etev7e.pef.czu.cz\/zs2223\/wp-json\/wp\/v2\/product_brand?post=5647"},{"taxonomy":"product_cat","embeddable":true,"href":"https:\/\/etev7e.pef.czu.cz\/zs2223\/wp-json\/wp\/v2\/product_cat?post=5647"},{"taxonomy":"product_tag","embeddable":true,"href":"https:\/\/etev7e.pef.czu.cz\/zs2223\/wp-json\/wp\/v2\/product_tag?post=5647"}],"curies":[{"name":"wp","href":"https:\/\/api.w.org\/{rel}","templated":true}]}}