{"id":5661,"date":"2024-11-11T14:35:47","date_gmt":"2024-11-11T13:35:47","guid":{"rendered":"https:\/\/etev7e.pef.czu.cz\/zs2223\/?post_type=product&#038;p=5661"},"modified":"2024-11-11T14:35:47","modified_gmt":"2024-11-11T13:35:47","slug":"tlakovy-hrnec-2","status":"publish","type":"product","link":"https:\/\/etev7e.pef.czu.cz\/zs2223\/produkt\/tlakovy-hrnec-2\/","title":{"rendered":"Tlakov\u00fd hrnec"},"content":{"rendered":"<p dir=\"ltr\">S t\u00edmto hrncem je va\u0159en\u00ed snadn\u011bj\u0161\u00ed, \u010dasov\u011b a energeticky \u00fasporn\u011bj\u0161\u00ed. Tento pomocn\u00edk do kuchyn\u011b je vhodn\u00fd na rychlou jak\u00e9hokoliv pokrmu ani\u017e by nastalo riziko rozva\u0159en\u00ed.<\/p>\n<p dir=\"ltr\">Hrnec je vybaven indik\u00e1torem tlaku a dvoj\u00edm bezpe\u010dnostn\u00edm ventilem. D\u00e1le pak pojistkou, kter\u00e1 p\u016fsob\u00ed proti p\u0159etlaku. Pro jednoduchou manipulaci slou\u017e\u00ed masivn\u00ed madla, kter\u00e1 rovn\u011b\u017e nep\u00e1l\u00ed a jsou i sklopn\u00e1 a tud\u00ed\u017e hrnec nezabere tolik \u00falo\u017en\u00e9ho prostoru.<\/p>\n","protected":false},"excerpt":{"rendered":"<p>S t\u00edmto hrncem je va\u0159en\u00ed snadn\u011bj\u0161\u00ed, \u010dasov\u011b a energeticky \u00fasporn\u011bj\u0161\u00ed. Tento pomocn\u00edk do kuchyn\u011b je vhodn\u00fd na rychlou jak\u00e9hokoliv pokrmu ani\u017e by nastalo riziko rozva\u0159en\u00ed.<\/p>\n","protected":false},"featured_media":5664,"comment_status":"open","ping_status":"closed","template":"","meta":[],"product_brand":[],"product_cat":[1687],"product_tag":[803,1046,927],"class_list":{"0":"post-5661","1":"product","2":"type-product","3":"status-publish","4":"has-post-thumbnail","6":"product_cat-kuchynskespotrebice","7":"product_tag-hrnec","8":"product_tag-kuchynske-spotrebice","9":"product_tag-nadobi","11":"first","12":"instock","13":"sale","14":"taxable","15":"shipping-taxable","16":"purchasable","17":"product-type-simple"},"jetpack_sharing_enabled":true,"_links":{"self":[{"href":"https:\/\/etev7e.pef.czu.cz\/zs2223\/wp-json\/wp\/v2\/product\/5661","targetHints":{"allow":["GET"]}}],"collection":[{"href":"https:\/\/etev7e.pef.czu.cz\/zs2223\/wp-json\/wp\/v2\/product"}],"about":[{"href":"https:\/\/etev7e.pef.czu.cz\/zs2223\/wp-json\/wp\/v2\/types\/product"}],"replies":[{"embeddable":true,"href":"https:\/\/etev7e.pef.czu.cz\/zs2223\/wp-json\/wp\/v2\/comments?post=5661"}],"wp:featuredmedia":[{"embeddable":true,"href":"https:\/\/etev7e.pef.czu.cz\/zs2223\/wp-json\/wp\/v2\/media\/5664"}],"wp:attachment":[{"href":"https:\/\/etev7e.pef.czu.cz\/zs2223\/wp-json\/wp\/v2\/media?parent=5661"}],"wp:term":[{"taxonomy":"product_brand","embeddable":true,"href":"https:\/\/etev7e.pef.czu.cz\/zs2223\/wp-json\/wp\/v2\/product_brand?post=5661"},{"taxonomy":"product_cat","embeddable":true,"href":"https:\/\/etev7e.pef.czu.cz\/zs2223\/wp-json\/wp\/v2\/product_cat?post=5661"},{"taxonomy":"product_tag","embeddable":true,"href":"https:\/\/etev7e.pef.czu.cz\/zs2223\/wp-json\/wp\/v2\/product_tag?post=5661"}],"curies":[{"name":"wp","href":"https:\/\/api.w.org\/{rel}","templated":true}]}}