{"id":5666,"date":"2024-11-11T14:39:49","date_gmt":"2024-11-11T13:39:49","guid":{"rendered":"https:\/\/etev7e.pef.czu.cz\/zs2223\/?post_type=product&#038;p=5666"},"modified":"2024-11-11T14:56:47","modified_gmt":"2024-11-11T13:56:47","slug":"rychlovarna-konvice","status":"publish","type":"product","link":"https:\/\/etev7e.pef.czu.cz\/zs2223\/produkt\/rychlovarna-konvice\/","title":{"rendered":"Rychlovarn\u00e1 konvice"},"content":{"rendered":"<p>Stylov\u00e1 rychlovarn\u00e1 konvice s objemem 1,5 litru nab\u00edz\u00ed rychl\u00fd a spolehliv\u00fd oh\u0159ev vody na k\u00e1vu, \u010daj, \u010di jin\u00e9 tepl\u00e9 n\u00e1poje. Je vybavena jasn\u00fdm indik\u00e1torem hladiny vody a bezpe\u010dnostn\u00edm vyp\u00ednac\u00edm syst\u00e9mem, kter\u00e9 zajist\u00ed, \u017ee se konvice automaticky vypne po dosa\u017een\u00ed bodu varu. Disponuje ergonomickou rukojet\u00ed, kter\u00e1 zaji\u0161\u0165uje pohodlnou manipulaci. D\u00edky modern\u00edmu \u010dern\u00e9mu designu se skv\u011ble hod\u00ed do ka\u017ed\u00e9 modern\u00ed kuchyn\u011b.<\/p>\n<p>&nbsp;<\/p>\n","protected":false},"excerpt":{"rendered":"<p>Stylov\u00e1 rychlovarn\u00e1 konvice s objemem 1,5 litru nab\u00edz\u00ed rychl\u00fd oh\u0159ev vody. M\u00e1 jasn\u00fd indik\u00e1tor hladiny vody, bezpe\u010dnostn\u00ed vyp\u00ednac\u00ed syst\u00e9m a ergonomickou rukoje\u0165. Modern\u00ed \u010dern\u00fd design se hod\u00ed do ka\u017ed\u00e9 kuchyn\u011b.<\/p>\n","protected":false},"featured_media":5671,"comment_status":"open","ping_status":"closed","template":"","meta":[],"product_brand":[],"product_cat":[1687],"product_tag":[421,1014,1013],"class_list":{"0":"post-5666","1":"product","2":"type-product","3":"status-publish","4":"has-post-thumbnail","6":"product_cat-kuchynskespotrebice","7":"product_tag-caj","8":"product_tag-konvice","9":"product_tag-rychlovarna-konvice","11":"first","12":"instock","13":"sale","14":"taxable","15":"shipping-taxable","16":"purchasable","17":"product-type-simple"},"jetpack_sharing_enabled":true,"_links":{"self":[{"href":"https:\/\/etev7e.pef.czu.cz\/zs2223\/wp-json\/wp\/v2\/product\/5666","targetHints":{"allow":["GET"]}}],"collection":[{"href":"https:\/\/etev7e.pef.czu.cz\/zs2223\/wp-json\/wp\/v2\/product"}],"about":[{"href":"https:\/\/etev7e.pef.czu.cz\/zs2223\/wp-json\/wp\/v2\/types\/product"}],"replies":[{"embeddable":true,"href":"https:\/\/etev7e.pef.czu.cz\/zs2223\/wp-json\/wp\/v2\/comments?post=5666"}],"wp:featuredmedia":[{"embeddable":true,"href":"https:\/\/etev7e.pef.czu.cz\/zs2223\/wp-json\/wp\/v2\/media\/5671"}],"wp:attachment":[{"href":"https:\/\/etev7e.pef.czu.cz\/zs2223\/wp-json\/wp\/v2\/media?parent=5666"}],"wp:term":[{"taxonomy":"product_brand","embeddable":true,"href":"https:\/\/etev7e.pef.czu.cz\/zs2223\/wp-json\/wp\/v2\/product_brand?post=5666"},{"taxonomy":"product_cat","embeddable":true,"href":"https:\/\/etev7e.pef.czu.cz\/zs2223\/wp-json\/wp\/v2\/product_cat?post=5666"},{"taxonomy":"product_tag","embeddable":true,"href":"https:\/\/etev7e.pef.czu.cz\/zs2223\/wp-json\/wp\/v2\/product_tag?post=5666"}],"curies":[{"name":"wp","href":"https:\/\/api.w.org\/{rel}","templated":true}]}}