{"id":5667,"date":"2024-11-11T14:41:39","date_gmt":"2024-11-11T13:41:39","guid":{"rendered":"https:\/\/etev7e.pef.czu.cz\/zs2223\/?post_type=product&#038;p=5667"},"modified":"2024-11-11T14:41:39","modified_gmt":"2024-11-11T13:41:39","slug":"kuchynsky-robot-2","status":"publish","type":"product","link":"https:\/\/etev7e.pef.czu.cz\/zs2223\/produkt\/kuchynsky-robot-2\/","title":{"rendered":"Kuchy\u0148sk\u00fd robot"},"content":{"rendered":"<p>Kenwood KM Chef KVC3100S je ide\u00e1ln\u00ed volbou pro v\u0161echny, kte\u0159\u00ed hledaj\u00ed v\u00fdkonn\u00fd a v\u0161estrann\u00fd kuchy\u0148sk\u00fd robot. S robustn\u00edm 1000W motorem, a velkou 4,6litrovou nerezovou m\u00edsou, zvl\u00e1dne hrav\u011b hn\u011bten\u00ed t\u011bsta, \u0161leh\u00e1n\u00ed i m\u00edch\u00e1n\u00ed r\u016fzn\u00fdch surovin. D\u00edky variabiln\u00edmu nastaven\u00ed rychlosti m\u00e1te plnou kontrolu nad p\u0159\u00edpravou pokrm\u016f, a to od jemn\u00e9ho m\u00edch\u00e1n\u00ed po intenzivn\u00ed \u0161leh\u00e1n\u00ed. Sada obsahuje kvalitn\u00ed n\u00e1stavce, kter\u00e9 v\u00e1m usnadn\u00ed p\u0159\u00edpravu \u0161irok\u00e9 \u0161k\u00e1ly pokrm\u016f, od pe\u010diva a\u017e po kr\u00e9mov\u00e9 om\u00e1\u010dky. Design Kenwood KM Chef KVC3100S je nejen elegantn\u00ed, ale tak\u00e9 praktick\u00fd \u2013 jeho kompaktn\u00ed rozm\u011bry zaru\u010duj\u00ed, \u017ee zapadne do ka\u017ed\u00e9 kuchyn\u011b.<\/p>\n","protected":false},"excerpt":{"rendered":"<p>Kenwood KM Chef KVC3100S je v\u00fdkonn\u00fd a v\u0161estrann\u00fd kuchy\u0148sk\u00fd robot s robustn\u00edm 1000W motorem a 4,6litrovou nerezovou m\u00edsou, ide\u00e1ln\u00ed pro r\u016fzn\u00e9 kulin\u00e1\u0159sk\u00e9 \u00fakoly.<\/p>\n","protected":false},"featured_media":5668,"comment_status":"open","ping_status":"closed","template":"","meta":[],"product_brand":[],"product_cat":[1687],"product_tag":[1046,1688,1689],"class_list":{"0":"post-5667","1":"product","2":"type-product","3":"status-publish","4":"has-post-thumbnail","6":"product_cat-kuchynskespotrebice","7":"product_tag-kuchynske-spotrebice","8":"product_tag-kuchynsky-robot","9":"product_tag-mixery","11":"first","12":"instock","13":"taxable","14":"shipping-taxable","15":"purchasable","16":"product-type-simple"},"jetpack_sharing_enabled":true,"_links":{"self":[{"href":"https:\/\/etev7e.pef.czu.cz\/zs2223\/wp-json\/wp\/v2\/product\/5667","targetHints":{"allow":["GET"]}}],"collection":[{"href":"https:\/\/etev7e.pef.czu.cz\/zs2223\/wp-json\/wp\/v2\/product"}],"about":[{"href":"https:\/\/etev7e.pef.czu.cz\/zs2223\/wp-json\/wp\/v2\/types\/product"}],"replies":[{"embeddable":true,"href":"https:\/\/etev7e.pef.czu.cz\/zs2223\/wp-json\/wp\/v2\/comments?post=5667"}],"wp:featuredmedia":[{"embeddable":true,"href":"https:\/\/etev7e.pef.czu.cz\/zs2223\/wp-json\/wp\/v2\/media\/5668"}],"wp:attachment":[{"href":"https:\/\/etev7e.pef.czu.cz\/zs2223\/wp-json\/wp\/v2\/media?parent=5667"}],"wp:term":[{"taxonomy":"product_brand","embeddable":true,"href":"https:\/\/etev7e.pef.czu.cz\/zs2223\/wp-json\/wp\/v2\/product_brand?post=5667"},{"taxonomy":"product_cat","embeddable":true,"href":"https:\/\/etev7e.pef.czu.cz\/zs2223\/wp-json\/wp\/v2\/product_cat?post=5667"},{"taxonomy":"product_tag","embeddable":true,"href":"https:\/\/etev7e.pef.czu.cz\/zs2223\/wp-json\/wp\/v2\/product_tag?post=5667"}],"curies":[{"name":"wp","href":"https:\/\/api.w.org\/{rel}","templated":true}]}}