{"id":5672,"date":"2024-11-11T14:47:44","date_gmt":"2024-11-11T13:47:44","guid":{"rendered":"https:\/\/etev7e.pef.czu.cz\/zs2223\/?post_type=product&#038;p=5672"},"modified":"2024-11-11T14:48:13","modified_gmt":"2024-11-11T13:48:13","slug":"moka-konvice-2","status":"publish","type":"product","link":"https:\/\/etev7e.pef.czu.cz\/zs2223\/produkt\/moka-konvice-2\/","title":{"rendered":"Moka konvice"},"content":{"rendered":"<p>Hlin\u00edkov\u00e1 moka konvi\u010dka je tradi\u010dn\u00ed italsk\u00fd k\u00e1vovar, kter\u00fd umo\u017e\u0148uje snadnou p\u0159\u00edpravu siln\u00e9 a aromatick\u00e9 k\u00e1vy p\u0159\u00edmo z domova. Je vyrobena z kvalitn\u00edho hlin\u00edku, zaji\u0161\u0165uje rovnom\u011brn\u00e9 zah\u0159\u00edv\u00e1n\u00ed vody a optim\u00e1ln\u00ed extrakci k\u00e1vy. Rukoje\u0165 je tepeln\u011b odoln\u00e1 a umo\u017e\u0148uje snadnou manipulaci s konvi\u010dkou. Konvici lze pou\u017e\u00edt na plynov\u00e9, elektrick\u00e9 a sklokeramick\u00e9 spor\u00e1ky a snadno se rozeb\u00edr\u00e1 a \u010dist\u00ed. Je ide\u00e1ln\u00ed pro p\u0159\u00edpravu 2 \u0161\u00e1lk\u016f k\u00e1vy. Sou\u010d\u00e1st\u00ed balen\u00ed je konvice a hlin\u00edkov\u00fd filtr.<\/p>\n","protected":false},"excerpt":{"rendered":"<p>Hlin\u00edkov\u00e1 moka konvi\u010dka je tradi\u010dn\u00ed italsk\u00fd k\u00e1vovar pro snadnou p\u0159\u00edpravu siln\u00e9 k\u00e1vy doma, s tepeln\u011b odolnou rukojet\u00ed a pou\u017eiteln\u00e1 na r\u016fzn\u00fdch typech spor\u00e1k\u016f.<\/p>\n","protected":false},"featured_media":5673,"comment_status":"open","ping_status":"closed","template":"","meta":[],"product_brand":[],"product_cat":[1687],"product_tag":[112,1019,1014,1046,1693],"class_list":{"0":"post-5672","1":"product","2":"type-product","3":"status-publish","4":"has-post-thumbnail","6":"product_cat-kuchynskespotrebice","7":"product_tag-kava","8":"product_tag-kavovar","9":"product_tag-konvice","10":"product_tag-kuchynske-spotrebice","11":"product_tag-moka","13":"first","14":"instock","15":"taxable","16":"shipping-taxable","17":"purchasable","18":"product-type-simple"},"jetpack_sharing_enabled":true,"_links":{"self":[{"href":"https:\/\/etev7e.pef.czu.cz\/zs2223\/wp-json\/wp\/v2\/product\/5672","targetHints":{"allow":["GET"]}}],"collection":[{"href":"https:\/\/etev7e.pef.czu.cz\/zs2223\/wp-json\/wp\/v2\/product"}],"about":[{"href":"https:\/\/etev7e.pef.czu.cz\/zs2223\/wp-json\/wp\/v2\/types\/product"}],"replies":[{"embeddable":true,"href":"https:\/\/etev7e.pef.czu.cz\/zs2223\/wp-json\/wp\/v2\/comments?post=5672"}],"wp:featuredmedia":[{"embeddable":true,"href":"https:\/\/etev7e.pef.czu.cz\/zs2223\/wp-json\/wp\/v2\/media\/5673"}],"wp:attachment":[{"href":"https:\/\/etev7e.pef.czu.cz\/zs2223\/wp-json\/wp\/v2\/media?parent=5672"}],"wp:term":[{"taxonomy":"product_brand","embeddable":true,"href":"https:\/\/etev7e.pef.czu.cz\/zs2223\/wp-json\/wp\/v2\/product_brand?post=5672"},{"taxonomy":"product_cat","embeddable":true,"href":"https:\/\/etev7e.pef.czu.cz\/zs2223\/wp-json\/wp\/v2\/product_cat?post=5672"},{"taxonomy":"product_tag","embeddable":true,"href":"https:\/\/etev7e.pef.czu.cz\/zs2223\/wp-json\/wp\/v2\/product_tag?post=5672"}],"curies":[{"name":"wp","href":"https:\/\/api.w.org\/{rel}","templated":true}]}}