{"id":5692,"date":"2024-11-12T08:11:31","date_gmt":"2024-11-12T07:11:31","guid":{"rendered":"https:\/\/etev7e.pef.czu.cz\/zs2223\/?post_type=product&#038;p=5692"},"modified":"2024-12-15T12:36:15","modified_gmt":"2024-12-15T11:36:15","slug":"zweigeltrebe-rose-2023","status":"publish","type":"product","link":"https:\/\/etev7e.pef.czu.cz\/zs2223\/produkt\/zweigeltrebe-rose-2023\/","title":{"rendered":"Zweigeltrebe ros\u00e9 2023"},"content":{"rendered":"<p>Toto v\u00edno v\u00e1s na prvn\u00ed pohled okouzl\u00ed svou kr\u00e1snou barvou p\u0159ipom\u00ednaj\u00edc\u00ed cibulovou slupku, kter\u00e1 je jemn\u00e1, a p\u0159itom v\u00fdrazn\u00e1, l\u00e1kaj\u00edc\u00ed k ochutn\u00e1n\u00ed. Po p\u0159ivon\u011bn\u00ed uc\u00edt\u00edte p\u0159\u00edjemn\u00e9 ovocn\u00e9 t\u00f3ny, v nich\u017e se m\u00eds\u00ed jemn\u00e9 nuance pomela. Tato citrusov\u00e1 v\u016fn\u011b dod\u00e1v\u00e1 v\u00ednu eleganci a sv\u011b\u017eest, kter\u00e1 pot\u011b\u0161\u00ed svou nenucenost\u00ed.<\/p>\n<p>V\u00fdborn\u011b dopln\u00ed pokrmy z grilovan\u00fdch ryb, a\u0165 u\u017e jemn\u011b marinovan\u00fdch nebo lehce oko\u0159en\u011bn\u00fdch, stejn\u011b tak jako dr\u016fbe\u017e\u00ed maso. Toto v\u00edno se rovn\u011b\u017e kr\u00e1sn\u011b snoub\u00ed s lehk\u00fdmi, pestr\u00fdmi letn\u00edmi sal\u00e1ty a grilovanou zeleninou, co\u017e z n\u011bj \u010din\u00ed dokonal\u00fd dopln\u011bk pro rozmanit\u00e9 pokrmy.<\/p>\n<p>Pokud hled\u00e1te alternativu, m\u016f\u017eete zkusit jin\u00e9 r\u016f\u017eov\u00e9 v\u00edno z odr\u016fd, jako je Cabernet Sauvignon nebo Pinot Noir, p\u0159\u00edpadn\u011b s\u00e1hnout po lehk\u00e9m Sauvignon Blanc nebo ovocn\u00e9m koktejlu, kter\u00fd v\u00e1m nab\u00eddne podobnou sv\u011b\u017eest.<\/p>\n<p>Aby v\u00edno naplno rozvinulo sv\u00e9 aroma i chu\u0165, doporu\u010duje se pod\u00e1vat p\u0159i teplot\u011b 9\u201311 \u00b0C.<\/p>\n","protected":false},"excerpt":{"rendered":"<p>Toto v\u00edno se py\u0161n\u00ed n\u00e1dhernou barvou cibulov\u00e9 slupky, kter\u00e1 l\u00e1k\u00e1 k ochutn\u00e1n\u00ed. V\u016fn\u011b je p\u0159\u00edjemn\u00e1 a ovocn\u00e1, s jemn\u00fdmi t\u00f3ny pomela, kter\u00e9 dod\u00e1vaj\u00ed elegantn\u00ed nuance. Na pat\u0159e se v\u00edno vyzna\u010duje vyv\u00e1\u017eenou a sv\u011b\u017e\u00ed chut\u00ed, kter\u00e1 osv\u011b\u017e\u00ed va\u0161e smysly a pot\u011b\u0161\u00ed hravou kyselinkou. Ide\u00e1ln\u00ed spole\u010dn\u00edk pro letn\u00ed grilov\u00e1n\u00ed, skv\u011ble dopln\u00ed grilovan\u00e9 ryby, dr\u016fbe\u017e a pestr\u00e9 pokrmy z grilovan\u00e9 zeleniny.<\/p>\n","protected":false},"featured_media":5693,"comment_status":"open","ping_status":"closed","template":"","meta":[],"product_brand":[],"product_cat":[1669,1694],"product_tag":[1695,1608,1671,1696],"class_list":{"0":"post-5692","1":"product","2":"type-product","3":"status-publish","4":"has-post-thumbnail","6":"product_cat-vina-czu","7":"product_cat-ruzova-vina","8":"product_tag-ruzova-vina","9":"product_tag-suche-vino","10":"product_tag-vinarstvi-czu","11":"product_tag-zweigeltrebe-rose","13":"first","14":"instock","15":"sale","16":"taxable","17":"shipping-taxable","18":"purchasable","19":"product-type-simple"},"jetpack_sharing_enabled":true,"_links":{"self":[{"href":"https:\/\/etev7e.pef.czu.cz\/zs2223\/wp-json\/wp\/v2\/product\/5692","targetHints":{"allow":["GET"]}}],"collection":[{"href":"https:\/\/etev7e.pef.czu.cz\/zs2223\/wp-json\/wp\/v2\/product"}],"about":[{"href":"https:\/\/etev7e.pef.czu.cz\/zs2223\/wp-json\/wp\/v2\/types\/product"}],"replies":[{"embeddable":true,"href":"https:\/\/etev7e.pef.czu.cz\/zs2223\/wp-json\/wp\/v2\/comments?post=5692"}],"wp:featuredmedia":[{"embeddable":true,"href":"https:\/\/etev7e.pef.czu.cz\/zs2223\/wp-json\/wp\/v2\/media\/5693"}],"wp:attachment":[{"href":"https:\/\/etev7e.pef.czu.cz\/zs2223\/wp-json\/wp\/v2\/media?parent=5692"}],"wp:term":[{"taxonomy":"product_brand","embeddable":true,"href":"https:\/\/etev7e.pef.czu.cz\/zs2223\/wp-json\/wp\/v2\/product_brand?post=5692"},{"taxonomy":"product_cat","embeddable":true,"href":"https:\/\/etev7e.pef.czu.cz\/zs2223\/wp-json\/wp\/v2\/product_cat?post=5692"},{"taxonomy":"product_tag","embeddable":true,"href":"https:\/\/etev7e.pef.czu.cz\/zs2223\/wp-json\/wp\/v2\/product_tag?post=5692"}],"curies":[{"name":"wp","href":"https:\/\/api.w.org\/{rel}","templated":true}]}}