{"id":5711,"date":"2024-11-12T18:25:18","date_gmt":"2024-11-12T17:25:18","guid":{"rendered":"https:\/\/etev7e.pef.czu.cz\/zs2223\/?post_type=product&#038;p=5711"},"modified":"2024-11-12T18:31:18","modified_gmt":"2024-11-12T17:31:18","slug":"batikovane-tricko","status":"publish","type":"product","link":"https:\/\/etev7e.pef.czu.cz\/zs2223\/produkt\/batikovane-tricko\/","title":{"rendered":"Batikovan\u00e9 tri\u010dko"},"content":{"rendered":"<p id=\"yui_3_17_2_1_1731423226530_30\" dir=\"ltr\"><span id=\"yui_3_17_2_1_1731423226530_36\">Origin\u00e1ln\u00ed batikovan\u00e9 tri\u010dko z kvalitn\u00ed bavlny, ru\u010dn\u011b barven\u00e9 unik\u00e1tn\u00ed technikou batikov\u00e1n\u00ed. Ka\u017ed\u00fd kousek je jedine\u010dn\u00fd d\u00edky nepravideln\u00fdm vzor\u016fm, kter\u00e9 vynikaj\u00ed v \u017eiv\u00fdch a z\u00e1\u0159iv\u00fdch barv\u00e1ch. Ide\u00e1ln\u00ed volba pro ty, kte\u0159\u00ed hledaj\u00ed pohodln\u00fd, ale stylov\u00fd kousek s um\u011bleck\u00fdm n\u00e1dechem. Skv\u011ble se hod\u00ed k letn\u00edmu outfitu nebo jako v\u00fdrazn\u00fd prvek volno\u010dasov\u00e9 m\u00f3dy.<\/span><\/p>\n","protected":false},"excerpt":{"rendered":"<p>Origin\u00e1ln\u00ed batikovan\u00e9 tri\u010dko z kvalitn\u00ed bavlny, ru\u010dn\u011b barven\u00e9 jedine\u010dnou technikou. Ka\u017ed\u00fd kus m\u00e1 unik\u00e1tn\u00ed vzor v \u017eiv\u00fdch barv\u00e1ch, kter\u00fd dod\u00e1 va\u0161emu outfitu stylov\u00fd a um\u011bleck\u00fd n\u00e1dech.<\/p>\n","protected":false},"featured_media":5627,"comment_status":"open","ping_status":"closed","template":"","meta":[],"product_brand":[],"product_cat":[1670],"product_tag":[1711,1724,403,1712,1713,1714],"class_list":{"0":"post-5711","1":"product","2":"type-product","3":"status-publish","4":"has-post-thumbnail","6":"product_cat-batikovaneprodukty","7":"product_tag-batika","8":"product_tag-batikovane-tricko","9":"product_tag-handmade","10":"product_tag-originalni","11":"product_tag-tricko","12":"product_tag-triko","14":"first","15":"instock","16":"sale","17":"taxable","18":"shipping-taxable","19":"purchasable","20":"product-type-simple"},"jetpack_sharing_enabled":true,"_links":{"self":[{"href":"https:\/\/etev7e.pef.czu.cz\/zs2223\/wp-json\/wp\/v2\/product\/5711","targetHints":{"allow":["GET"]}}],"collection":[{"href":"https:\/\/etev7e.pef.czu.cz\/zs2223\/wp-json\/wp\/v2\/product"}],"about":[{"href":"https:\/\/etev7e.pef.czu.cz\/zs2223\/wp-json\/wp\/v2\/types\/product"}],"replies":[{"embeddable":true,"href":"https:\/\/etev7e.pef.czu.cz\/zs2223\/wp-json\/wp\/v2\/comments?post=5711"}],"wp:featuredmedia":[{"embeddable":true,"href":"https:\/\/etev7e.pef.czu.cz\/zs2223\/wp-json\/wp\/v2\/media\/5627"}],"wp:attachment":[{"href":"https:\/\/etev7e.pef.czu.cz\/zs2223\/wp-json\/wp\/v2\/media?parent=5711"}],"wp:term":[{"taxonomy":"product_brand","embeddable":true,"href":"https:\/\/etev7e.pef.czu.cz\/zs2223\/wp-json\/wp\/v2\/product_brand?post=5711"},{"taxonomy":"product_cat","embeddable":true,"href":"https:\/\/etev7e.pef.czu.cz\/zs2223\/wp-json\/wp\/v2\/product_cat?post=5711"},{"taxonomy":"product_tag","embeddable":true,"href":"https:\/\/etev7e.pef.czu.cz\/zs2223\/wp-json\/wp\/v2\/product_tag?post=5711"}],"curies":[{"name":"wp","href":"https:\/\/api.w.org\/{rel}","templated":true}]}}