{"id":5718,"date":"2024-11-12T18:30:07","date_gmt":"2024-11-12T17:30:07","guid":{"rendered":"https:\/\/etev7e.pef.czu.cz\/zs2223\/?post_type=product&#038;p=5718"},"modified":"2024-11-12T18:33:44","modified_gmt":"2024-11-12T17:33:44","slug":"batikovany-vak","status":"publish","type":"product","link":"https:\/\/etev7e.pef.czu.cz\/zs2223\/produkt\/batikovany-vak\/","title":{"rendered":"Batikovan\u00fd vak"},"content":{"rendered":"<p>Praktick\u00fd a stylov\u00fd batikovan\u00fd vak vyroben\u00fd z odoln\u00e9ho materi\u00e1lu, kter\u00fd je ide\u00e1ln\u00ed pro ka\u017edodenn\u00ed no\u0161en\u00ed. Vak je ru\u010dn\u011b barven\u00fd technikou batikov\u00e1n\u00ed, d\u00edky kter\u00e9 je ka\u017ed\u00fd kousek jedine\u010dn\u00fd. Z\u00e1rove\u0148 je lehk\u00fd, snadno p\u0159enosn\u00fd a dostate\u010dn\u011b prostorn\u00fd na v\u0161echny va\u0161e nezbytnosti \u2013 a\u0165 u\u017e jdete na v\u00fdlet, do \u0161koly, nebo na festival. P\u0159idejte do sv\u00e9ho \u0161atn\u00edku origin\u00e1ln\u00ed dopln\u011bk, kter\u00fd spojuje funk\u010dnost s kreativitou.<\/p>\n","protected":false},"excerpt":{"rendered":"<p>Stylov\u00fd batikovan\u00fd vak z odoln\u00e9ho materi\u00e1lu, ru\u010dn\u011b barven\u00fd a jedine\u010dn\u00fd. Lehk\u00fd, prostorn\u00fd a ide\u00e1ln\u00ed pro ka\u017edodenn\u00ed no\u0161en\u00ed \u2013 skv\u011bl\u00fd na v\u00fdlety, do \u0161koly nebo na festival.<\/p>\n","protected":false},"featured_media":5719,"comment_status":"open","ping_status":"closed","template":"","meta":[],"product_brand":[],"product_cat":[1670],"product_tag":[1711,1716,403,1712,1715],"class_list":{"0":"post-5718","1":"product","2":"type-product","3":"status-publish","4":"has-post-thumbnail","6":"product_cat-batikovaneprodukty","7":"product_tag-batika","8":"product_tag-batikovany-vak","9":"product_tag-handmade","10":"product_tag-originalni","11":"product_tag-vak","13":"first","14":"instock","15":"sale","16":"taxable","17":"shipping-taxable","18":"purchasable","19":"product-type-simple"},"jetpack_sharing_enabled":true,"_links":{"self":[{"href":"https:\/\/etev7e.pef.czu.cz\/zs2223\/wp-json\/wp\/v2\/product\/5718","targetHints":{"allow":["GET"]}}],"collection":[{"href":"https:\/\/etev7e.pef.czu.cz\/zs2223\/wp-json\/wp\/v2\/product"}],"about":[{"href":"https:\/\/etev7e.pef.czu.cz\/zs2223\/wp-json\/wp\/v2\/types\/product"}],"replies":[{"embeddable":true,"href":"https:\/\/etev7e.pef.czu.cz\/zs2223\/wp-json\/wp\/v2\/comments?post=5718"}],"wp:featuredmedia":[{"embeddable":true,"href":"https:\/\/etev7e.pef.czu.cz\/zs2223\/wp-json\/wp\/v2\/media\/5719"}],"wp:attachment":[{"href":"https:\/\/etev7e.pef.czu.cz\/zs2223\/wp-json\/wp\/v2\/media?parent=5718"}],"wp:term":[{"taxonomy":"product_brand","embeddable":true,"href":"https:\/\/etev7e.pef.czu.cz\/zs2223\/wp-json\/wp\/v2\/product_brand?post=5718"},{"taxonomy":"product_cat","embeddable":true,"href":"https:\/\/etev7e.pef.czu.cz\/zs2223\/wp-json\/wp\/v2\/product_cat?post=5718"},{"taxonomy":"product_tag","embeddable":true,"href":"https:\/\/etev7e.pef.czu.cz\/zs2223\/wp-json\/wp\/v2\/product_tag?post=5718"}],"curies":[{"name":"wp","href":"https:\/\/api.w.org\/{rel}","templated":true}]}}