{"id":5720,"date":"2024-11-12T18:28:43","date_gmt":"2024-11-12T17:28:43","guid":{"rendered":"https:\/\/etev7e.pef.czu.cz\/zs2223\/?post_type=product&#038;p=5720"},"modified":"2024-11-12T18:34:25","modified_gmt":"2024-11-12T17:34:25","slug":"batikovane-ponozky","status":"publish","type":"product","link":"https:\/\/etev7e.pef.czu.cz\/zs2223\/produkt\/batikovane-ponozky\/","title":{"rendered":"Batikovan\u00e9 pono\u017eky"},"content":{"rendered":"<p>Unik\u00e1tn\u00ed batikovan\u00e9 pono\u017eky, kter\u00e9 dodaj\u00ed va\u0161emu outfitu \u0161petku barevn\u00e9 originality. Ka\u017ed\u00fd p\u00e1r je ru\u010dn\u011b barven\u00fd technikou batikov\u00e1n\u00ed, co\u017e zaru\u010duje jedine\u010dn\u00fd vzor. Pono\u017eky jsou vyroben\u00e9 z m\u011bkk\u00e9ho a pohodln\u00e9ho materi\u00e1lu, kter\u00fd zajist\u00ed komfort po cel\u00fd den. Tyto pono\u017eky nejen skv\u011ble vypadaj\u00ed, ale tak\u00e9 se hod\u00ed ke ka\u017edodenn\u00edmu no\u0161en\u00ed nebo jako vesel\u00fd dopln\u011bk pro speci\u00e1ln\u00ed p\u0159\u00edle\u017eitosti.<\/p>\n","protected":false},"excerpt":{"rendered":"<p>Unik\u00e1tn\u00ed batikovan\u00e9 pono\u017eky, ru\u010dn\u011b barven\u00e9 pro jedine\u010dn\u00fd vzor. Vyroben\u00e9 z m\u011bkk\u00e9ho materi\u00e1lu pro celodenn\u00ed komfort, ide\u00e1ln\u00ed pro ka\u017edodenn\u00ed no\u0161en\u00ed i speci\u00e1ln\u00ed p\u0159\u00edle\u017eitosti.<\/p>\n","protected":false},"featured_media":5721,"comment_status":"open","ping_status":"closed","template":"","meta":[],"product_brand":[],"product_cat":[1670],"product_tag":[1711,1718,403,1712,1717,1091,1719],"class_list":{"0":"post-5720","1":"product","2":"type-product","3":"status-publish","4":"has-post-thumbnail","6":"product_cat-batikovaneprodukty","7":"product_tag-batika","8":"product_tag-batikovane-ponozky","9":"product_tag-handmade","10":"product_tag-originalni","11":"product_tag-ponozky","12":"product_tag-unisex","13":"product_tag-vysoke-ponozky","15":"first","16":"instock","17":"sale","18":"taxable","19":"shipping-taxable","20":"purchasable","21":"product-type-simple"},"jetpack_sharing_enabled":true,"_links":{"self":[{"href":"https:\/\/etev7e.pef.czu.cz\/zs2223\/wp-json\/wp\/v2\/product\/5720","targetHints":{"allow":["GET"]}}],"collection":[{"href":"https:\/\/etev7e.pef.czu.cz\/zs2223\/wp-json\/wp\/v2\/product"}],"about":[{"href":"https:\/\/etev7e.pef.czu.cz\/zs2223\/wp-json\/wp\/v2\/types\/product"}],"replies":[{"embeddable":true,"href":"https:\/\/etev7e.pef.czu.cz\/zs2223\/wp-json\/wp\/v2\/comments?post=5720"}],"wp:featuredmedia":[{"embeddable":true,"href":"https:\/\/etev7e.pef.czu.cz\/zs2223\/wp-json\/wp\/v2\/media\/5721"}],"wp:attachment":[{"href":"https:\/\/etev7e.pef.czu.cz\/zs2223\/wp-json\/wp\/v2\/media?parent=5720"}],"wp:term":[{"taxonomy":"product_brand","embeddable":true,"href":"https:\/\/etev7e.pef.czu.cz\/zs2223\/wp-json\/wp\/v2\/product_brand?post=5720"},{"taxonomy":"product_cat","embeddable":true,"href":"https:\/\/etev7e.pef.czu.cz\/zs2223\/wp-json\/wp\/v2\/product_cat?post=5720"},{"taxonomy":"product_tag","embeddable":true,"href":"https:\/\/etev7e.pef.czu.cz\/zs2223\/wp-json\/wp\/v2\/product_tag?post=5720"}],"curies":[{"name":"wp","href":"https:\/\/api.w.org\/{rel}","templated":true}]}}