{"id":5722,"date":"2024-11-12T18:27:53","date_gmt":"2024-11-12T17:27:53","guid":{"rendered":"https:\/\/etev7e.pef.czu.cz\/zs2223\/?post_type=product&#038;p=5722"},"modified":"2024-11-12T18:32:52","modified_gmt":"2024-11-12T17:32:52","slug":"batikovana-fair-trade-taska","status":"publish","type":"product","link":"https:\/\/etev7e.pef.czu.cz\/zs2223\/produkt\/batikovana-fair-trade-taska\/","title":{"rendered":"Batikovan\u00e1 fair trade ta\u0161ka"},"content":{"rendered":"<p>Stylov\u00e1 batikovan\u00e1 ta\u0161ka, kter\u00e1 vynik\u00e1 sv\u00fdm ru\u010dn\u011b barevn\u00fdm designem a jedine\u010dn\u00fdm vzorem. Vyroben\u00e1 z pevn\u00e9ho a odoln\u00e9ho materi\u00e1lu, ide\u00e1ln\u00ed pro ka\u017edodenn\u00ed pou\u017eit\u00ed \u2013 a\u0165 u\u017e na n\u00e1kupy, do m\u011bsta nebo na pl\u00e1\u017e. Tato prostorn\u00e1 a lehk\u00e1 ta\u0161ka, s dostate\u010dn\u011b dlouh\u00fdmi uchy pro pohodln\u00e9 no\u0161en\u00ed na rameni je skv\u011bl\u00fdm spojen\u00edm prakti\u010dnosti a origin\u00e1ln\u00edho stylu.<\/p>\n","protected":false},"excerpt":{"rendered":"<p>Stylov\u00e1 batikovan\u00e1 ta\u0161ka z pevn\u00e9 100% bavlny (140 g\/m\u00b2) s ru\u010dn\u011b barven\u00fdm designem. Prostorn\u00e1, lehk\u00e1 a odoln\u00e1, ide\u00e1ln\u00ed na n\u00e1kupy, do m\u011bsta nebo na pl\u00e1\u017e. Rozm\u011bry: 38 x 42 cm, s dlouh\u00fdmi uchy pro pohodln\u00e9 no\u0161en\u00ed na rameni.<\/p>\n","protected":false},"featured_media":5723,"comment_status":"open","ping_status":"closed","template":"","meta":[],"product_brand":[],"product_cat":[1670],"product_tag":[1711,1722,403,1712,1720],"class_list":{"0":"post-5722","1":"product","2":"type-product","3":"status-publish","4":"has-post-thumbnail","6":"product_cat-batikovaneprodukty","7":"product_tag-batika","8":"product_tag-batikovana-taska","9":"product_tag-handmade","10":"product_tag-originalni","11":"product_tag-tasky-batohy","13":"first","14":"instock","15":"sale","16":"taxable","17":"shipping-taxable","18":"purchasable","19":"product-type-simple"},"jetpack_sharing_enabled":true,"_links":{"self":[{"href":"https:\/\/etev7e.pef.czu.cz\/zs2223\/wp-json\/wp\/v2\/product\/5722","targetHints":{"allow":["GET"]}}],"collection":[{"href":"https:\/\/etev7e.pef.czu.cz\/zs2223\/wp-json\/wp\/v2\/product"}],"about":[{"href":"https:\/\/etev7e.pef.czu.cz\/zs2223\/wp-json\/wp\/v2\/types\/product"}],"replies":[{"embeddable":true,"href":"https:\/\/etev7e.pef.czu.cz\/zs2223\/wp-json\/wp\/v2\/comments?post=5722"}],"wp:featuredmedia":[{"embeddable":true,"href":"https:\/\/etev7e.pef.czu.cz\/zs2223\/wp-json\/wp\/v2\/media\/5723"}],"wp:attachment":[{"href":"https:\/\/etev7e.pef.czu.cz\/zs2223\/wp-json\/wp\/v2\/media?parent=5722"}],"wp:term":[{"taxonomy":"product_brand","embeddable":true,"href":"https:\/\/etev7e.pef.czu.cz\/zs2223\/wp-json\/wp\/v2\/product_brand?post=5722"},{"taxonomy":"product_cat","embeddable":true,"href":"https:\/\/etev7e.pef.czu.cz\/zs2223\/wp-json\/wp\/v2\/product_cat?post=5722"},{"taxonomy":"product_tag","embeddable":true,"href":"https:\/\/etev7e.pef.czu.cz\/zs2223\/wp-json\/wp\/v2\/product_tag?post=5722"}],"curies":[{"name":"wp","href":"https:\/\/api.w.org\/{rel}","templated":true}]}}