{"id":5733,"date":"2024-11-13T22:40:48","date_gmt":"2024-11-13T21:40:48","guid":{"rendered":"https:\/\/etev7e.pef.czu.cz\/zs2223\/?post_type=product&#038;p=5733"},"modified":"2024-11-13T22:40:48","modified_gmt":"2024-11-13T21:40:48","slug":"memo-papirky-sakura","status":"publish","type":"product","link":"https:\/\/etev7e.pef.czu.cz\/zs2223\/produkt\/memo-papirky-sakura\/","title":{"rendered":"Memo pap\u00edrky Sakura"},"content":{"rendered":"<p>Memo pap\u00edrky slou\u017e\u00ed s usnadn\u011bn\u00ed si u\u010den\u00ed a jsou perfektn\u00edm dopl\u0148kem jak pro studenty, tak pro profesion\u00e1ly. Mal\u00e9 barevn\u00e9 pap\u00edrky ur\u010den\u00e9 k zapisov\u00e1n\u00ed pozn\u00e1mek, my\u0161lenek nebo p\u0159ipom\u00ednek, kter\u00e9 lze snadno nalepit na r\u016fzn\u00e9 povrchy. Tyto memo pap\u00edrky jsou perfektn\u00ed pro efektivn\u00ed a z\u00e1bavn\u00fd zp\u016fsob, jak si osvojit nov\u00e9 znalosti.<\/p>\n","protected":false},"excerpt":{"rendered":"<p>Memo pap\u00edrky perfektn\u00ed pro efektivn\u00ed a z\u00e1bavn\u00fd zp\u016fsob osvojen\u00ed si nov\u00fdch znalost\u00ed.<\/p>\n","protected":false},"featured_media":5760,"comment_status":"open","ping_status":"closed","template":"","meta":[],"product_brand":[],"product_cat":[1725],"product_tag":[1766,1762,1763,1765,1764],"class_list":{"0":"post-5733","1":"product","2":"type-product","3":"status-publish","4":"has-post-thumbnail","6":"product_cat-skolni-potreby","7":"product_tag-barevne-papirky","8":"product_tag-blocek","9":"product_tag-memo-papirky","10":"product_tag-uceni","11":"product_tag-zapisky","13":"first","14":"instock","15":"taxable","16":"shipping-taxable","17":"purchasable","18":"product-type-simple"},"jetpack_sharing_enabled":true,"_links":{"self":[{"href":"https:\/\/etev7e.pef.czu.cz\/zs2223\/wp-json\/wp\/v2\/product\/5733","targetHints":{"allow":["GET"]}}],"collection":[{"href":"https:\/\/etev7e.pef.czu.cz\/zs2223\/wp-json\/wp\/v2\/product"}],"about":[{"href":"https:\/\/etev7e.pef.czu.cz\/zs2223\/wp-json\/wp\/v2\/types\/product"}],"replies":[{"embeddable":true,"href":"https:\/\/etev7e.pef.czu.cz\/zs2223\/wp-json\/wp\/v2\/comments?post=5733"}],"wp:featuredmedia":[{"embeddable":true,"href":"https:\/\/etev7e.pef.czu.cz\/zs2223\/wp-json\/wp\/v2\/media\/5760"}],"wp:attachment":[{"href":"https:\/\/etev7e.pef.czu.cz\/zs2223\/wp-json\/wp\/v2\/media?parent=5733"}],"wp:term":[{"taxonomy":"product_brand","embeddable":true,"href":"https:\/\/etev7e.pef.czu.cz\/zs2223\/wp-json\/wp\/v2\/product_brand?post=5733"},{"taxonomy":"product_cat","embeddable":true,"href":"https:\/\/etev7e.pef.czu.cz\/zs2223\/wp-json\/wp\/v2\/product_cat?post=5733"},{"taxonomy":"product_tag","embeddable":true,"href":"https:\/\/etev7e.pef.czu.cz\/zs2223\/wp-json\/wp\/v2\/product_tag?post=5733"}],"curies":[{"name":"wp","href":"https:\/\/api.w.org\/{rel}","templated":true}]}}