{"id":5744,"date":"2024-11-13T22:39:44","date_gmt":"2024-11-13T21:39:44","guid":{"rendered":"https:\/\/etev7e.pef.czu.cz\/zs2223\/?post_type=product&#038;p=5744"},"modified":"2024-11-13T22:39:44","modified_gmt":"2024-11-13T21:39:44","slug":"propiska-elegance","status":"publish","type":"product","link":"https:\/\/etev7e.pef.czu.cz\/zs2223\/produkt\/propiska-elegance\/","title":{"rendered":"Propiska Elegance"},"content":{"rendered":"<p>Elegantn\u00ed minimalistick\u00e1 propiska v b\u00edl\u00e9 barv\u011b je ide\u00e1ln\u00edm dopl\u0148kem pro ka\u017edodenn\u00ed psan\u00ed. D\u00edky sv\u00e9mu jednoduch\u00e9mu designu a pohodln\u00e9mu \u00fachopu se hod\u00ed, jak do kancel\u00e1\u0159e, tak i na cesty. Psac\u00ed pot\u0159eba, kter\u00e1 spojuje styl a funk\u010dnost.<\/p>\n","protected":false},"excerpt":{"rendered":"<p>Elegantn\u00ed minimalistick\u00e1 propiska v b\u00edl\u00e9 barv\u011b je ide\u00e1ln\u00edm dopl\u0148kem pro ka\u017edodenn\u00ed psan\u00ed. D\u00edky sv\u00e9mu jednoduch\u00e9mu designu a pohodln\u00e9mu \u00fachopu se hod\u00ed, jak do kancel\u00e1\u0159e, tak i na cesty. Psac\u00ed pot\u0159eba, kter\u00e1 spojuje styl a funk\u010dnost.<\/p>\n","protected":false},"featured_media":5745,"comment_status":"open","ping_status":"closed","template":"","meta":[],"product_brand":[],"product_cat":[1725],"product_tag":[1774,1771,1773,1760,1772],"class_list":{"0":"post-5744","1":"product","2":"type-product","3":"status-publish","4":"has-post-thumbnail","6":"product_cat-skolni-potreby","7":"product_tag-pero","8":"product_tag-propiska","9":"product_tag-psaci-potreby","10":"product_tag-skolni-potreby","11":"product_tag-tuzka","13":"first","14":"instock","15":"taxable","16":"shipping-taxable","17":"purchasable","18":"product-type-simple"},"jetpack_sharing_enabled":true,"_links":{"self":[{"href":"https:\/\/etev7e.pef.czu.cz\/zs2223\/wp-json\/wp\/v2\/product\/5744","targetHints":{"allow":["GET"]}}],"collection":[{"href":"https:\/\/etev7e.pef.czu.cz\/zs2223\/wp-json\/wp\/v2\/product"}],"about":[{"href":"https:\/\/etev7e.pef.czu.cz\/zs2223\/wp-json\/wp\/v2\/types\/product"}],"replies":[{"embeddable":true,"href":"https:\/\/etev7e.pef.czu.cz\/zs2223\/wp-json\/wp\/v2\/comments?post=5744"}],"wp:featuredmedia":[{"embeddable":true,"href":"https:\/\/etev7e.pef.czu.cz\/zs2223\/wp-json\/wp\/v2\/media\/5745"}],"wp:attachment":[{"href":"https:\/\/etev7e.pef.czu.cz\/zs2223\/wp-json\/wp\/v2\/media?parent=5744"}],"wp:term":[{"taxonomy":"product_brand","embeddable":true,"href":"https:\/\/etev7e.pef.czu.cz\/zs2223\/wp-json\/wp\/v2\/product_brand?post=5744"},{"taxonomy":"product_cat","embeddable":true,"href":"https:\/\/etev7e.pef.czu.cz\/zs2223\/wp-json\/wp\/v2\/product_cat?post=5744"},{"taxonomy":"product_tag","embeddable":true,"href":"https:\/\/etev7e.pef.czu.cz\/zs2223\/wp-json\/wp\/v2\/product_tag?post=5744"}],"curies":[{"name":"wp","href":"https:\/\/api.w.org\/{rel}","templated":true}]}}