{"id":5746,"date":"2024-11-13T22:39:21","date_gmt":"2024-11-13T21:39:21","guid":{"rendered":"https:\/\/etev7e.pef.czu.cz\/zs2223\/?post_type=product&#038;p=5746"},"modified":"2024-11-13T22:39:21","modified_gmt":"2024-11-13T21:39:21","slug":"mesicni-planovac-romantic","status":"publish","type":"product","link":"https:\/\/etev7e.pef.czu.cz\/zs2223\/produkt\/mesicni-planovac-romantic\/","title":{"rendered":"M\u011bs\u00ed\u010dn\u00ed pl\u00e1nova\u010d Romantic"},"content":{"rendered":"<p>M\u011bjte sv\u016fj m\u011bs\u00edc dokonale zorganizovan\u00fd s praktick\u00fdm trhac\u00edm blokem ve form\u00e1tu A5. Tento pl\u00e1nova\u010d obsahuje 50 list\u016f, na kter\u00fdch si snadno napl\u00e1nujete sv\u00e9 m\u011bs\u00ed\u010dn\u00ed c\u00edle, \u00fakoly a ud\u00e1losti. Ide\u00e1ln\u00ed pro ka\u017edodenn\u00ed pou\u017eit\u00ed doma i v kancel\u00e1\u0159i.<\/p>\n","protected":false},"excerpt":{"rendered":"<p>Stylov\u00fd a funk\u010dn\u00ed pl\u00e1nova\u010d, kter\u00fd v\u00e1m pom\u016f\u017ee udr\u017eet p\u0159ehled o va\u0161ich povinnostech ka\u017ed\u00fd m\u011bs\u00edc.<\/p>\n","protected":false},"featured_media":5748,"comment_status":"open","ping_status":"closed","template":"","meta":[],"product_brand":[],"product_cat":[1725],"product_tag":[1768,1776,1769,1760,1775],"class_list":{"0":"post-5746","1":"product","2":"type-product","3":"status-publish","4":"has-post-thumbnail","6":"product_cat-skolni-potreby","7":"product_tag-diar","8":"product_tag-mesicni-planovac","9":"product_tag-planovac","10":"product_tag-skolni-potreby","11":"product_tag-trhaci-blok","13":"first","14":"instock","15":"taxable","16":"shipping-taxable","17":"purchasable","18":"product-type-simple"},"jetpack_sharing_enabled":true,"_links":{"self":[{"href":"https:\/\/etev7e.pef.czu.cz\/zs2223\/wp-json\/wp\/v2\/product\/5746","targetHints":{"allow":["GET"]}}],"collection":[{"href":"https:\/\/etev7e.pef.czu.cz\/zs2223\/wp-json\/wp\/v2\/product"}],"about":[{"href":"https:\/\/etev7e.pef.czu.cz\/zs2223\/wp-json\/wp\/v2\/types\/product"}],"replies":[{"embeddable":true,"href":"https:\/\/etev7e.pef.czu.cz\/zs2223\/wp-json\/wp\/v2\/comments?post=5746"}],"wp:featuredmedia":[{"embeddable":true,"href":"https:\/\/etev7e.pef.czu.cz\/zs2223\/wp-json\/wp\/v2\/media\/5748"}],"wp:attachment":[{"href":"https:\/\/etev7e.pef.czu.cz\/zs2223\/wp-json\/wp\/v2\/media?parent=5746"}],"wp:term":[{"taxonomy":"product_brand","embeddable":true,"href":"https:\/\/etev7e.pef.czu.cz\/zs2223\/wp-json\/wp\/v2\/product_brand?post=5746"},{"taxonomy":"product_cat","embeddable":true,"href":"https:\/\/etev7e.pef.czu.cz\/zs2223\/wp-json\/wp\/v2\/product_cat?post=5746"},{"taxonomy":"product_tag","embeddable":true,"href":"https:\/\/etev7e.pef.czu.cz\/zs2223\/wp-json\/wp\/v2\/product_tag?post=5746"}],"curies":[{"name":"wp","href":"https:\/\/api.w.org\/{rel}","templated":true}]}}