{"id":5749,"date":"2024-11-13T22:40:32","date_gmt":"2024-11-13T21:40:32","guid":{"rendered":"https:\/\/etev7e.pef.czu.cz\/zs2223\/?post_type=product&#038;p=5749"},"modified":"2024-11-13T22:40:32","modified_gmt":"2024-11-13T21:40:32","slug":"zapisnik-a4-pink-dots","status":"publish","type":"product","link":"https:\/\/etev7e.pef.czu.cz\/zs2223\/produkt\/zapisnik-a4-pink-dots\/","title":{"rendered":"Z\u00e1pisn\u00edk A4 Pink dots"},"content":{"rendered":"<p id=\"yui_3_17_2_1_1731441439864_47\">Elegantn\u00ed z\u00e1pisn\u00edk ve form\u00e1tu A4 s m\u011bkk\u00fdmi deskami, ide\u00e1ln\u00ed pro ka\u017edodenn\u00ed pozn\u00e1mky, kreativn\u00ed n\u00e1pady nebo pracovn\u00ed z\u00e1znamy. M\u016f\u017eete si vybrat ze t\u0159\u00ed r\u016fzn\u00fdch variant vnit\u0159n\u00edch list\u016f:\u00a0<b id=\"yui_3_17_2_1_1731441439864_34\">linkovan\u00e9<\/b>,\u00a0<b>te\u010dkovan\u00e9<\/b>\u00a0nebo\u00a0<b>pr\u00e1zdn\u00e9<\/b>, podle va\u0161ich preferenc\u00ed. Tento z\u00e1pisn\u00edk nab\u00edz\u00ed kvalitn\u00ed krou\u017ekovou vazbu a celkem\u00a0<b>90 stran<\/b>.<\/p>\n","protected":false},"excerpt":{"rendered":"<p>Tento stylov\u00fd a praktick\u00fd z\u00e1pisn\u00edk je ide\u00e1ln\u00ed volbou pro ka\u017ed\u00e9ho, kdo ocen\u00ed kvalitn\u00ed \u010deskou v\u00fdrobu.<\/p>\n","protected":false},"featured_media":5759,"comment_status":"open","ping_status":"closed","template":"","meta":[],"product_brand":[],"product_cat":[1725],"product_tag":[1767,1759,1760,1764,536],"class_list":{"0":"post-5749","1":"product","2":"type-product","3":"status-publish","4":"has-post-thumbnail","6":"product_cat-skolni-potreby","7":"product_tag-poznamky","8":"product_tag-sesit","9":"product_tag-skolni-potreby","10":"product_tag-zapisky","11":"product_tag-zapisnik","13":"first","14":"instock","15":"taxable","16":"shipping-taxable","17":"purchasable","18":"product-type-variable"},"jetpack_sharing_enabled":true,"_links":{"self":[{"href":"https:\/\/etev7e.pef.czu.cz\/zs2223\/wp-json\/wp\/v2\/product\/5749","targetHints":{"allow":["GET"]}}],"collection":[{"href":"https:\/\/etev7e.pef.czu.cz\/zs2223\/wp-json\/wp\/v2\/product"}],"about":[{"href":"https:\/\/etev7e.pef.czu.cz\/zs2223\/wp-json\/wp\/v2\/types\/product"}],"replies":[{"embeddable":true,"href":"https:\/\/etev7e.pef.czu.cz\/zs2223\/wp-json\/wp\/v2\/comments?post=5749"}],"wp:featuredmedia":[{"embeddable":true,"href":"https:\/\/etev7e.pef.czu.cz\/zs2223\/wp-json\/wp\/v2\/media\/5759"}],"wp:attachment":[{"href":"https:\/\/etev7e.pef.czu.cz\/zs2223\/wp-json\/wp\/v2\/media?parent=5749"}],"wp:term":[{"taxonomy":"product_brand","embeddable":true,"href":"https:\/\/etev7e.pef.czu.cz\/zs2223\/wp-json\/wp\/v2\/product_brand?post=5749"},{"taxonomy":"product_cat","embeddable":true,"href":"https:\/\/etev7e.pef.czu.cz\/zs2223\/wp-json\/wp\/v2\/product_cat?post=5749"},{"taxonomy":"product_tag","embeddable":true,"href":"https:\/\/etev7e.pef.czu.cz\/zs2223\/wp-json\/wp\/v2\/product_tag?post=5749"}],"curies":[{"name":"wp","href":"https:\/\/api.w.org\/{rel}","templated":true}]}}