{"id":5751,"date":"2024-11-13T22:39:58","date_gmt":"2024-11-13T21:39:58","guid":{"rendered":"https:\/\/etev7e.pef.czu.cz\/zs2223\/?post_type=product&#038;p=5751"},"modified":"2024-11-13T22:39:58","modified_gmt":"2024-11-13T21:39:58","slug":"krouzkovy-diar-a6-2025-garden","status":"publish","type":"product","link":"https:\/\/etev7e.pef.czu.cz\/zs2223\/produkt\/krouzkovy-diar-a6-2025-garden\/","title":{"rendered":"Krou\u017ekov\u00fd di\u00e1\u0159 A6 2025 Garden"},"content":{"rendered":"<p id=\"yui_3_17_2_1_1731441439864_47\">Luxusn\u00ed krou\u017ekov\u00fd di\u00e1\u0159 A6 pro rok 2025 v designu Garden, je nejen stylov\u00fd, ale i praktick\u00fd. Di\u00e1\u0159 je mo\u017en\u00e9 personalizovat va\u0161imi inici\u00e1ly nebo jm\u00e9nem. <u>Kl\u00ed\u010dov\u00e9 vlastnosti di\u00e1\u0159e:<\/u><\/p>\n<p>\u00b7\u00a0\u00a0\u00a0\u00a0\u00a0\u00a0 12m\u011bs\u00ed\u010dn\u00ed pl\u00e1nov\u00e1n\u00ed s \u010desk\u00fdmi sv\u00e1tky a jmeninami.<\/p>\n<p>\u00b7\u00a0\u00a0\u00a0\u00a0\u00a0\u00a0 Ro\u010dn\u00ed p\u0159ehledy, v\u00fdzva &#8222;100 day challenge&#8220;, mapa sv\u011bta a seznamy knih, film\u016f a d\u00e1rk\u016f, kter\u00e9 si p\u0159ejete zapsat.<\/p>\n<p>\u00b7\u00a0\u00a0\u00a0\u00a0\u00a0\u00a0 12 inspirativn\u00edch cit\u00e1t\u016f slavn\u00fdch osobnost\u00ed.<\/p>\n<p>\u00b7\u00a0\u00a0\u00a0\u00a0\u00a0\u00a0 Praktick\u00e9 str\u00e1nky na pozn\u00e1mky na konci di\u00e1\u0159e.<\/p>\n<p>\u00b7\u00a0\u00a0\u00a0\u00a0\u00a0\u00a0 V\u00fdseky s \u010d\u00edsly m\u011bs\u00edc\u016f na okraj\u00edch str\u00e1nek pro rychlou orientaci.<\/p>\n<p>\u00b7\u00a0\u00a0\u00a0\u00a0\u00a0\u00a0 Metalick\u00e1 ra\u017eba pro elegantn\u00ed a luxusn\u00ed vzhled.<\/p>\n<p>\u00b7\u00a0\u00a0\u00a0\u00a0\u00a0\u00a0 Uzav\u00edr\u00e1n\u00ed na gumi\u010dku pro bezpe\u010dn\u00e9 uchov\u00e1n\u00ed va\u0161ich pl\u00e1n\u016f<\/p>\n","protected":false},"excerpt":{"rendered":"<p>ento di\u00e1\u0159 je ide\u00e1ln\u00ed spole\u010dn\u00edk pro ka\u017ed\u00e9ho, kdo hled\u00e1 spojen\u00ed prakti\u010dnosti a stylu v jednom balen\u00ed.<\/p>\n","protected":false},"featured_media":5752,"comment_status":"open","ping_status":"closed","template":"","meta":[],"product_brand":[],"product_cat":[1725],"product_tag":[1768,1769,1770,1767,1760],"class_list":{"0":"post-5751","1":"product","2":"type-product","3":"status-publish","4":"has-post-thumbnail","6":"product_cat-skolni-potreby","7":"product_tag-diar","8":"product_tag-planovac","9":"product_tag-planovani","10":"product_tag-poznamky","11":"product_tag-skolni-potreby","13":"first","14":"instock","15":"taxable","16":"shipping-taxable","17":"purchasable","18":"product-type-simple"},"jetpack_sharing_enabled":true,"_links":{"self":[{"href":"https:\/\/etev7e.pef.czu.cz\/zs2223\/wp-json\/wp\/v2\/product\/5751","targetHints":{"allow":["GET"]}}],"collection":[{"href":"https:\/\/etev7e.pef.czu.cz\/zs2223\/wp-json\/wp\/v2\/product"}],"about":[{"href":"https:\/\/etev7e.pef.czu.cz\/zs2223\/wp-json\/wp\/v2\/types\/product"}],"replies":[{"embeddable":true,"href":"https:\/\/etev7e.pef.czu.cz\/zs2223\/wp-json\/wp\/v2\/comments?post=5751"}],"wp:featuredmedia":[{"embeddable":true,"href":"https:\/\/etev7e.pef.czu.cz\/zs2223\/wp-json\/wp\/v2\/media\/5752"}],"wp:attachment":[{"href":"https:\/\/etev7e.pef.czu.cz\/zs2223\/wp-json\/wp\/v2\/media?parent=5751"}],"wp:term":[{"taxonomy":"product_brand","embeddable":true,"href":"https:\/\/etev7e.pef.czu.cz\/zs2223\/wp-json\/wp\/v2\/product_brand?post=5751"},{"taxonomy":"product_cat","embeddable":true,"href":"https:\/\/etev7e.pef.czu.cz\/zs2223\/wp-json\/wp\/v2\/product_cat?post=5751"},{"taxonomy":"product_tag","embeddable":true,"href":"https:\/\/etev7e.pef.czu.cz\/zs2223\/wp-json\/wp\/v2\/product_tag?post=5751"}],"curies":[{"name":"wp","href":"https:\/\/api.w.org\/{rel}","templated":true}]}}