{"id":5797,"date":"2024-11-13T19:19:09","date_gmt":"2024-11-13T18:19:09","guid":{"rendered":"https:\/\/etev7e.pef.czu.cz\/zs2223\/?post_type=product&#038;p=5797"},"modified":"2024-11-13T19:19:09","modified_gmt":"2024-11-13T18:19:09","slug":"orientalni-kryt","status":"publish","type":"product","link":"https:\/\/etev7e.pef.czu.cz\/zs2223\/produkt\/orientalni-kryt\/","title":{"rendered":"Orient\u00e1ln\u00ed kryt"},"content":{"rendered":"<p>Kryt na mobiln\u00ed telefon s orient\u00e1ln\u00edm vzorem je vyroben z tvrzen\u00e9ho plastu, kter\u00fd V\u00e1\u0161 mobil ochr\u00e1n\u00ed p\u0159ed ka\u017edodenn\u00edm nebezpe\u010d\u00edm v kapse, batohu nebo p\u0159i p\u00e1du. Kryt je vybaven MagSafe prvkem pro snadn\u00e9 bezdr\u00e1tov\u00e9 nab\u00edjen\u00ed mobilu. Z\u00e1rove\u0148 m\u00e1 integrovanou krytku nab\u00edjec\u00edho otvoru.<\/p>\n","protected":false},"excerpt":{"rendered":"<p>Kryt na mobiln\u00ed telefon s orient\u00e1ln\u00edm vzorem.<\/p>\n","protected":false},"featured_media":5795,"comment_status":"open","ping_status":"closed","template":"","meta":[],"product_brand":[],"product_cat":[1757],"product_tag":[894,1758,1450,1632],"class_list":{"0":"post-5797","1":"product","2":"type-product","3":"status-publish","4":"has-post-thumbnail","6":"product_cat-kryty-na-mobilni-telefony","7":"product_tag-kryt-na-mobilni-telefon","8":"product_tag-obal-na-mobil","9":"product_tag-prislusenstvi-k-mobilnim-telefonum","10":"product_tag-prislusenstvi-pro-mobilni-telefony","12":"first","13":"instock","14":"sale","15":"taxable","16":"shipping-taxable","17":"purchasable","18":"product-type-simple"},"jetpack_sharing_enabled":true,"_links":{"self":[{"href":"https:\/\/etev7e.pef.czu.cz\/zs2223\/wp-json\/wp\/v2\/product\/5797","targetHints":{"allow":["GET"]}}],"collection":[{"href":"https:\/\/etev7e.pef.czu.cz\/zs2223\/wp-json\/wp\/v2\/product"}],"about":[{"href":"https:\/\/etev7e.pef.czu.cz\/zs2223\/wp-json\/wp\/v2\/types\/product"}],"replies":[{"embeddable":true,"href":"https:\/\/etev7e.pef.czu.cz\/zs2223\/wp-json\/wp\/v2\/comments?post=5797"}],"wp:featuredmedia":[{"embeddable":true,"href":"https:\/\/etev7e.pef.czu.cz\/zs2223\/wp-json\/wp\/v2\/media\/5795"}],"wp:attachment":[{"href":"https:\/\/etev7e.pef.czu.cz\/zs2223\/wp-json\/wp\/v2\/media?parent=5797"}],"wp:term":[{"taxonomy":"product_brand","embeddable":true,"href":"https:\/\/etev7e.pef.czu.cz\/zs2223\/wp-json\/wp\/v2\/product_brand?post=5797"},{"taxonomy":"product_cat","embeddable":true,"href":"https:\/\/etev7e.pef.czu.cz\/zs2223\/wp-json\/wp\/v2\/product_cat?post=5797"},{"taxonomy":"product_tag","embeddable":true,"href":"https:\/\/etev7e.pef.czu.cz\/zs2223\/wp-json\/wp\/v2\/product_tag?post=5797"}],"curies":[{"name":"wp","href":"https:\/\/api.w.org\/{rel}","templated":true}]}}