{"id":5798,"date":"2024-11-13T19:28:38","date_gmt":"2024-11-13T18:28:38","guid":{"rendered":"https:\/\/etev7e.pef.czu.cz\/zs2223\/?post_type=product&#038;p=5798"},"modified":"2024-11-13T19:28:38","modified_gmt":"2024-11-13T18:28:38","slug":"pruhledny-kryt-s-magsafe-sedy","status":"publish","type":"product","link":"https:\/\/etev7e.pef.czu.cz\/zs2223\/produkt\/pruhledny-kryt-s-magsafe-sedy\/","title":{"rendered":"Pr\u016fhledn\u00fd kryt s Magsafe \u0161ed\u00fd"},"content":{"rendered":"<p>Kryt odoln\u00fd a m\u011bkk\u00fd, snadno se nasazuje a sund\u00e1v\u00e1, m\u00e1 zadn\u00ed stranu chr\u00e1n\u00edc\u00ed modul fotomodulu, MagSafe, kompatibiln\u00ed s bezdr\u00e1tov\u00fdm nab\u00edjen\u00edm, displej je chr\u00e1n\u011bn proti po\u0161kr\u00e1b\u00e1n\u00ed,otvor na poutko, v\u00fd\u0159ezy pro konektory a tla\u010d\u00edtka, tlou\u0161\u0165ka 2 mm.<\/p>\n","protected":false},"excerpt":{"rendered":"<p>Pr\u016fhledn\u00fd kryt na mobiln\u00ed telefon s Magsafe.<\/p>\n","protected":false},"featured_media":5799,"comment_status":"open","ping_status":"closed","template":"","meta":[],"product_brand":[],"product_cat":[1757],"product_tag":[894,1758,1632],"class_list":{"0":"post-5798","1":"product","2":"type-product","3":"status-publish","4":"has-post-thumbnail","6":"product_cat-kryty-na-mobilni-telefony","7":"product_tag-kryt-na-mobilni-telefon","8":"product_tag-obal-na-mobil","9":"product_tag-prislusenstvi-pro-mobilni-telefony","11":"first","12":"instock","13":"sale","14":"taxable","15":"shipping-taxable","16":"purchasable","17":"product-type-simple"},"jetpack_sharing_enabled":true,"_links":{"self":[{"href":"https:\/\/etev7e.pef.czu.cz\/zs2223\/wp-json\/wp\/v2\/product\/5798","targetHints":{"allow":["GET"]}}],"collection":[{"href":"https:\/\/etev7e.pef.czu.cz\/zs2223\/wp-json\/wp\/v2\/product"}],"about":[{"href":"https:\/\/etev7e.pef.czu.cz\/zs2223\/wp-json\/wp\/v2\/types\/product"}],"replies":[{"embeddable":true,"href":"https:\/\/etev7e.pef.czu.cz\/zs2223\/wp-json\/wp\/v2\/comments?post=5798"}],"wp:featuredmedia":[{"embeddable":true,"href":"https:\/\/etev7e.pef.czu.cz\/zs2223\/wp-json\/wp\/v2\/media\/5799"}],"wp:attachment":[{"href":"https:\/\/etev7e.pef.czu.cz\/zs2223\/wp-json\/wp\/v2\/media?parent=5798"}],"wp:term":[{"taxonomy":"product_brand","embeddable":true,"href":"https:\/\/etev7e.pef.czu.cz\/zs2223\/wp-json\/wp\/v2\/product_brand?post=5798"},{"taxonomy":"product_cat","embeddable":true,"href":"https:\/\/etev7e.pef.czu.cz\/zs2223\/wp-json\/wp\/v2\/product_cat?post=5798"},{"taxonomy":"product_tag","embeddable":true,"href":"https:\/\/etev7e.pef.czu.cz\/zs2223\/wp-json\/wp\/v2\/product_tag?post=5798"}],"curies":[{"name":"wp","href":"https:\/\/api.w.org\/{rel}","templated":true}]}}