{"id":5800,"date":"2024-11-13T19:40:58","date_gmt":"2024-11-13T18:40:58","guid":{"rendered":"https:\/\/etev7e.pef.czu.cz\/zs2223\/?post_type=product&#038;p=5800"},"modified":"2024-11-13T19:40:58","modified_gmt":"2024-11-13T18:40:58","slug":"pruhledny-kryt-s-cernou-snurkou-na-krk","status":"publish","type":"product","link":"https:\/\/etev7e.pef.czu.cz\/zs2223\/produkt\/pruhledny-kryt-s-cernou-snurkou-na-krk\/","title":{"rendered":"Pr\u016fhledn\u00fd kryt s \u010dernou \u0161\u0148\u016frkou na krk"},"content":{"rendered":"<p>Kryt na mobil FIXED Pure Neck s \u010dernou \u0161\u0148\u016frkou na krk pro Iphone 13 Pro Max je nejen stylov\u00fdm dopl\u0148kem, ale i praktick\u00fdm \u0159e\u0161en\u00edm pro ka\u017edodenn\u00ed no\u0161en\u00ed va\u0161eho telefonu. Tento kryt byl navr\u017een s d\u016frazem na funk\u010dnost, bezpe\u010dnost a estetiku. D\u00edky \u0161\u0148\u016frce na krk nebo p\u0159es rameno budete m\u00edt sv\u016fj telefon v\u017edy po ruce, ani\u017e byste po n\u011bm museli p\u00e1trat ve sv\u00fdch kaps\u00e1ch nebo ta\u0161ce.<\/p>\n","protected":false},"excerpt":{"rendered":"<p>Pr\u016fhledn\u00fd kryt na mobiln\u00ed telefon se \u0161\u0148\u016frkou, pro snadn\u011bj\u0161\u00ed no\u0161en\u00ed.<\/p>\n","protected":false},"featured_media":5801,"comment_status":"open","ping_status":"closed","template":"","meta":[],"product_brand":[],"product_cat":[1757],"product_tag":[889,1758,1450],"class_list":{"0":"post-5800","1":"product","2":"type-product","3":"status-publish","4":"has-post-thumbnail","6":"product_cat-kryty-na-mobilni-telefony","7":"product_tag-kryty-na-mobil","8":"product_tag-obal-na-mobil","9":"product_tag-prislusenstvi-k-mobilnim-telefonum","11":"first","12":"instock","13":"sale","14":"taxable","15":"shipping-taxable","16":"purchasable","17":"product-type-simple"},"jetpack_sharing_enabled":true,"_links":{"self":[{"href":"https:\/\/etev7e.pef.czu.cz\/zs2223\/wp-json\/wp\/v2\/product\/5800","targetHints":{"allow":["GET"]}}],"collection":[{"href":"https:\/\/etev7e.pef.czu.cz\/zs2223\/wp-json\/wp\/v2\/product"}],"about":[{"href":"https:\/\/etev7e.pef.czu.cz\/zs2223\/wp-json\/wp\/v2\/types\/product"}],"replies":[{"embeddable":true,"href":"https:\/\/etev7e.pef.czu.cz\/zs2223\/wp-json\/wp\/v2\/comments?post=5800"}],"wp:featuredmedia":[{"embeddable":true,"href":"https:\/\/etev7e.pef.czu.cz\/zs2223\/wp-json\/wp\/v2\/media\/5801"}],"wp:attachment":[{"href":"https:\/\/etev7e.pef.czu.cz\/zs2223\/wp-json\/wp\/v2\/media?parent=5800"}],"wp:term":[{"taxonomy":"product_brand","embeddable":true,"href":"https:\/\/etev7e.pef.czu.cz\/zs2223\/wp-json\/wp\/v2\/product_brand?post=5800"},{"taxonomy":"product_cat","embeddable":true,"href":"https:\/\/etev7e.pef.czu.cz\/zs2223\/wp-json\/wp\/v2\/product_cat?post=5800"},{"taxonomy":"product_tag","embeddable":true,"href":"https:\/\/etev7e.pef.czu.cz\/zs2223\/wp-json\/wp\/v2\/product_tag?post=5800"}],"curies":[{"name":"wp","href":"https:\/\/api.w.org\/{rel}","templated":true}]}}