{"id":5802,"date":"2024-11-13T19:52:28","date_gmt":"2024-11-13T18:52:28","guid":{"rendered":"https:\/\/etev7e.pef.czu.cz\/zs2223\/?post_type=product&#038;p=5802"},"modified":"2024-11-13T19:52:28","modified_gmt":"2024-11-13T18:52:28","slug":"stylcase","status":"publish","type":"product","link":"https:\/\/etev7e.pef.czu.cz\/zs2223\/produkt\/stylcase\/","title":{"rendered":"StylCase"},"content":{"rendered":"<p>StylCase je v\u00edce ne\u017e jen ochrana. Prom\u011b\u0148te sv\u016fj telefon v m\u00f3dn\u00ed dopln\u011bk s t\u00edmto luxusn\u00edm a odoln\u00fdm krytem. Navr\u017een pro ty, kte\u0159\u00ed hledaj\u00ed styl i funk\u010dnost, n\u00e1\u0161 kryt chr\u00e1n\u00ed v\u00e1\u0161 telefon p\u0159ed \u0161kr\u00e1banci, p\u00e1dy a ka\u017edodenn\u00edm opot\u0159eben\u00edm, ani\u017e by omezoval p\u0159\u00edstup k port\u016fm a tla\u010d\u00edtk\u016fm. Je lehk\u00fd, tenk\u00fd a jeho precizn\u00ed zpracov\u00e1n\u00ed zaji\u0161\u0165uje perfektn\u00ed p\u0159il\u00e9havost k va\u0161emu telefonu. Vyberte si sv\u016fj obl\u00edben\u00fd design a bu\u010fte v\u017edy o krok nap\u0159ed s nejnov\u011bj\u0161\u00edmi trendy.\u201c<\/p>\n","protected":false},"excerpt":{"rendered":"<p>Kryt na mobiln\u00ed telefon, kter\u00fd nejen mobil ochr\u00e1n\u00ed ale vytvo\u0159\u00ed z n\u011bj tak\u00e9 luxusn\u00ed dopln\u011bk.<\/p>\n","protected":false},"featured_media":5804,"comment_status":"open","ping_status":"closed","template":"","meta":[],"product_brand":[],"product_cat":[1757],"product_tag":[894,1758,1450],"class_list":{"0":"post-5802","1":"product","2":"type-product","3":"status-publish","4":"has-post-thumbnail","6":"product_cat-kryty-na-mobilni-telefony","7":"product_tag-kryt-na-mobilni-telefon","8":"product_tag-obal-na-mobil","9":"product_tag-prislusenstvi-k-mobilnim-telefonum","11":"first","12":"instock","13":"sale","14":"taxable","15":"shipping-taxable","16":"purchasable","17":"product-type-simple"},"jetpack_sharing_enabled":true,"_links":{"self":[{"href":"https:\/\/etev7e.pef.czu.cz\/zs2223\/wp-json\/wp\/v2\/product\/5802","targetHints":{"allow":["GET"]}}],"collection":[{"href":"https:\/\/etev7e.pef.czu.cz\/zs2223\/wp-json\/wp\/v2\/product"}],"about":[{"href":"https:\/\/etev7e.pef.czu.cz\/zs2223\/wp-json\/wp\/v2\/types\/product"}],"replies":[{"embeddable":true,"href":"https:\/\/etev7e.pef.czu.cz\/zs2223\/wp-json\/wp\/v2\/comments?post=5802"}],"wp:featuredmedia":[{"embeddable":true,"href":"https:\/\/etev7e.pef.czu.cz\/zs2223\/wp-json\/wp\/v2\/media\/5804"}],"wp:attachment":[{"href":"https:\/\/etev7e.pef.czu.cz\/zs2223\/wp-json\/wp\/v2\/media?parent=5802"}],"wp:term":[{"taxonomy":"product_brand","embeddable":true,"href":"https:\/\/etev7e.pef.czu.cz\/zs2223\/wp-json\/wp\/v2\/product_brand?post=5802"},{"taxonomy":"product_cat","embeddable":true,"href":"https:\/\/etev7e.pef.czu.cz\/zs2223\/wp-json\/wp\/v2\/product_cat?post=5802"},{"taxonomy":"product_tag","embeddable":true,"href":"https:\/\/etev7e.pef.czu.cz\/zs2223\/wp-json\/wp\/v2\/product_tag?post=5802"}],"curies":[{"name":"wp","href":"https:\/\/api.w.org\/{rel}","templated":true}]}}